{"id":6129,"date":"2019-02-22T17:04:09","date_gmt":"2019-02-22T17:04:09","guid":{"rendered":"https:\/\/miminhosritacatita.com\/?post_type=product&#038;p=6129"},"modified":"2024-11-21T17:39:22","modified_gmt":"2024-11-21T17:39:22","slug":"presente-bodas-prata-fotos-13x17","status":"publish","type":"product","link":"https:\/\/miminhosritacatita.com\/fr\/bodas\/bodas-de-prata\/prendas-para-bodas-de-prata\/presente-bodas-prata-fotos-13x17\/","title":{"rendered":"Presente Bodas Prata Fotos-13&#215;17"},"content":{"rendered":"<h1>Presente Bodas Prata Fotos-13&#215;17<\/h1>\n<p>Presente Bodas Prata Fotos-13&#215;17<\/p>\n<p>Le jubil\u00e9 d'argent est une c\u00e9l\u00e9bration tr\u00e8s importante qui arrive \u00e0 grands pas. Nous sommes convaincus qu'il s'agit d'une raison de faire la f\u00eate.<\/p>\n<p>Todos temos uma hist\u00f3ria. E, n\u00f3s suspeitamos de que o<strong> Presente Bodas Prata Fotos-13&#215;17<\/strong>\u00e9 um bom pretexto para (nos) contar a sua!<\/p>\n<p>Todos os detalhes contam, desde o namoro, \u00e0 data do casamento, at\u00e9 \u00e0 lista de convidados!\u00a0 Porque vamos j\u00e1 come\u00e7ar a preparar as Bodas mais doces de sempre.<\/p>\n<p>Entendemos que o m\u00e9rito pelas Bodas de Prata \u00e9 seu, mas que a miss\u00e3o \u00e9 nossa. E, por isso, criamos produtos \u00fanicos e adaptados ao gosto de cada cliente, cumprindo sempre com a qualidade e perfei\u00e7\u00e3o e bom gosto.<\/p>\n<p>Feitos com amor, as nossas prendas de Bodas de Prata s\u00e3o feitas para cada cliente.<\/p>\n<h2>O nosso Presente Bodas Prata Fotos-13&#215;17<\/h2>\n<p>Au moment de se marier, tous les couples ont une histoire. Et chez Miminhos, nous savons que les souvenirs sont une bonne excuse pour raconter la v\u00f4tre !<\/p>\n<p>Fabriqu\u00e9s avec amour, les cadeaux sont faits pour chaque client, une id\u00e9e qui d\u00e9coule des d\u00e9tails de leur histoire. Alors, racontons-la telle qu'elle est, avec leurs propres mots.<\/p>\n<p>Nous avons donc des souvenirs de toutes les formes, de toutes les couleurs, de toutes les mati\u00e8res et \u00e0 tous les prix. De plus, nos cadeaux sont fabriqu\u00e9s ici, ce qui nous permet de ma\u00eetriser les d\u00e9lais de production.<\/p>\n<p>Compre j\u00e1 na Loja Online da Miminhos os produtos que far\u00e3o da sua festa, a melhor. Dos quais, Convites de Bodas Prata, Lembran\u00e7as para Bodas de Prata, prendas para Bodas de Prata, Porta Alian\u00e7as e Livros de Honra.<\/p>\n<ul>\n<li>Et aussi des pancartes, des bo\u00eetes \u00e0 enveloppes, des marqueurs de table, des menus et des paniers.<\/li>\n<\/ul>\n<p class=\"font_3\">Portanto, inspire-se no nosso trabalho e tenha j\u00e1 mais ideias de Bodas, desde as mais simples, \u00e0s mais elegantes e mais formais, at\u00e9 aos mais divertidos.<\/p>\n<p class=\"font_2\">Assim, combine j\u00e1 o design do seu presente de Bodas de Prata com o ambiente que quer apresentar aos seus convidados no dia.<\/p>\n<p class=\"font_3\">Portanto, veja j\u00e1, em baixo alguns tipos de Presente Bodas Prata Fotos-13&#215;17\u00a0criadas na loja da Miminhos.\u200b<\/p>\n<p><strong>Voir aussi : <a href=\"https:\/\/miminhosritacatita.com\/fr\/categorie-produit\/noces-dargent\/convites-bodas-de-prata\/\">Convites p\/ 25 anos de casados<\/a><\/strong><\/p>\n<p><strong>Visitez notre <a href=\"https:\/\/www.instagram.com\/miminhos.rita.catita\/\" target=\"_blank\" rel=\"noopener\">Instagram<\/a><\/strong><\/p>","protected":false},"excerpt":{"rendered":"<p>Presente Bodas Prata Fotos-13&#215;17<\/p>\n<p>Material da moldura: Prata<\/p>\n<p>Inclui Caixa de Cart\u00e3o<\/p>\n<p>Une excellente id\u00e9e pour rendre votre journ\u00e9e encore plus m\u00e9morable et unique !<\/p>","protected":false},"featured_media":41862,"template":"","meta":[],"product_brand":[],"product_cat":[843],"product_tag":[],"class_list":{"0":"post-6129","1":"product","2":"type-product","3":"status-publish","4":"has-post-thumbnail","6":"product_cat-prendas-para-bodas-de-prata","8":"first","9":"instock","10":"taxable","11":"shipping-taxable","12":"purchasable","13":"product-type-simple"},"_links":{"self":[{"href":"https:\/\/miminhosritacatita.com\/fr\/wp-json\/wp\/v2\/product\/6129","targetHints":{"allow":["GET"]}}],"collection":[{"href":"https:\/\/miminhosritacatita.com\/fr\/wp-json\/wp\/v2\/product"}],"about":[{"href":"https:\/\/miminhosritacatita.com\/fr\/wp-json\/wp\/v2\/types\/product"}],"wp:featuredmedia":[{"embeddable":true,"href":"https:\/\/miminhosritacatita.com\/fr\/wp-json\/wp\/v2\/media\/41862"}],"wp:attachment":[{"href":"https:\/\/miminhosritacatita.com\/fr\/wp-json\/wp\/v2\/media?parent=6129"}],"wp:term":[{"taxonomy":"product_brand","embeddable":true,"href":"https:\/\/miminhosritacatita.com\/fr\/wp-json\/wp\/v2\/product_brand?post=6129"},{"taxonomy":"product_cat","embeddable":true,"href":"https:\/\/miminhosritacatita.com\/fr\/wp-json\/wp\/v2\/product_cat?post=6129"},{"taxonomy":"product_tag","embeddable":true,"href":"https:\/\/miminhosritacatita.com\/fr\/wp-json\/wp\/v2\/product_tag?post=6129"}],"curies":[{"name":"wp","href":"https:\/\/api.w.org\/{rel}","templated":true}]}}