{"id":59869,"date":"2024-06-05T16:38:56","date_gmt":"2024-06-05T16:38:56","guid":{"rendered":"https:\/\/miminhosritacatita.com\/?post_type=product&#038;p=59869"},"modified":"2026-03-27T12:07:58","modified_gmt":"2026-03-27T12:07:58","slug":"modulos-casais-organizador-casamentos","status":"publish","type":"product","link":"https:\/\/miminhosritacatita.com\/fr\/agendas\/agenda-profissional-wedding-planners\/modulos-casais-organizador-casamentos\/","title":{"rendered":"M\u00f3dulos Casais Organizador Casamentos"},"content":{"rendered":"<h1>M\u00f3dulos Casais Organizador Casamentos<\/h1>\n<p>M\u00f3dulos Casais Organizador Casamentos<\/p>\n<p>Bienvenue dans la nouvelle \u00e8re de l'organisation des mariages ! A\u00a0<strong>Agendas professionnels pour les organisateurs de mariages<\/strong> est un outil essentiel pour les professionnels qui transforment les r\u00eaves en r\u00e9alit\u00e9.<\/p>\n<p>Gr\u00e2ce \u00e0 sa conception intelligente et \u00e0 ses fonctionnalit\u00e9s innovantes, ce planificateur est con\u00e7u pour faciliter le travail des organisateurs de mariage.<\/p>\n<h2>Agendas professionnels pour les organisateurs de mariages<\/h2>\n<p><strong>Caract\u00e9ristiques principales :<\/strong><\/p>\n<p><strong>Format A5 :<\/strong> Compact et portable, l'agenda se glisse facilement dans un sac \u00e0 main ou un sac \u00e0 dos, ce qui permet aux organisateurs de mariages de l'emporter avec eux lors de r\u00e9unions, de visites de fournisseurs et d'\u00e9v\u00e9nements.<\/p>\n<p><strong>Deux ann\u00e9es de planification :<\/strong> Avec une vue hebdomadaire, l'agenda couvre deux ann\u00e9es enti\u00e8res, ce qui permet de n'oublier aucun d\u00e9tail. Toutefois, chaque semaine est divis\u00e9e en sections pour faciliter le suivi des t\u00e2ches.<\/p>\n<p><strong>Syst\u00e8me d'\u0153illets :<\/strong> Les anneaux permettent d'ajouter et de retirer des modules selon les besoins. La flexibilit\u00e9 est donc le mot cl\u00e9. Vous pouvez personnaliser l'agenda en fonction de chaque mariage.<\/p>\n<h3><strong>Module pour les couples :<br \/>\n<\/strong><\/h3>\n<ul>\n<li><strong>D\u00e9corations :<\/strong> Prenez donc note des id\u00e9es cr\u00e9atives pour la d\u00e9coration de la c\u00e9r\u00e9monie et de la r\u00e9ception.<\/li>\n<li><strong>Restrictions alimentaires :<\/strong> Prenez donc note des pr\u00e9f\u00e9rences alimentaires des mari\u00e9s et de leurs invit\u00e9s.<\/li>\n<li><strong>Calendrier :<\/strong>\u00a0D\u00e9taillez chaque \u00e9tape du grand jour, des pr\u00e9paratifs \u00e0 la f\u00eate.<\/li>\n<li><strong>Liste de contr\u00f4le :<\/strong> Ne laissez rien au hasard ! Dressez donc la liste de toutes les t\u00e2ches \u00e0 accomplir.<\/li>\n<\/ul>\n<p>&nbsp;<\/p>\n<ul>\n<li><strong>Liste des invit\u00e9s :<\/strong>\u00a0Gardez une trace des personnes qui seront pr\u00e9sentes.<\/li>\n<li><strong>Organisateur des d\u00e9penses :<\/strong> Enregistrer les budgets, les paiements et les d\u00e9penses connexes.<\/li>\n<li><strong>Espace pour l'organisation des tables :<\/strong> Pr\u00e9voir la disposition des invit\u00e9s \u00e0 la r\u00e9ception.<\/li>\n<li><strong>Feuille pour notes et croquis :<\/strong>\u00a0Id\u00e9al pour les r\u00e9unions avec les mari\u00e9s. Dessinez, annotez et effacez si n\u00e9cessaire.<\/li>\n<\/ul>\n<p>&nbsp;<\/p>\n<p><strong>Stylo en ac\u00e9tate inclus :<\/strong> C'est pourquoi il est livr\u00e9 avec un stylo sp\u00e9cial pour \u00e9crire et effacer sur la feuille d\u00e9di\u00e9e aux croquis.<\/p>\n<p><strong>Huit modules, huit mariages :<\/strong> Avec huit modules, vous pouvez organiser jusqu'\u00e0 huit mariages simultan\u00e9ment. Chaque module dispose d'un onglet pour faciliter la navigation.<\/p>\n<p><strong>Poche int\u00e9rieure :<\/strong> Vous pouvez donc y conserver des documents importants, des cartes de visite et des notes compl\u00e9mentaires.<\/p>\n<p><strong>Couverture lamin\u00e9e et lavable :<\/strong> La housse durable prot\u00e8ge l'agenda de l'usure et des taches. Vous pourrez ainsi l'utiliser pendant des ann\u00e9es.<\/p>\n<p><strong>Modules annuels :<\/strong> Vous pouvez donc ajouter des ann\u00e9es \u00e0 votre agenda de Wedding Planner professionnel au fur et \u00e0 mesure que vous en avez besoin, sans avoir \u00e0 acheter un nouvel agenda.<\/p>\n<p><strong>Vue annuelle : <\/strong>La vue annuelle vous donne une id\u00e9e plus claire et plus rapide des \u00e9v\u00e9nements \u00e0 organiser et des jours occup\u00e9s.<\/p>\n<h4>Enfin, que vous soyez un organisateur de mariages exp\u00e9riment\u00e9 ou que vous d\u00e9butiez dans cette carri\u00e8re passionnante, nous avons tout ce qu'il vous faut. <strong>Agendas professionnels pour les organisateurs de mariages<\/strong> est votre alli\u00e9 id\u00e9al.<\/h4>\n<p>Enfin, nous transformons les d\u00e9tails en moments inoubliables et faisons partie du voyage d'amour de chaque couple.<\/p>\n<p>&nbsp;<\/p>\n<p><strong>Voir aussi :<\/strong><a href=\"https:\/\/miminhosritacatita.com\/fr\/produit\/topo-de-bolo-acrilico-impresso\/\"> Dessus de g\u00e2teau<\/a><\/p>\n<p><strong>Visitez notre Facebook :<\/strong> <a href=\"https:\/\/www.facebook.com\/pg\/miminhos.ritacatita\/photos\/?tab=albums\" target=\"_blank\" rel=\"noopener\">C\u00e2lins Rita Catita<\/a><\/p>","protected":false},"excerpt":{"rendered":"<p>M\u00f3dulos Casais Organizador Casamentos<\/p>\n<p>Na nossa Agenda para wedding planners \u00e9 poss\u00edvel comprar apenas m\u00f3dulos de casais, neste valor est\u00e3o inclu\u00eddos 4 m\u00f3dulos com respetivo separador.<\/p>\n<p>Dimensions : A5<\/p>\n<p>M\u00f3dulos de Casais Inclu\u00eddos: 4un<\/p>\n<p>&nbsp;<\/p>\n<p>&nbsp;<\/p>\n<p>&nbsp;<\/p>","protected":false},"featured_media":59870,"template":"","meta":[],"product_brand":[],"product_cat":[1096,1216],"product_tag":[],"class_list":{"0":"post-59869","1":"product","2":"type-product","3":"status-publish","4":"has-post-thumbnail","6":"product_cat-agendas","7":"product_cat-agenda-profissional-wedding-planners","9":"first","10":"instock","11":"featured","12":"taxable","13":"shipping-taxable","14":"purchasable","15":"product-type-simple"},"_links":{"self":[{"href":"https:\/\/miminhosritacatita.com\/fr\/wp-json\/wp\/v2\/product\/59869","targetHints":{"allow":["GET"]}}],"collection":[{"href":"https:\/\/miminhosritacatita.com\/fr\/wp-json\/wp\/v2\/product"}],"about":[{"href":"https:\/\/miminhosritacatita.com\/fr\/wp-json\/wp\/v2\/types\/product"}],"wp:featuredmedia":[{"embeddable":true,"href":"https:\/\/miminhosritacatita.com\/fr\/wp-json\/wp\/v2\/media\/59870"}],"wp:attachment":[{"href":"https:\/\/miminhosritacatita.com\/fr\/wp-json\/wp\/v2\/media?parent=59869"}],"wp:term":[{"taxonomy":"product_brand","embeddable":true,"href":"https:\/\/miminhosritacatita.com\/fr\/wp-json\/wp\/v2\/product_brand?post=59869"},{"taxonomy":"product_cat","embeddable":true,"href":"https:\/\/miminhosritacatita.com\/fr\/wp-json\/wp\/v2\/product_cat?post=59869"},{"taxonomy":"product_tag","embeddable":true,"href":"https:\/\/miminhosritacatita.com\/fr\/wp-json\/wp\/v2\/product_tag?post=59869"}],"curies":[{"name":"wp","href":"https:\/\/api.w.org\/{rel}","templated":true}]}}