{"id":5969,"date":"2019-02-21T13:25:11","date_gmt":"2019-02-21T13:25:11","guid":{"rendered":"https:\/\/miminhosritacatita.com\/?post_type=product&#038;p=5969"},"modified":"2024-12-23T14:38:18","modified_gmt":"2024-12-23T14:38:18","slug":"convite-casamento-acrilico-minimalista","status":"publish","type":"product","link":"https:\/\/miminhosritacatita.com\/fr\/casamento\/convites-de-casamento\/convite-casamento-acrilico-minimalista\/","title":{"rendered":"Invitation Mariage Acrylique Minimaliste"},"content":{"rendered":"<h1>Invitation Mariage Acrylique Minimaliste<\/h1>\n<p>Invitation Mariage Acrylique Minimaliste<\/p>\n<p>C'est officiel, la date est fix\u00e9e ! Et chez Miminhos Rita Catita, nous voulons savoir : quel est le jour de votre mariage ? Parce que les faire-part de mariage de vos r\u00eaves peuvent maintenant devenir r\u00e9alit\u00e9.<\/p>\n<p>On dit que le secret r\u00e9side dans les d\u00e9tails... Et nous y croyons ! Dans notre boutique, les Faire-part de mariage sont parmi nos d\u00e9tails pr\u00e9f\u00e9r\u00e9s.<\/p>\n<p>Des robes \u00e0 bretelles... Comment sera votre faire-part de mariage ? R\u00e9fl\u00e9chissez, car c'est ici que votre style personnel brillera !<\/p>\n<p>Feitos com amor, o nosso Convite Casamento Acr\u00edlico s\u00e3o feitos para cada cliente, ideia que resulta dos detalhes da sua hist\u00f3ria. Por isso, vamos j\u00e1 conta-la como ela \u00e9, pelas suas palavras.<\/p>\n<p>Nous avons, dans notre magasin, plusieurs Faire-part de Mariage, pour diff\u00e9rents prix et go\u00fbts, en maintenant toujours la promesse de qualit\u00e9.<\/p>\n<h2>Invitation Mariage Acrylique Minimaliste<\/h2>\n<p>Nous comprenons que le m\u00e9rite du <b>Mariage<\/b> Et c'est \u00e0 vous, mais la mission est la n\u00f4tre. Et, pour cela, nous cr\u00e9ons des produits adapt\u00e9s aux go\u00fbts de chaque client, en respectant toujours la qualit\u00e9, la perfection et le bon go\u00fbt.<\/p>\n<p>Ainsi, trouvez dans la Boutique en Ligne la r\u00e9ponse \u00e0 tous les d\u00e9tails qui rendront votre f\u00eate unique, comme le faire-part de mariage.<\/p>\n<p>Nous louons \u00e9galement des voitures pour le transport des mari\u00e9s. Par cons\u00e9quent, pour conna\u00eetre le prix, contactez-nous et indiquez la date de l'\u00e9v\u00e9nement \/ l'adresse de prise en charge \/ celle de l'\u00e9glise \/ et celle du lieu de r\u00e9ception.<\/p>\n<h3>Invitations de mariage, Invitation de mariage, Invitation mariage, Invitations mariage, Invitations de mariage originales, Invitations de mariage rustiques.<\/h3>\n<p>Ainsi, nous avons \u00e9galement encore \u00e0 louer un ch\u00e2teau gonflable et un toboggan. Par cons\u00e9quent, demandez votre devis en pr\u00e9cisant le jour de l'\u00e9v\u00e9nement et si vous souhaitez le retirer en magasin ou si vous souhaitez que nous nous d\u00e9placions sur le lieu de l'\u00e9v\u00e9nement pour l'installation \/ et le d\u00e9sassemblage.<\/p>\n<p>Portanto, encontre aqui a resposta para todos os detalhes que far\u00e3o o seu Casamento \u00fanico. Dos quais Convite Casamento \/ Porta Alian\u00e7as \/ Livros de Honra \/ Lembran\u00e7as.<\/p>\n<ul>\n<li>Mais aussi, Paniers-cadeaux \/ et Photomatons \/ et Cintres. Ainsi que des Fl\u00fbtes \/ et des Couverts \/ et les Ballons \/ et les \u00c9tincelles \/ et les Panneaux \u201c Voici la mari\u00e9e \u201d.<\/li>\n<\/ul>\n<p>Tamb\u00e9m temos Ramos de Noiva Artificiais \/ e os Ramos de Solteiras \/ e Caixas de Envelopes. E ainda, as Ofertas a Pais e Padrinhos \/ e as Argolas de Guardanapos\/ e as Ementas. Seja como for, encomenda j\u00e1 o Convite Casamento Acr\u00edlico Minimalista!<\/p>\n<p><strong>Voir aussi : <a href=\"https:\/\/miminhosritacatita.com\/fr\/produit\/agenda-de-la-mariee\/\">Agenda de la mari\u00e9e<\/a><\/strong><\/p>\n<p><strong>Suivez-nous sur<a href=\"https:\/\/www.instagram.com\/miminhos.rita.catita\/\" target=\"_blank\" rel=\"noopener\"> Instagram<\/a><\/strong><\/p>\n<p>&nbsp;<\/p>","protected":false},"excerpt":{"rendered":"<p>Invitation Mariage Acrylique Minimaliste<\/p>\n<p>Parte exterior: Papel Engenharia com fio e lacre personalizado com iniciais<\/p>\n<p>Acr\u00edlico: Espelhado Dourado 3mm<\/p>\n<p>Dimens\u00e3o: 14x18cm<\/p>\n<p>&nbsp;<\/p>","protected":false},"featured_media":42184,"template":"","meta":[],"product_brand":[],"product_cat":[379],"product_tag":[],"class_list":{"0":"post-5969","1":"product","2":"type-product","3":"status-publish","4":"has-post-thumbnail","6":"product_cat-convites-de-casamento","8":"first","9":"instock","10":"taxable","11":"shipping-taxable","12":"purchasable","13":"product-type-simple"},"_links":{"self":[{"href":"https:\/\/miminhosritacatita.com\/fr\/wp-json\/wp\/v2\/product\/5969","targetHints":{"allow":["GET"]}}],"collection":[{"href":"https:\/\/miminhosritacatita.com\/fr\/wp-json\/wp\/v2\/product"}],"about":[{"href":"https:\/\/miminhosritacatita.com\/fr\/wp-json\/wp\/v2\/types\/product"}],"wp:featuredmedia":[{"embeddable":true,"href":"https:\/\/miminhosritacatita.com\/fr\/wp-json\/wp\/v2\/media\/42184"}],"wp:attachment":[{"href":"https:\/\/miminhosritacatita.com\/fr\/wp-json\/wp\/v2\/media?parent=5969"}],"wp:term":[{"taxonomy":"product_brand","embeddable":true,"href":"https:\/\/miminhosritacatita.com\/fr\/wp-json\/wp\/v2\/product_brand?post=5969"},{"taxonomy":"product_cat","embeddable":true,"href":"https:\/\/miminhosritacatita.com\/fr\/wp-json\/wp\/v2\/product_cat?post=5969"},{"taxonomy":"product_tag","embeddable":true,"href":"https:\/\/miminhosritacatita.com\/fr\/wp-json\/wp\/v2\/product_tag?post=5969"}],"curies":[{"name":"wp","href":"https:\/\/api.w.org\/{rel}","templated":true}]}}