{"id":4952,"date":"2018-11-30T15:25:46","date_gmt":"2018-11-30T15:25:46","guid":{"rendered":"https:\/\/miminhosritacatita.com\/?post_type=product&#038;p=4952"},"modified":"2025-01-17T15:31:47","modified_gmt":"2025-01-17T15:31:47","slug":"placa-boas-vindas-grandes-dimensoes","status":"publish","type":"product","link":"https:\/\/miminhosritacatita.com\/fr\/casamento\/placas-para-casamento\/placa-boas-vindas-grandes-dimensoes\/","title":{"rendered":"Placa Boas-vindas Grandes Dimens\u00f5es"},"content":{"rendered":"<h1>Placa Boas-vindas Grandes Dimens\u00f5es<\/h1>\n<p>Placa Boas-vindas Grandes Dimens\u00f5es<\/p>\n<p>Dizem que o segredo est\u00e1 nos detalhes\u2026 E n\u00f3s acreditamos! Na nossa loja a Placa Boas-vindas Grandes Dimens\u00f5es \u00e9 dos nossos detalhes favoritos.<\/p>\n<p>Das Placas de casamento \u00e0s ligas\u2026 Como ser\u00e3o as suas? Pense!, porque \u00e9 aqui que o estilo pessoal vai brilhar!<\/p>\n<p>Feitos com amor, as nossas Placas de Casamento s\u00e3o feitas para cada cliente, ideia que resulta dos detalhes da sua hist\u00f3ria. Por isso, vamos j\u00e1 conta-la como ela \u00e9, pelas suas palavras.<\/p>\n<p>Temos, na nossa loja, v\u00e1rias Placas para Casamento para v\u00e1rios pre\u00e7os e gostos, mantendo sempre a promessa de qualidade.<\/p>\n<h2>Placa Boas-vindas Grandes Dimens\u00f5es<\/h2>\n<p>Nous comprenons que le m\u00e9rite du <b>Mariage<\/b> Et c'est \u00e0 vous, mais la mission est la n\u00f4tre. Et, pour cela, nous cr\u00e9ons des produits adapt\u00e9s aux go\u00fbts de chaque client, en respectant toujours la qualit\u00e9, la perfection et le bon go\u00fbt.<\/p>\n<p>Assim, encontre na Loja Online a resposta para todos os pormenores que far\u00e3o a sua festa \u00fanica, como as Placa Boas-vindas Grandes Dimens\u00f5es. Tamb\u00e9m alugamos carros para o transporte dos noivos.<\/p>\n<p>Nous avons \u00e9galement une structure gonflable et un toboggan \u00e0 louer. Demandez un devis en pr\u00e9cisant le jour de l'\u00e9v\u00e9nement et si vous souhaitez venir le chercher au magasin ou que nous venions sur place pour l'installer et le d\u00e9monter.<\/p>\n<p>Seja com for, encontre aqui a resposta para todos os detalhes que far\u00e3o o seu Casamento \u00fanico. Portanto dos quais:<\/p>\n<ul>\n<li>Placas de casamento \/ Convites \/ Porta Alian\u00e7as \/ Livros de Honra \/ Lembran\u00e7as. Mas tamb\u00e9m, as Cestas de Lembran\u00e7as \/ e os Photo Booth \/ e os Cabides. Assim como Flutes \/ e Talheres \/ e os Bal\u00f5es \/ e os Sparklers \/ Ard\u00f3sia Personalizada \/ e Placas \u201cL\u00e1 Vem a Noiva\u201d.<\/li>\n<\/ul>\n<p>Nous avons \u00e9galement des bouquets de mari\u00e9e artificiels \/ et des bouquets de jeune fille \/ et des bo\u00eetes \u00e0 enveloppes. Nous avons \u00e9galement des cadeaux pour les p\u00e8res et les parrains \/ et des ronds de serviette \/ et des menus.<\/p>\n<p><strong>Voir aussi : <a href=\"https:\/\/miminhosritacatita.com\/fr\/produit\/agenda-de-la-mariee\/\">Agenda de la mari\u00e9e<\/a><\/strong><\/p>\n<p>Suivez-nous sur <a href=\"https:\/\/www.instagram.com\/miminhos.rita.catita\/\" target=\"_blank\" rel=\"noopener\">Instagram<\/a><\/p>","protected":false},"excerpt":{"rendered":"<p>Placa Boas-vindas Grandes Dimens\u00f5es<\/p>\n<p>Dimens\u00e3o: 1,66 x 80cm<\/p>\n<p>Eis uma excelente ideia para tornar o seu casamento ainda mais memor\u00e1vel e \u00fanico!<\/p>","protected":false},"featured_media":43814,"template":"","meta":[],"product_brand":[],"product_cat":[628],"product_tag":[1064,1117],"class_list":{"0":"post-4952","1":"product","2":"type-product","3":"status-publish","4":"has-post-thumbnail","6":"product_cat-placas-para-casamento","7":"product_tag-naofeed","8":"product_tag-naofeedgoogle","10":"first","11":"instock","12":"taxable","13":"shipping-taxable","14":"purchasable","15":"product-type-simple"},"_links":{"self":[{"href":"https:\/\/miminhosritacatita.com\/fr\/wp-json\/wp\/v2\/product\/4952","targetHints":{"allow":["GET"]}}],"collection":[{"href":"https:\/\/miminhosritacatita.com\/fr\/wp-json\/wp\/v2\/product"}],"about":[{"href":"https:\/\/miminhosritacatita.com\/fr\/wp-json\/wp\/v2\/types\/product"}],"wp:featuredmedia":[{"embeddable":true,"href":"https:\/\/miminhosritacatita.com\/fr\/wp-json\/wp\/v2\/media\/43814"}],"wp:attachment":[{"href":"https:\/\/miminhosritacatita.com\/fr\/wp-json\/wp\/v2\/media?parent=4952"}],"wp:term":[{"taxonomy":"product_brand","embeddable":true,"href":"https:\/\/miminhosritacatita.com\/fr\/wp-json\/wp\/v2\/product_brand?post=4952"},{"taxonomy":"product_cat","embeddable":true,"href":"https:\/\/miminhosritacatita.com\/fr\/wp-json\/wp\/v2\/product_cat?post=4952"},{"taxonomy":"product_tag","embeddable":true,"href":"https:\/\/miminhosritacatita.com\/fr\/wp-json\/wp\/v2\/product_tag?post=4952"}],"curies":[{"name":"wp","href":"https:\/\/api.w.org\/{rel}","templated":true}]}}