{"id":44520,"date":"2024-03-14T13:02:49","date_gmt":"2024-03-14T13:02:49","guid":{"rendered":"https:\/\/miminhosritacatita.com\/?post_type=product&#038;p=44520"},"modified":"2024-12-23T12:49:34","modified_gmt":"2024-12-23T12:49:34","slug":"caixa-envelopes-madeira-original","status":"publish","type":"product","link":"https:\/\/miminhosritacatita.com\/fr\/casamento\/caixas-de-envelopes\/caixa-envelopes-madeira-original\/","title":{"rendered":"Bo\u00eete enveloppes bois Original"},"content":{"rendered":"<h1>Bo\u00eete enveloppes bois Original<\/h1>\n<p>Bo\u00eete Enveloppes Carr\u00e9e Bois<\/p>\n<p>Dizem que o segredo est\u00e1 nos detalhes\u2026 E n\u00f3s acreditamos! Na nossa loja a Caixa de Envelopes s\u00e3o dos nossos detalhes favoritos.<\/p>\n<p>Dos robes \u00e0s ligas\u2026 Qual ser\u00e1 a sua Caixa? Pense!, porque \u00e9 aqui que o estilo pessoal vai brilhar!<\/p>\n<p>Fait avec amour, les accessoires de mari\u00e9e sont faits pour chaque cliente, une id\u00e9e qui d\u00e9coule des d\u00e9tails de son histoire. Par cons\u00e9quent, racontez-nous tout de suite comment elle est, avec vos mots.<\/p>\n<p>Portanto, temos na nossa loja, v\u00e1rias Caixa Envelopes Tema Marinho, para v\u00e1rios pre\u00e7os e gostos, mantendo sempre a promessa de qualidade.<\/p>\n<h2>Bo\u00eete enveloppes bois Original<\/h2>\n<p>Entendemos que o m\u00e9rito pelo Casamento \u00e9 seu, mas que a miss\u00e3o \u00e9 nossa. E, por isso, criamos produtos ajustados ao gosto de cada cliente, cumprindo sempre com a qualidade e perfei\u00e7\u00e3o e bom gosto.<\/p>\n<p>Ainsi, trouvez dans la Boutique en Ligne la r\u00e9ponse \u00e0 tous les d\u00e9tails qui rendront votre f\u00eate unique.<\/p>\n<p>Tamb\u00e9m alugamos carros para o transporte dos noivos. Para saber o pre\u00e7o contacte-nos e informe a data do Evento \/ a morada de recolha \/ a da Igreja \/ e a do local da boda.<\/p>\n<p>Ainsi, nous avons \u00e9galement encore \u00e0 louer un ch\u00e2teau gonflable et un toboggan. Par cons\u00e9quent, demandez votre devis en pr\u00e9cisant le jour de l'\u00e9v\u00e9nement et si vous souhaitez le retirer en magasin ou si vous souhaitez que nous nous d\u00e9placions sur le lieu de l'\u00e9v\u00e9nement pour l'installation \/ et le d\u00e9sassemblage.<\/p>\n<ul>\n<li>Encontre aqui a resposta para todos os detalhes que far\u00e3o o seu Casamento \u00fanico. Dos quais Convites \/ Porta Alian\u00e7as \/ Livros de Honra \/ Caixa Envelopes Tema Marinho \/ Lembran\u00e7as. Mas tamb\u00e9m, Cestas de Lembran\u00e7as \/ e Photo Booth \/ e Cabides. Assim como Flutes \/ e Talheres \/ e os Bal\u00f5es \/ e os Sparklers \/ e Caixa Envelopes Madeira Original.<\/li>\n<\/ul>\n<p>Tamb\u00e9m temos Ramos de Noiva Artificiais \/ e os Ramos de Solteiras \/ e Caixa de Envelopes. E ainda, as Ofertas a Pais e Padrinhos \/ e as Argolas de Guardanapos\/ e as Ementas.<\/p>\n<p><strong>Voir aussi : <a href=\"https:\/\/miminhosritacatita.com\/fr\/produit\/agenda-de-la-mariee\/\">Agenda de la mari\u00e9e<\/a><\/strong><\/p>\n<p>Suivez-nous sur <a href=\"https:\/\/www.instagram.com\/miminhos.rita.catita\/\" target=\"_blank\" rel=\"noopener\">Instagram<\/a><\/p>\n<p>&nbsp;<\/p>","protected":false},"excerpt":{"rendered":"<p>Caixa Envelopes Madeira Original, personalizada ao seu gosto, entre em contacto connosco<\/p>\n<p>Dimens\u00e3o: 22 x 24 x 10cm<\/p>\n<p>Para mais altera\u00e7\u00f5es, indicar nas &#8220;notas&#8221;.<\/p>","protected":false},"featured_media":44521,"template":"","meta":[],"product_brand":[],"product_cat":[786],"product_tag":[],"class_list":{"0":"post-44520","1":"product","2":"type-product","3":"status-publish","4":"has-post-thumbnail","6":"product_cat-caixas-de-envelopes","8":"first","9":"instock","10":"taxable","11":"shipping-taxable","12":"purchasable","13":"product-type-simple"},"_links":{"self":[{"href":"https:\/\/miminhosritacatita.com\/fr\/wp-json\/wp\/v2\/product\/44520","targetHints":{"allow":["GET"]}}],"collection":[{"href":"https:\/\/miminhosritacatita.com\/fr\/wp-json\/wp\/v2\/product"}],"about":[{"href":"https:\/\/miminhosritacatita.com\/fr\/wp-json\/wp\/v2\/types\/product"}],"wp:featuredmedia":[{"embeddable":true,"href":"https:\/\/miminhosritacatita.com\/fr\/wp-json\/wp\/v2\/media\/44521"}],"wp:attachment":[{"href":"https:\/\/miminhosritacatita.com\/fr\/wp-json\/wp\/v2\/media?parent=44520"}],"wp:term":[{"taxonomy":"product_brand","embeddable":true,"href":"https:\/\/miminhosritacatita.com\/fr\/wp-json\/wp\/v2\/product_brand?post=44520"},{"taxonomy":"product_cat","embeddable":true,"href":"https:\/\/miminhosritacatita.com\/fr\/wp-json\/wp\/v2\/product_cat?post=44520"},{"taxonomy":"product_tag","embeddable":true,"href":"https:\/\/miminhosritacatita.com\/fr\/wp-json\/wp\/v2\/product_tag?post=44520"}],"curies":[{"name":"wp","href":"https:\/\/api.w.org\/{rel}","templated":true}]}}