{"id":4137,"date":"2018-11-14T12:47:36","date_gmt":"2018-11-14T12:47:36","guid":{"rendered":"https:\/\/miminhosritacatita.com\/?post_type=product&#038;p=4137"},"modified":"2026-03-20T14:12:49","modified_gmt":"2026-03-20T14:12:49","slug":"topo-bolo-casamento-miudo","status":"publish","type":"product","link":"https:\/\/miminhosritacatita.com\/fr\/casamento\/topo-de-bolo-casamento\/topo-bolo-casamento-miudo\/","title":{"rendered":"Topo Bolo Casamento Mi\u00fado"},"content":{"rendered":"<h1>Topo Bolo Casamento Mi\u00fado<\/h1>\n<p>Dizem que o segredo est\u00e1 nos detalhes\u2026 E n\u00f3s acreditamos! Na nossa loja o Topo Bolo Casamento Mi\u00fado s\u00e3o dos nossos detalhes favoritos.<\/p>\n<p>Des robes de chambre aux jarreti\u00e8res... \u00c0 quoi ressembleront les garnitures de votre g\u00e2teau de mariage ? R\u00e9fl\u00e9chissez ! car c'est l\u00e0 que votre style personnel brillera !<\/p>\n<p>Dans notre boutique, nous proposons divers accessoires pour g\u00e2teaux pour diff\u00e9rents prix et go\u00fbts, tout en gardant la promesse de la qualit\u00e9.<\/p>\n<h2>O Topo Bolo Casamento Mi\u00fado<\/h2>\n<p>Nous comprenons que le m\u00e9rite du <b>Mariage<\/b> Et c'est \u00e0 vous, mais la mission est la n\u00f4tre. Et, pour cela, nous cr\u00e9ons des produits adapt\u00e9s aux go\u00fbts de chaque client, en respectant toujours la qualit\u00e9, la perfection et le bon go\u00fbt.<\/p>\n<p>Assim, encontre na Loja Online a resposta para todos os pormenores que far\u00e3o a sua festa \u00fanica, como o Topo Bolo Casamento.<\/p>\n<p>Nous avons \u00e9galement une structure gonflable et un toboggan \u00e0 louer. Demandez un devis en pr\u00e9cisant le jour de l'\u00e9v\u00e9nement et si vous souhaitez venir le chercher au magasin ou que nous venions sur place pour l'installer et le d\u00e9monter.<\/p>\n<p>Dans tous les cas, vous trouverez ici la r\u00e9ponse \u00e0 tous les d\u00e9tails qui rendront votre mariage unique. Dont :<\/p>\n<ul>\n<li>Dessus de g\u00e2teau de mariage \/ Invitations de mariage \/ Porteurs d'anneaux \/ Livres d'honneur \/ Souvenirs de mariage.<\/li>\n<\/ul>\n<p>Mas tamb\u00e9m, as Cestas de Lembran\u00e7as \/ e os Photo Booth \/ e os Cabides. Assim como Flutes \/ e Talheres \/ e os Bal\u00f5es \/ e os Sparklers \/ Complementos para Bolo \/ e Placas de madeira.<\/p>\n<p>Nous avons \u00e9galement des bouquets de mari\u00e9e artificiels \/ et des bouquets de jeune fille \/ et des bo\u00eetes \u00e0 enveloppes. Nous avons \u00e9galement des cadeaux pour les p\u00e8res et les parrains \/ et des ronds de serviette \/ et des menus.<\/p>\n<p><strong>Voir aussi : <a href=\"https:\/\/miminhosritacatita.com\/fr\/produit\/agenda-de-la-mariee\/\">Agenda de la mari\u00e9e<\/a><\/strong><\/p>\n<p><strong>Suivez-nous sur <a href=\"https:\/\/www.instagram.com\/miminhos.rita.catita\/\" target=\"_blank\" rel=\"noopener\">Instagram<\/a><\/strong><\/p>","protected":false},"excerpt":{"rendered":"<p>Topo Bolo Casamento Mi\u00fado em cer\u00e2mica.<\/p>\n<p>Dimens\u00e3o: 18x21cm<\/p>\n<p>Eis uma escolha para tornar o seu casamento mais memor\u00e1vel e \u00fanico!<\/p>","protected":false},"featured_media":30089,"template":"","meta":[],"product_brand":[],"product_cat":[480],"product_tag":[],"class_list":{"0":"post-4137","1":"product","2":"type-product","3":"status-publish","4":"has-post-thumbnail","6":"product_cat-topo-de-bolo-casamento","8":"first","9":"instock","10":"taxable","11":"shipping-taxable","12":"purchasable","13":"product-type-simple"},"_links":{"self":[{"href":"https:\/\/miminhosritacatita.com\/fr\/wp-json\/wp\/v2\/product\/4137","targetHints":{"allow":["GET"]}}],"collection":[{"href":"https:\/\/miminhosritacatita.com\/fr\/wp-json\/wp\/v2\/product"}],"about":[{"href":"https:\/\/miminhosritacatita.com\/fr\/wp-json\/wp\/v2\/types\/product"}],"wp:featuredmedia":[{"embeddable":true,"href":"https:\/\/miminhosritacatita.com\/fr\/wp-json\/wp\/v2\/media\/30089"}],"wp:attachment":[{"href":"https:\/\/miminhosritacatita.com\/fr\/wp-json\/wp\/v2\/media?parent=4137"}],"wp:term":[{"taxonomy":"product_brand","embeddable":true,"href":"https:\/\/miminhosritacatita.com\/fr\/wp-json\/wp\/v2\/product_brand?post=4137"},{"taxonomy":"product_cat","embeddable":true,"href":"https:\/\/miminhosritacatita.com\/fr\/wp-json\/wp\/v2\/product_cat?post=4137"},{"taxonomy":"product_tag","embeddable":true,"href":"https:\/\/miminhosritacatita.com\/fr\/wp-json\/wp\/v2\/product_tag?post=4137"}],"curies":[{"name":"wp","href":"https:\/\/api.w.org\/{rel}","templated":true}]}}