{"id":41071,"date":"2023-07-19T14:39:25","date_gmt":"2023-07-19T14:39:25","guid":{"rendered":"https:\/\/miminhosritacatita.com\/?post_type=product&#038;p=41071"},"modified":"2025-09-18T08:51:31","modified_gmt":"2025-09-18T08:51:31","slug":"kit-talheres-flutes-batizado","status":"publish","type":"product","link":"https:\/\/miminhosritacatita.com\/fr\/batizado\/talheres-batizado\/kit-talheres-flutes-batizado\/","title":{"rendered":"Kit Talheres Flutes Batizado"},"content":{"rendered":"<h1>Kit Talheres Flutes Batizado<\/h1>\n<p>Kit Talheres Flutes Batizado<\/p>\n<p><b>O Batismo \u00e9<\/b> das mais importantes fases do crescimento do seu filho e est\u00e1 prestes a chegar. E estamos convencidos de que isso \u00e9 motivo para celebrar.<\/p>\n<p>Todos os detalhes contam, desde o nome do seu filho, \u00e0 data do nascimento, at\u00e9 \u00e0 lista de convidados!\u00a0 Porque vamos j\u00e1 come\u00e7ar a preparar o <b>Batismo<\/b> mais doce de sempre.<\/p>\n<p>Nous comprenons que le m\u00e9rite du <b>Batismo<\/b> \u00e9 seu, mas que a miss\u00e3o \u00e9 nossa. E, por isso, criamos produtos \u00fanicos e adaptados ao gosto de cada cliente, cumprindo sempre com a qualidade e perfei\u00e7\u00e3o e bom gosto.<\/p>\n<p>Feitos com amor, os nossos<strong> Couverts<\/strong> s\u00e3o feitos para cada cliente. Pois na altura em que nascem, todos os beb\u00e9s j\u00e1 tem a sua hist\u00f3ria.<\/p>\n<h2>A Kit Talheres Flutes Batizado<\/h2>\n<p>E, na Miminhos, j\u00e1 sabemos que os <strong>Couverts<\/strong> s\u00e3o um bom pretexto para contar a sua!<\/p>\n<p>Feitos com amor, os <strong>Couverts<\/strong> s\u00e3o feitos para cada cliente, ideia que resulta dos detalhes da sua hist\u00f3ria. Por isso, vamos j\u00e1 conta-la como ela \u00e9, pelas suas palavras.<\/p>\n<p>Temos <strong>Couverts<\/strong> de todas as formas e cores e materiais e tamb\u00e9m a todos os pre\u00e7os. Al\u00e9m disso, a nossa Caixa Talheres Bolo Linho\u00a0\u00e9 feito c\u00e1, j\u00e1 que \u00e9 o que nos d\u00e1 o controlo sobre o prazo de produ\u00e7\u00e3o.<\/p>\n<p>Compre j\u00e1 na Loja Online da Miminhos os produtos que far\u00e3o da sua festa<strong>, a melhor. Dos quais, Caixa Talheres Bolo Linho, Convites e Lembran\u00e7as e Conjuntos e Livros de Honra.<\/strong><\/p>\n<ul>\n<li><strong> Et aussi des pancartes, des bo\u00eetes \u00e0 enveloppes, des marqueurs de table, des menus et des paniers. <\/strong><\/li>\n<\/ul>\n<p><strong>Mas ainda, Baby Shower e Vestidos e Fatos e Topos de Bolo. <\/strong><strong>Para al\u00e9m disso, temos tamb\u00e9m um in<\/strong>sufl\u00e1vel e um escorrega para alugar, para si.<\/p>\n<p class=\"font_3\">Portanto, inspire-se no nosso trabalho e tenha j\u00e1 mais ideias de <strong>bapt\u00eame<\/strong>, desde as mais simples, \u00e0s mais elegantes e mais formais, at\u00e9 aos mais divertidos. Seja como for, fa\u00e7a j\u00e1 um or\u00e7amento connosco.<\/p>\n<p class=\"font_2\">Assim, combine j\u00e1 o design do seu <strong>Caixa Talheres Bolo Linho<\/strong>\u00a0com o ambiente que quer apresentar aos seus convidados no dia.<\/p>\n<p class=\"font_3\">Voici donc un aper\u00e7u de quelques-uns des types de <strong>Couverts<\/strong> criados na loja da Miminhos.\u200b<\/p>\n<p><strong>Voir aussi <a href=\"https:\/\/miminhosritacatita.com\/fr\/categorie-produit\/batizados\/\">Articles sur le bapt\u00eame<\/a><\/strong><\/p>\n<p><strong>Suivez-nous sur <a href=\"https:\/\/www.instagram.com\/miminhos.rita.catita\/\" target=\"_blank\" rel=\"noopener\">Instagram<\/a><\/strong><\/p>\n<p>&nbsp;<\/p>","protected":false},"excerpt":{"rendered":"<p>Kit Talheres Flutes Batizado<\/p>\n<p>Material dos talheres: Inox 18\/10<\/p>\n<p>Dimens\u00e3o da caixa: 31&#215;26.5x8m<\/p>\n<p>Espumante 0,20 cL<\/p>\n<p><span data-offset-key=\"rigv-0-0\">Caixa com bordado \u2013 85\u20ac<\/span><\/p>\n<p><span data-offset-key=\"clpoh-0-0\">Talheres em bronze \u2013 55\u20ac<\/span><\/p>\n<div class=\"\" data-block=\"true\" data-editor=\"3uas2\" data-offset-key=\"7stk7-0-0\">\n<div class=\"_1mf _1mj\" data-offset-key=\"7stk7-0-0\"><span data-offset-key=\"7stk7-0-0\">Grava\u00e7\u00e3o A Laser Do Nome da Crian\u00e7a E Data Do Batizado nos talheres \u2013 25\u20ac par<\/span><\/div>\n<\/div>\n<div class=\"\" data-block=\"true\" data-editor=\"3uas2\" data-offset-key=\"rigv-0-0\">\n<div class=\"_1mf _1mj\" data-offset-key=\"rigv-0-0\"><span data-offset-key=\"rigv-0-0\">Flutes com grava\u00e7\u00e3o a laser &#8211; 25\u20ac<br \/>\n<\/span><\/div>\n<\/div>\n<div class=\"\" data-block=\"true\" data-editor=\"3uas2\" data-offset-key=\"59qm8-0-0\">\n<div class=\"_1mf _1mj\" data-offset-key=\"59qm8-0-0\"><span data-offset-key=\"59qm8-0-0\">Espumante &#8211; 12\u20ac<br \/>\n<\/span><\/div>\n<\/div>\n<div class=\"\" data-block=\"true\" data-editor=\"3uas2\" data-offset-key=\"1nqjm-0-0\">\n<div class=\"_1mf _1mj\" data-offset-key=\"1nqjm-0-0\"><\/div>\n<\/div>","protected":false},"featured_media":43654,"template":"","meta":[],"product_brand":[],"product_cat":[858,1036],"product_tag":[1111,1064,1117],"class_list":{"0":"post-41071","1":"product","2":"type-product","3":"status-publish","4":"has-post-thumbnail","6":"product_cat-batizado","7":"product_cat-talheres-batizado","8":"product_tag-nao-feed","9":"product_tag-naofeed","10":"product_tag-naofeedgoogle","12":"first","13":"instock","14":"taxable","15":"shipping-taxable","16":"purchasable","17":"product-type-simple"},"_links":{"self":[{"href":"https:\/\/miminhosritacatita.com\/fr\/wp-json\/wp\/v2\/product\/41071","targetHints":{"allow":["GET"]}}],"collection":[{"href":"https:\/\/miminhosritacatita.com\/fr\/wp-json\/wp\/v2\/product"}],"about":[{"href":"https:\/\/miminhosritacatita.com\/fr\/wp-json\/wp\/v2\/types\/product"}],"wp:featuredmedia":[{"embeddable":true,"href":"https:\/\/miminhosritacatita.com\/fr\/wp-json\/wp\/v2\/media\/43654"}],"wp:attachment":[{"href":"https:\/\/miminhosritacatita.com\/fr\/wp-json\/wp\/v2\/media?parent=41071"}],"wp:term":[{"taxonomy":"product_brand","embeddable":true,"href":"https:\/\/miminhosritacatita.com\/fr\/wp-json\/wp\/v2\/product_brand?post=41071"},{"taxonomy":"product_cat","embeddable":true,"href":"https:\/\/miminhosritacatita.com\/fr\/wp-json\/wp\/v2\/product_cat?post=41071"},{"taxonomy":"product_tag","embeddable":true,"href":"https:\/\/miminhosritacatita.com\/fr\/wp-json\/wp\/v2\/product_tag?post=41071"}],"curies":[{"name":"wp","href":"https:\/\/api.w.org\/{rel}","templated":true}]}}