{"id":39307,"date":"2023-05-04T09:31:40","date_gmt":"2023-05-04T09:31:40","guid":{"rendered":"https:\/\/miminhosritacatita.com\/?post_type=product&#038;p=39307"},"modified":"2025-11-20T12:50:54","modified_gmt":"2025-11-20T12:50:54","slug":"boxers-e-meias-noivo-personalizadas","status":"publish","type":"product","link":"https:\/\/miminhosritacatita.com\/fr\/casamento\/acessorios-para-noiva\/boxers-e-meias-do-noivo\/boxers-e-meias-noivo-personalizadas\/","title":{"rendered":"Boxers e Meias Noivo Personalizadas"},"content":{"rendered":"<h1>Boxers e Meias Noivo Personalizadas<\/h1>\n<p>Boxers e Meias Noivo Personalizadas<\/p>\n<p>Dizem que o segredo est\u00e1 nos detalhes\u2026 E n\u00f3s acreditamos! Na nossa loja os acess\u00f3rios para a noivo e os acess\u00f3rios para os noivos s\u00e3o dos nossos detalhes favoritos.<\/p>\n<p>Dos Acess\u00f3rios \u00e0s meias e boxers personalizados\u2026 Quais ser\u00e3o os seus <strong>Acess\u00f3rios para Noivo<\/strong>? Pense!, porque \u00e9 aqui que o estilo pessoal vai brilhar!<\/p>\n<p>Feitos com amor, os acess\u00f3rios de noiv0 s\u00e3o feitos para cada cliente, ideia que resulta dos detalhes da sua hist\u00f3ria. Por isso, vamos j\u00e1 conta-la como ela \u00e9, pelas suas palavras.<\/p>\n<p>Temos, na nossa loja, v\u00e1rios Acess\u00f3rio para Noivo, para v\u00e1rios pre\u00e7os e gostos, mantendo sempre a promessa de qualidade.<\/p>\n<h2>O Boxers e Meias Noivo Personalizadas<\/h2>\n<p>Nous comprenons que le m\u00e9rite du <b>Mariage<\/b> \u00e9 seu, mas que a miss\u00e3o \u00e9 nossa. E, por isso, criamos acess\u00f3rios de noivo ajustados ao gosto de cada cliente, cumprindo sempre com a qualidade e perfei\u00e7\u00e3o e bom gosto.<\/p>\n<p>Ainsi, trouvez dans la Boutique en Ligne la r\u00e9ponse \u00e0 tous les d\u00e9tails qui rendront votre f\u00eate unique.<\/p>\n<p>Nous louons \u00e9galement des voitures pour le transport des mari\u00e9s. Pour conna\u00eetre le prix, contactez-nous en nous indiquant la date de l'\u00e9v\u00e9nement \/ l'adresse de prise en charge \/ l'adresse de l'\u00e9glise \/ et le lieu du mariage.<\/p>\n<p>Portanto, encontre aqui a resposta para todos os detalhes que far\u00e3o o seu Casamento \u00fanico. Dos quais Boxers e Meias Noivo Personalizadas \/ Convites \/ Porta Alian\u00e7as \/ Livros de Honra \/ Lembran\u00e7as. Mas tamb\u00e9m, Cestas de Lembran\u00e7as \/ e Photo Booth \/ e Cabides. Assim como Flutes \/ e Talheres \/ e Bal\u00f5es \/ e Sparklers \/ e Placas \u201cL\u00e1 Vem a Noiva\u201d.<\/p>\n<ul>\n<li>Placards<\/li>\n<li>Bo\u00eetes d'enveloppes<\/li>\n<li>Marqueurs de Table<\/li>\n<li>Menus et paniers.<\/li>\n<\/ul>\n<p>Por isso, tamb\u00e9m temos Ramos de Noiva Artificiais \/ e Ramos de Solteiras \/ e Caixas de Envelopes. E ainda, Ofertas a Pais e Padrinhos \/ e Argolas de Guardanapos\/ e Ementas.<\/p>\n<p><strong>Voir aussi : <a href=\"https:\/\/miminhosritacatita.com\/fr\/produit\/agenda-de-la-mariee\/\">Agenda de la mari\u00e9e<\/a><\/strong><\/p>\n<p>Suivez-nous sur <a href=\"https:\/\/www.instagram.com\/miminhos.rita.catita\/\" target=\"_blank\" rel=\"noopener\">Instagram<\/a><\/p>","protected":false},"excerpt":{"rendered":"<h4>Boxers e Meias Noivo Personalizadas<\/h4>\n<p>As meias s\u00e3o soquete, se preferir meia alta, por favor indique nas notas, depois de finalizar a encomenda.<\/p>\n<p>Escolha a sua combina\u00e7\u00e3o preferida<\/p>\n<p>&nbsp;<\/p>\n<p>&nbsp;<\/p>\n<p>&nbsp;<\/p>\n<p>&nbsp;<\/p>\n<p>&nbsp;<\/p>\n<p>&nbsp;<\/p>\n<p>&nbsp;<\/p>","protected":false},"featured_media":23041,"template":"","meta":[],"product_brand":[],"product_cat":[1152],"product_tag":[],"class_list":{"0":"post-39307","1":"product","2":"type-product","3":"status-publish","4":"has-post-thumbnail","6":"product_cat-boxers-e-meias-do-noivo","8":"first","9":"instock","10":"taxable","11":"shipping-taxable","12":"purchasable","13":"product-type-variable"},"_links":{"self":[{"href":"https:\/\/miminhosritacatita.com\/fr\/wp-json\/wp\/v2\/product\/39307","targetHints":{"allow":["GET"]}}],"collection":[{"href":"https:\/\/miminhosritacatita.com\/fr\/wp-json\/wp\/v2\/product"}],"about":[{"href":"https:\/\/miminhosritacatita.com\/fr\/wp-json\/wp\/v2\/types\/product"}],"wp:featuredmedia":[{"embeddable":true,"href":"https:\/\/miminhosritacatita.com\/fr\/wp-json\/wp\/v2\/media\/23041"}],"wp:attachment":[{"href":"https:\/\/miminhosritacatita.com\/fr\/wp-json\/wp\/v2\/media?parent=39307"}],"wp:term":[{"taxonomy":"product_brand","embeddable":true,"href":"https:\/\/miminhosritacatita.com\/fr\/wp-json\/wp\/v2\/product_brand?post=39307"},{"taxonomy":"product_cat","embeddable":true,"href":"https:\/\/miminhosritacatita.com\/fr\/wp-json\/wp\/v2\/product_cat?post=39307"},{"taxonomy":"product_tag","embeddable":true,"href":"https:\/\/miminhosritacatita.com\/fr\/wp-json\/wp\/v2\/product_tag?post=39307"}],"curies":[{"name":"wp","href":"https:\/\/api.w.org\/{rel}","templated":true}]}}