{"id":38762,"date":"2023-04-19T11:32:58","date_gmt":"2023-04-19T11:32:58","guid":{"rendered":"https:\/\/miminhosritacatita.com\/?post_type=product&#038;p=38762"},"modified":"2025-01-30T17:10:34","modified_gmt":"2025-01-30T17:10:34","slug":"topo-bolo-comunhao-menina-rezar","status":"publish","type":"product","link":"https:\/\/miminhosritacatita.com\/fr\/comunhao\/topos-de-bolo-comunhao\/topo-bolo-comunhao-menina-rezar\/","title":{"rendered":"Topo Bolo Comunh\u00e3o Menina-rezar"},"content":{"rendered":"<h1>Topo Bolo Comunh\u00e3o Menina-rezar<\/h1>\n<p>Topo Bolo Comunh\u00e3o Menina-rezar<\/p>\n<p>Os <strong>Dessus de g\u00e2teau<\/strong> devem ser rom\u00e2nticos\u2026 Ou engra\u00e7ados\u2026 Ou criativos\u2026 Na Miminhos Rita Catita, acreditamos que devem ser como voc\u00eas quiserem.<\/p>\n<p>Por isso, dispomos de Menina para Bolo Comunh\u00e3o de v\u00e1rias formas, cores e feitios, para todos os pre\u00e7os, cumprindo sempre a promessa de qualidade, excel\u00eancia e profissionalismo.<\/p>\n<p>Sabemos que, quando estamos a organizar uma Comunh\u00e3o, os <strong>Dessus de g\u00e2teau<\/strong> s\u00e3o apenas mais um detalhe. Mas podemos assegurar-lhe: este \u00e9 dos nossos detalhes favoritos.<\/p>\n<h2>Topo Bolo Comunh\u00e3o Menina-rezar<\/h2>\n<p>Precisa de um Topo de bolo para Comunh\u00e3o e n\u00e3o sabe o que escolher? Pois bem, na Miminhos Rita Catita encontrar\u00e1 a pe\u00e7a ideal. Para al\u00e9m do que mostramos tamb\u00e9m podemos tentar arranjar outras solu\u00e7\u00f5es. Nos artigos que apresentamos n\u00e3o \u00e9 poss\u00edvel fazermos altera\u00e7\u00f5es.<\/p>\n<p>Contudo na Miminhos Rita Catita entendemos que o m\u00e9rito pela escolha \u00e9 seu, mas que o compromisso \u00e9 nosso. E, por isso, desenvolvemos produtos personalizados e ajustados \u00e0s necessidades de cada cliente, cumprindo sempre a promessa de qualidade, excel\u00eancia e profissionalismo.<\/p>\n<ul>\n<li>Trouvez donc la r\u00e9ponse \u00e0 tous les d\u00e9tails qui rendront votre f\u00eate de communion unique dans la boutique en ligne de Miminhos Rita Catita : Invitations, <strong>Souvenirs<\/strong>, Lembran\u00e7as especiais para padrinhos e para av\u00f3s, Livros de Honra, Placards, Ementas, Marcadores de Mesa, Cestas de Lembran\u00e7as, argolas de guardanapo. Mas tamb\u00e9m Caixas para guardar prendas em dinheiro, talheres e flutes personalizados e Topos de Bolo, Topo Bolo Comunh\u00e3o.<\/li>\n<\/ul>\n<p>Nous avons \u00e9galement des structures gonflables et des toboggans \u00e0 louer. Demandez-nous un devis en pr\u00e9cisant le jour de l'\u00e9v\u00e9nement et si vous souhaitez que le mat\u00e9riel soit r\u00e9cup\u00e9r\u00e9 et livr\u00e9 dans le magasin ou que nous venions sur place pour le montage et le d\u00e9montage.<\/p>\n<p><strong>Suivez-nous sur<a href=\"https:\/\/www.instagram.com\/miminhos.rita.catita\/\" target=\"_blank\" rel=\"noopener\"> Instagram<\/a><\/strong><\/p>","protected":false},"excerpt":{"rendered":"<h5>Dispomos de Topos de Bolo de v\u00e1rias formas, cores e feitios, cumprindo sempre a promessa de qualidade.<\/h5>\n<p>Dimens\u00e3o: 17 cm<\/p>","protected":false},"featured_media":41905,"template":"","meta":[],"product_brand":[],"product_cat":[1042],"product_tag":[],"class_list":{"0":"post-38762","1":"product","2":"type-product","3":"status-publish","4":"has-post-thumbnail","6":"product_cat-topos-de-bolo-comunhao","8":"first","9":"instock","10":"taxable","11":"shipping-taxable","12":"purchasable","13":"product-type-simple"},"_links":{"self":[{"href":"https:\/\/miminhosritacatita.com\/fr\/wp-json\/wp\/v2\/product\/38762","targetHints":{"allow":["GET"]}}],"collection":[{"href":"https:\/\/miminhosritacatita.com\/fr\/wp-json\/wp\/v2\/product"}],"about":[{"href":"https:\/\/miminhosritacatita.com\/fr\/wp-json\/wp\/v2\/types\/product"}],"wp:featuredmedia":[{"embeddable":true,"href":"https:\/\/miminhosritacatita.com\/fr\/wp-json\/wp\/v2\/media\/41905"}],"wp:attachment":[{"href":"https:\/\/miminhosritacatita.com\/fr\/wp-json\/wp\/v2\/media?parent=38762"}],"wp:term":[{"taxonomy":"product_brand","embeddable":true,"href":"https:\/\/miminhosritacatita.com\/fr\/wp-json\/wp\/v2\/product_brand?post=38762"},{"taxonomy":"product_cat","embeddable":true,"href":"https:\/\/miminhosritacatita.com\/fr\/wp-json\/wp\/v2\/product_cat?post=38762"},{"taxonomy":"product_tag","embeddable":true,"href":"https:\/\/miminhosritacatita.com\/fr\/wp-json\/wp\/v2\/product_tag?post=38762"}],"curies":[{"name":"wp","href":"https:\/\/api.w.org\/{rel}","templated":true}]}}