{"id":38020,"date":"2023-04-04T14:45:21","date_gmt":"2023-04-04T14:45:21","guid":{"rendered":"https:\/\/miminhosritacatita.com\/?post_type=product&#038;p=38020"},"modified":"2025-09-18T11:45:15","modified_gmt":"2025-09-18T11:45:15","slug":"talheres-casamento-elegantes-e-originais","status":"publish","type":"product","link":"https:\/\/miminhosritacatita.com\/fr\/casamento\/talheres-de-casamento\/talheres-casamento-elegantes-e-originais\/","title":{"rendered":"Couverts de mariage \u00e9l\u00e9gants et originaux"},"content":{"rendered":"<h1>Couverts de mariage \u00e9l\u00e9gants et originaux<\/h1>\n<p>Couverts de mariage \u00e9l\u00e9gants et originaux<\/p>\n<p>Dizem que o segredo est\u00e1 nos detalhes\u2026 E portanto, n\u00f3s acreditamos! Na nossa loja os Talheres s\u00e3o dos nossos detalhes favoritos.<\/p>\n<p>Dos robes \u00e0s ligas\u2026 Como ser\u00e3o os vossos Talheres? Pense!, porque \u00e9 aqui que o estilo pessoal vai brilhar!<\/p>\n<p>Feitas com amor, os nossos Talheres s\u00e3o feitas para cada cliente, ideia que resulta dos detalhes da sua hist\u00f3ria. Por isso, vamos j\u00e1 conta-la como ela \u00e9, pelas suas palavras.<\/p>\n<p>Temos, na nossa loja, v\u00e1rios talheres para v\u00e1rios pre\u00e7os e gostos, mantendo sempre a promessa de qualidade.<\/p>\n<h2>Os Talheres Casamento Elegantes e Originais<\/h2>\n<p>Assim, entendemos que o m\u00e9rito pelo <b>Mariage<\/b> Et c'est \u00e0 vous, mais la mission est la n\u00f4tre. Et, pour cela, nous cr\u00e9ons des produits adapt\u00e9s aux go\u00fbts de chaque client, en respectant toujours la qualit\u00e9, la perfection et le bon go\u00fbt.<\/p>\n<p>Por isso, encontre aqui a resposta para todos os detalhes que far\u00e3o o seu Casamento \u00fanico. Dos quais Convites \/ Porta Alian\u00e7as \/ Livros de Honra \/ Lembran\u00e7as Abre C\u00e1psulas.<\/p>\n<p>Mas tamb\u00e9m, as Cestas de Lembran\u00e7as \/ e os Photo Booth \/ e os Cabides. Assim como Flutes \/ e Talheres Dourados Bolo \/ e os Bal\u00f5es \/ e os Sparklers \/ e Placas para casamento.<\/p>\n<p>Ainsi,<\/p>\n<ul>\n<li><strong>Placards<\/strong><\/li>\n<li><strong>Bo\u00eetes d'enveloppes<\/strong><\/li>\n<li><strong>Marqueurs de Table<\/strong><\/li>\n<li><strong>Menus et paniers.<\/strong><\/li>\n<\/ul>\n<p>Assim, tamb\u00e9m temos Ramos de Noiva Artificiais \/ e os Ramos de Solteiras \/ e Caixas de Envelopes. E ainda, as Ofertas a Pais e Padrinhos \/ e as Argolas de Guardanapos\/ e as Ementas \/ Talheres Casamento.<\/p>\n<p><strong>Voir aussi : <a href=\"https:\/\/miminhosritacatita.com\/fr\/produit\/agenda-de-la-mariee\/\">Agenda de la mari\u00e9e<\/a><\/strong><\/p>\n<p><strong>Suivez-nous sur <a href=\"https:\/\/www.instagram.com\/miminhos.rita.catita\/\" target=\"_blank\" rel=\"noopener\">Instagram<\/a><\/strong><\/p>","protected":false},"excerpt":{"rendered":"<p>Couverts de mariage \u00e9l\u00e9gants et originaux<\/p>\n<p>Talheres &#8211; 32,50\u20ac<br \/>\nGrava\u00e7\u00e3o a Laser &#8211; 20\u20ac (par)<br \/>\nCaixa &#8211; 27\u20ac<\/p>\n<p>Impress\u00e3o na tampa &#8211; 7,50\u20ac<\/p>\n<p>Dimens\u00e3o Caixa: 36 x 10 cm<\/p>\n<p>Material dos Talheres: Inox 18.10<\/p>\n<p>&nbsp;<\/p>\n<p>&nbsp;<\/p>","protected":false},"featured_media":38021,"template":"","meta":[],"product_brand":[],"product_cat":[1067],"product_tag":[1064,1117],"class_list":{"0":"post-38020","1":"product","2":"type-product","3":"status-publish","4":"has-post-thumbnail","6":"product_cat-talheres-de-casamento","7":"product_tag-naofeed","8":"product_tag-naofeedgoogle","10":"first","11":"instock","12":"taxable","13":"shipping-taxable","14":"purchasable","15":"product-type-simple"},"_links":{"self":[{"href":"https:\/\/miminhosritacatita.com\/fr\/wp-json\/wp\/v2\/product\/38020","targetHints":{"allow":["GET"]}}],"collection":[{"href":"https:\/\/miminhosritacatita.com\/fr\/wp-json\/wp\/v2\/product"}],"about":[{"href":"https:\/\/miminhosritacatita.com\/fr\/wp-json\/wp\/v2\/types\/product"}],"wp:featuredmedia":[{"embeddable":true,"href":"https:\/\/miminhosritacatita.com\/fr\/wp-json\/wp\/v2\/media\/38021"}],"wp:attachment":[{"href":"https:\/\/miminhosritacatita.com\/fr\/wp-json\/wp\/v2\/media?parent=38020"}],"wp:term":[{"taxonomy":"product_brand","embeddable":true,"href":"https:\/\/miminhosritacatita.com\/fr\/wp-json\/wp\/v2\/product_brand?post=38020"},{"taxonomy":"product_cat","embeddable":true,"href":"https:\/\/miminhosritacatita.com\/fr\/wp-json\/wp\/v2\/product_cat?post=38020"},{"taxonomy":"product_tag","embeddable":true,"href":"https:\/\/miminhosritacatita.com\/fr\/wp-json\/wp\/v2\/product_tag?post=38020"}],"curies":[{"name":"wp","href":"https:\/\/api.w.org\/{rel}","templated":true}]}}