{"id":35804,"date":"2023-02-13T15:15:02","date_gmt":"2023-02-13T15:15:02","guid":{"rendered":"https:\/\/miminhosritacatita.com\/?post_type=product&#038;p=35804"},"modified":"2026-04-20T16:45:53","modified_gmt":"2026-04-20T16:45:53","slug":"placard-mesas-casamento-madeira","status":"publish","type":"product","link":"https:\/\/miminhosritacatita.com\/fr\/casamento\/placards-para-mesas-de-casamento\/placard-mesas-casamento-madeira\/","title":{"rendered":"Placard Mesas Casamento Madeira"},"content":{"rendered":"<h2>Placard Mesas Casamento Madeira<\/h2>\n<p>Placard Mesas Casamento Madeira<\/p>\n<p>Dizem que o segredo est\u00e1 nos detalhes\u2026 E n\u00f3s acreditamos! Na nossa loja o Placard Mesas Casamento Madeira \u00e9 dos nossos detalhes favoritos.<\/p>\n<p>De la robe de chambre aux jarreti\u00e8res... \u00c0 quoi ressemblera la pancarte de votre table de mariage ? Pensez-y, car c'est l\u00e0 que votre style personnel brillera !<\/p>\n<p>Fabriqu\u00e9es avec amour, nos plaques de table de mariage sont con\u00e7ues pour chaque client, une id\u00e9e qui d\u00e9coule des d\u00e9tails de leur histoire. Racontez-la donc telle qu'elle est, avec vos propres mots.<\/p>\n<p>Dans notre boutique, nous proposons une gamme de pancartes de table de mariage pour diff\u00e9rents prix et go\u00fbts, tout en gardant la promesse de la qualit\u00e9.<\/p>\n<h4>O Placard Mesas Casamento Madeira \u00e9 Top!<\/h4>\n<p>Nous comprenons que le m\u00e9rite du <b>Mariage<\/b> Et c'est \u00e0 vous, mais la mission est la n\u00f4tre. Et, pour cela, nous cr\u00e9ons des produits adapt\u00e9s aux go\u00fbts de chaque client, en respectant toujours la qualit\u00e9, la perfection et le bon go\u00fbt.<\/p>\n<p>Ainsi, trouvez dans la Boutique en Ligne la r\u00e9ponse \u00e0 tous les d\u00e9tails qui rendront votre f\u00eate unique.<\/p>\n<p>Nous louons \u00e9galement des voitures pour le transport des mari\u00e9s. Pour conna\u00eetre le prix, contactez-nous en nous indiquant la date de l'\u00e9v\u00e9nement \/ l'adresse de prise en charge \/ l'adresse de l'\u00e9glise \/ et le lieu du mariage.<\/p>\n<p>Nous avons \u00e9galement une structure gonflable et un toboggan \u00e0 louer. Demandez un devis en pr\u00e9cisant le jour de l'\u00e9v\u00e9nement et si vous souhaitez venir le chercher au magasin ou que nous venions sur place pour l'installer et le d\u00e9monter.<\/p>\n<p>Portanto, encontre aqui a resposta para todos os detalhes que far\u00e3o o seu Casamento \u00fanico, como o Placard Mesas Casamento Cora\u00e7\u00e3o-Viana. Dos quais:<\/p>\n<ul>\n<li>Porte-Alliances<\/li>\n<li>Livres d'honneur<\/li>\n<li>Souvenirs de mariage<\/li>\n<li>Paniers-cadeaux de mariage<\/li>\n<li>Photomaton de mariage<\/li>\n<li>Cintres pour mari\u00e9s<\/li>\n<\/ul>\n<p>Assim como Placard Mesas Casamento Madeira \/ e Talheres \/ e os Cart\u00f5es Marca\u00e7\u00e3o Mesa \/ e os Sparklers \/ e Placas \u201cL\u00e1 Vem a Noiva\u201d. Seja como for, tamb\u00e9m temos Ramos de Noiva Artificiais \/ e os Ramos de Solteiras \/ e Caixas de Envelopes. E ainda, as Ofertas a Pais e Padrinhos \/ e as Argolas de Guardanapos\/ e as Ementas.<\/p>\n<p><strong>Voir aussi : <a href=\"https:\/\/miminhosritacatita.com\/fr\/produit\/agenda-de-la-mariee\/\">Agenda de la mari\u00e9e<\/a><\/strong><\/p>\n<p><strong>Visitez notre Facebook :<\/strong> <a href=\"https:\/\/www.facebook.com\/pg\/miminhos.ritacatita\/photos\/?tab=albums\" target=\"_blank\" rel=\"noopener\">C\u00e2lins Rita Catita<\/a><\/p>\n<p>&nbsp;<\/p>","protected":false},"excerpt":{"rendered":"<p>Placard Mesas Casamento Madeira<\/p>\n<p>Dimens\u00e3o total: 1mt x 70cm<\/p>\n<p>Espessura da Madeira: 5mm<\/p>\n<p>Une excellente id\u00e9e pour rendre votre mariage encore plus m\u00e9morable et unique !<\/p>\n<p>&nbsp;<\/p>\n<p>&nbsp;<\/p>\n<p>&nbsp;<\/p>\n<p>&nbsp;<\/p>\n<p>&nbsp;<\/p>\n<p>&nbsp;<\/p>","protected":false},"featured_media":35808,"template":"","meta":[],"product_brand":[],"product_cat":[822],"product_tag":[],"class_list":{"0":"post-35804","1":"product","2":"type-product","3":"status-publish","4":"has-post-thumbnail","6":"product_cat-placards-para-mesas-de-casamento","8":"first","9":"instock","10":"taxable","11":"shipping-taxable","12":"purchasable","13":"product-type-simple"},"_links":{"self":[{"href":"https:\/\/miminhosritacatita.com\/fr\/wp-json\/wp\/v2\/product\/35804","targetHints":{"allow":["GET"]}}],"collection":[{"href":"https:\/\/miminhosritacatita.com\/fr\/wp-json\/wp\/v2\/product"}],"about":[{"href":"https:\/\/miminhosritacatita.com\/fr\/wp-json\/wp\/v2\/types\/product"}],"wp:featuredmedia":[{"embeddable":true,"href":"https:\/\/miminhosritacatita.com\/fr\/wp-json\/wp\/v2\/media\/35808"}],"wp:attachment":[{"href":"https:\/\/miminhosritacatita.com\/fr\/wp-json\/wp\/v2\/media?parent=35804"}],"wp:term":[{"taxonomy":"product_brand","embeddable":true,"href":"https:\/\/miminhosritacatita.com\/fr\/wp-json\/wp\/v2\/product_brand?post=35804"},{"taxonomy":"product_cat","embeddable":true,"href":"https:\/\/miminhosritacatita.com\/fr\/wp-json\/wp\/v2\/product_cat?post=35804"},{"taxonomy":"product_tag","embeddable":true,"href":"https:\/\/miminhosritacatita.com\/fr\/wp-json\/wp\/v2\/product_tag?post=35804"}],"curies":[{"name":"wp","href":"https:\/\/api.w.org\/{rel}","templated":true}]}}