{"id":34561,"date":"2022-12-27T13:07:02","date_gmt":"2022-12-27T13:07:02","guid":{"rendered":"https:\/\/miminhosritacatita.com\/?post_type=product&#038;p=34561"},"modified":"2025-09-29T10:55:34","modified_gmt":"2025-09-29T10:55:34","slug":"prenda-bodas-ouro-original-24x16","status":"publish","type":"product","link":"https:\/\/miminhosritacatita.com\/fr\/bodas\/bodas-de-ouro\/prendas-para-bodas-de-ouro\/prenda-bodas-ouro-original-24x16\/","title":{"rendered":"Prenda Bodas Ouro Original-24&#215;16"},"content":{"rendered":"<h1>Prenda Bodas Ouro Original-24&#215;16<\/h1>\n<p>Prenda Bodas Ouro Original-24&#215;16<\/p>\n<p>Le jubil\u00e9 d'argent est une c\u00e9l\u00e9bration tr\u00e8s importante qui arrive \u00e0 grands pas. Nous sommes convaincus qu'il s'agit d'une raison de faire la f\u00eate.<\/p>\n<p>Nous avons tous une histoire. Et nous soup\u00e7onnons que<strong> Prenda Bodas Ouro Original-24&#215;16 <\/strong>sont une bonne excuse pour nous parler des v\u00f4tres !<\/p>\n<p>Chaque d\u00e9tail compte, de la rencontre \u00e0 la date du mariage en passant par la liste des invit\u00e9s !  Alors commen\u00e7ons \u00e0 pr\u00e9parer le plus beau des jubil\u00e9s d'or.<\/p>\n<p>Nous comprenons que le m\u00e9rite du jubil\u00e9 d'or vous revient, mais que la mission est la n\u00f4tre. C'est pourquoi nous cr\u00e9ons des produits uniques adapt\u00e9s aux go\u00fbts de chaque client, en veillant toujours \u00e0 la qualit\u00e9, \u00e0 la perfection et au bon go\u00fbt.<\/p>\n<p>Fabriqu\u00e9s avec amour, nos cadeaux pour le jubil\u00e9 d'or sont con\u00e7us pour chaque client.<\/p>\n<h2>A nossa Prenda Bodas Ouro Original-24&#215;16<\/h2>\n<p>Au moment de se marier, tous les couples ont une histoire. Et chez Miminhos, nous savons que les souvenirs sont une bonne excuse pour raconter la v\u00f4tre !<\/p>\n<p>Fabriqu\u00e9s avec amour, les cadeaux sont faits pour chaque client, une id\u00e9e qui d\u00e9coule des d\u00e9tails de leur histoire. Alors, racontons-la telle qu'elle est, avec leurs propres mots.<\/p>\n<p>Nous avons donc des souvenirs de toutes les formes, de toutes les couleurs, de toutes les mati\u00e8res et \u00e0 tous les prix. De plus, nos cadeaux sont fabriqu\u00e9s ici, ce qui nous permet de ma\u00eetriser les d\u00e9lais de production.<\/p>\n<p>Dans tous les cas, achetez les produits qui feront de votre f\u00eate la meilleure dans la boutique en ligne de Miminhos. Il s'agit notamment d'invitations pour le jubil\u00e9 d'or, de souvenirs pour le jubil\u00e9 d'or, de cadeaux pour le jubil\u00e9 d'or, de porte-alliances et de livres d'honneur.<\/p>\n<ul>\n<li>Et aussi des pancartes, des bo\u00eetes \u00e0 enveloppes, des marqueurs de table, des menus et des paniers.<\/li>\n<\/ul>\n<p class=\"font_3\">Laissez-vous inspirer par notre travail et obtenez d\u00e8s \u00e0 pr\u00e9sent d'autres id\u00e9es de mariages dor\u00e9s, des plus simples aux plus \u00e9l\u00e9gants et formels, en passant par les plus amusants.<\/p>\n<p class=\"font_2\">Adaptez donc le design de votre cadeau de jubil\u00e9 d'or \u00e0 l'ambiance que vous souhaitez donner \u00e0 vos invit\u00e9s ce jour-l\u00e0.<\/p>\n<p class=\"font_3\">Portanto, veja j\u00e1, em baixo alguns tipos de Prenda Bodas Ouro Original-24&#215;16 criadas na loja da Miminhos.\u200b<\/p>\n<p><strong>Voir aussi : <a href=\"https:\/\/miminhosritacatita.com\/fr\/categorie-produit\/noces-dor\/convites-bodas-de-ouro\/\">Invitations de mariage<\/a><\/strong><\/p>\n<p><strong>Visitez notre <a href=\"https:\/\/www.instagram.com\/miminhos.rita.catita\/\" target=\"_blank\" rel=\"noopener\">Instagram<\/a><\/strong><\/p>","protected":false},"excerpt":{"rendered":"<p>Prenda Bodas Ouro Original-24&#215;16<\/p>\n<p>Material Cart\u00e3o e Madeira<\/p>\n<p>Une excellente id\u00e9e pour rendre votre journ\u00e9e encore plus m\u00e9morable et unique !<\/p>\n<p>&nbsp;<\/p>","protected":false},"featured_media":42162,"template":"","meta":[],"product_brand":[],"product_cat":[849],"product_tag":[],"class_list":{"0":"post-34561","1":"product","2":"type-product","3":"status-publish","4":"has-post-thumbnail","6":"product_cat-prendas-para-bodas-de-ouro","8":"first","9":"instock","10":"taxable","11":"shipping-taxable","12":"purchasable","13":"product-type-simple"},"_links":{"self":[{"href":"https:\/\/miminhosritacatita.com\/fr\/wp-json\/wp\/v2\/product\/34561","targetHints":{"allow":["GET"]}}],"collection":[{"href":"https:\/\/miminhosritacatita.com\/fr\/wp-json\/wp\/v2\/product"}],"about":[{"href":"https:\/\/miminhosritacatita.com\/fr\/wp-json\/wp\/v2\/types\/product"}],"wp:featuredmedia":[{"embeddable":true,"href":"https:\/\/miminhosritacatita.com\/fr\/wp-json\/wp\/v2\/media\/42162"}],"wp:attachment":[{"href":"https:\/\/miminhosritacatita.com\/fr\/wp-json\/wp\/v2\/media?parent=34561"}],"wp:term":[{"taxonomy":"product_brand","embeddable":true,"href":"https:\/\/miminhosritacatita.com\/fr\/wp-json\/wp\/v2\/product_brand?post=34561"},{"taxonomy":"product_cat","embeddable":true,"href":"https:\/\/miminhosritacatita.com\/fr\/wp-json\/wp\/v2\/product_cat?post=34561"},{"taxonomy":"product_tag","embeddable":true,"href":"https:\/\/miminhosritacatita.com\/fr\/wp-json\/wp\/v2\/product_tag?post=34561"}],"curies":[{"name":"wp","href":"https:\/\/api.w.org\/{rel}","templated":true}]}}