{"id":34510,"date":"2022-12-23T18:08:17","date_gmt":"2022-12-23T18:08:17","guid":{"rendered":"https:\/\/miminhosritacatita.com\/?post_type=product&#038;p=34510"},"modified":"2025-02-25T17:37:36","modified_gmt":"2025-02-25T17:37:36","slug":"cesta-natural-batismo-concha-m","status":"publish","type":"product","link":"https:\/\/miminhosritacatita.com\/fr\/batizado\/cestas-batizado\/cesta-natural-batismo-concha-m\/","title":{"rendered":"Cesta Natural Batismo Concha-M"},"content":{"rendered":"<h1>Cesta Natural Batismo Concha-M<\/h1>\n<p>Cesta Natural Batismo Concha-M<\/p>\n<p><b>O Batismo \u00e9<\/b> das mais importantes fases do crescimento do seu filho e est\u00e1 prestes a chegar. E estamos convencidos de que isso \u00e9 motivo para celebrar.<\/p>\n<p>Todos os detalhes contam, desde o nome do seu filho, \u00e0 data do nascimento, at\u00e9 \u00e0 lista de convidados!\u00a0 Porque vamos j\u00e1 come\u00e7ar a preparar o <b>Batismo<\/b> mais doce de sempre.<\/p>\n<p>Nous comprenons que le m\u00e9rite du <b>Batismo<\/b> \u00e9 seu, mas que a miss\u00e3o \u00e9 nossa. E, por isso, criamos\u00a0 uma Cesta para Batismo \u00fanica e adaptada ao gosto de cada cliente, cumprindo sempre com a qualidade e perfei\u00e7\u00e3o e bom gosto.<\/p>\n<p>Feitas com amor, a nossa<strong> Cesta Natural Batismo Concha-M <\/strong>s\u00e3o feitas para cada cliente. Pois na altura em que nascem, todos os beb\u00e9s j\u00e1 tem a sua hist\u00f3ria.<\/p>\n<h2>A nossa Cesta Natural Batismo Concha-M<\/h2>\n<p>E, na Miminhos, j\u00e1 sabemos que os Cestas s\u00e3o um bom pretexto para contar a sua!<\/p>\n<p>Fazemos as nossas cestas para cada cliente, ideia que resulta dos detalhes da sua hist\u00f3ria. Por isso, vamos j\u00e1 conta-la como ela \u00e9, pelas suas palavras.<\/p>\n<p>Temos cestas de todas as formas e cores e materiais e tamb\u00e9m a todos os pre\u00e7os. Al\u00e9m disso, fazemos as nossas cestas c\u00e1, j\u00e1 que \u00e9 o que nos d\u00e1 o controlo sobre o prazo de produ\u00e7\u00e3o.<\/p>\n<p>Compre j\u00e1 na Loja Online da Miminhos os produtos que far\u00e3o da sua festa<strong>, a melhor. Dos quais, Convites e Lembran\u00e7as e Conjuntos e Livros de Honra.<\/strong><\/p>\n<ul>\n<li><strong> Et aussi des pancartes, des bo\u00eetes \u00e0 enveloppes, des marqueurs de table, des menus et des paniers. <\/strong><\/li>\n<\/ul>\n<p><strong>Mas ainda, Baby Shower e Vestidos e Fatos e Topos de Bolo. <\/strong><strong>Para al\u00e9m disso, temos tamb\u00e9m um in<\/strong>sufl\u00e1vel e um escorrega para alugar, para si.<\/p>\n<p class=\"font_3\">Inspire-se no nosso trabalho e tenha j\u00e1 mais ideias de <strong>bapt\u00eame<\/strong>, des plus simples aux plus \u00e9l\u00e9gantes et formelles, en passant par les plus amusantes.<\/p>\n<p class=\"font_2\">Assim, combine j\u00e1 o estilo da sua Cesta Natural Batismo Concha com o ambiente que quer apresentar aos seus convidados no dia.<\/p>\n<p class=\"font_3\">Voici donc un aper\u00e7u de quelques-uns des types de <strong>cestas<\/strong> cr\u00e9\u00e9 dans la boutique Miminhos.<\/p>\n<p><strong>Voir aussi <a href=\"https:\/\/miminhosritacatita.com\/fr\/categorie-produit\/batizados\/\">Articles sur le bapt\u00eame<\/a><\/strong><\/p>\n<p><strong>Visitez notre <a href=\"https:\/\/www.instagram.com\/miminhos.rita.catita\/\" target=\"_blank\" rel=\"noopener\">Instagram<\/a><\/strong><\/p>\n<p>&nbsp;<\/p>","protected":false},"excerpt":{"rendered":"<p>A nossa Cesta Natural Batismo Concha-M \u00e9 personalizada ao seu gosto.<\/p>\n<p>Para altera\u00e7\u00f5es, indicar nas &#8220;notas&#8221;.<\/p>\n<p>O tamanho das cestas \u00e9 aproximado, o modelo das mesmas faz com que a dimens\u00e3o tamb\u00e9m mude, se quiser saber as medidas ao certo, por favor contacte-nos.<\/p>","protected":false},"featured_media":11225,"template":"","meta":[],"product_brand":[],"product_cat":[858,1032],"product_tag":[],"class_list":{"0":"post-34510","1":"product","2":"type-product","3":"status-publish","4":"has-post-thumbnail","6":"product_cat-batizado","7":"product_cat-cestas-batizado","9":"first","10":"instock","11":"taxable","12":"shipping-taxable","13":"purchasable","14":"product-type-simple"},"_links":{"self":[{"href":"https:\/\/miminhosritacatita.com\/fr\/wp-json\/wp\/v2\/product\/34510","targetHints":{"allow":["GET"]}}],"collection":[{"href":"https:\/\/miminhosritacatita.com\/fr\/wp-json\/wp\/v2\/product"}],"about":[{"href":"https:\/\/miminhosritacatita.com\/fr\/wp-json\/wp\/v2\/types\/product"}],"wp:featuredmedia":[{"embeddable":true,"href":"https:\/\/miminhosritacatita.com\/fr\/wp-json\/wp\/v2\/media\/11225"}],"wp:attachment":[{"href":"https:\/\/miminhosritacatita.com\/fr\/wp-json\/wp\/v2\/media?parent=34510"}],"wp:term":[{"taxonomy":"product_brand","embeddable":true,"href":"https:\/\/miminhosritacatita.com\/fr\/wp-json\/wp\/v2\/product_brand?post=34510"},{"taxonomy":"product_cat","embeddable":true,"href":"https:\/\/miminhosritacatita.com\/fr\/wp-json\/wp\/v2\/product_cat?post=34510"},{"taxonomy":"product_tag","embeddable":true,"href":"https:\/\/miminhosritacatita.com\/fr\/wp-json\/wp\/v2\/product_tag?post=34510"}],"curies":[{"name":"wp","href":"https:\/\/api.w.org\/{rel}","templated":true}]}}