{"id":32965,"date":"2022-10-03T14:12:58","date_gmt":"2022-10-03T14:12:58","guid":{"rendered":"https:\/\/miminhosritacatita.com\/?post_type=product&#038;p=32965"},"modified":"2025-01-06T10:47:32","modified_gmt":"2025-01-06T10:47:32","slug":"topo-bolo-bodas-ouro","status":"publish","type":"product","link":"https:\/\/miminhosritacatita.com\/fr\/bodas\/bodas-de-ouro\/topo-de-bolo-50\/topo-bolo-bodas-ouro\/","title":{"rendered":"Topo Bolo Bodas Ouro"},"content":{"rendered":"<h1>Topo Bolo Bodas Ouro<\/h1>\n<p>Topo Bolo Bodas Ouro<\/p>\n<p>As Bodas de Ouro s\u00e3o uma celebra\u00e7\u00e3o muito importante e est\u00e3o prestes a chegar. E estamos convencidos de que isso \u00e9 motivo para celebrar.<\/p>\n<p>Todos temos uma hist\u00f3ria. E, n\u00f3s suspeitamos de que o Topo Bolo Bodas Ouro seja\u00a0 um bom pretexto para (nos) contar a sua!<\/p>\n<p>Chaque d\u00e9tail compte, de la rencontre \u00e0 la date du mariage en passant par la liste des invit\u00e9s !  Alors commen\u00e7ons \u00e0 pr\u00e9parer le plus beau des jubil\u00e9s d'or.<\/p>\n<p>Entendemos que o m\u00e9rito pelas<b> Noces d'or<\/b>\u00a0\u00e9 seu, mas que a miss\u00e3o \u00e9 nossa. E, por isso, criamos produtos \u00fanicos e adaptados ao gosto de cada cliente, cumprindo sempre com a qualidade e perfei\u00e7\u00e3o e bom gosto.<\/p>\n<p>Feitos com amor, os nossos topos de bolo de bodas de ouro s\u00e3o feitos para cada cliente.<\/p>\n<h2>O Topo Bolo Bodas Ouro<\/h2>\n<p>Pela altura em que casam, todos os casais j\u00e1 tem uma hist\u00f3ria. E, na Miminhos, j\u00e1 sabemos que os topos de bolo de bodas de ouro s\u00e3o um bom pretexto para contar a sua!<\/p>\n<p>Seja como for, os brindes de bodas de ouro s\u00e3o feitos para cada cliente, ideia que resulta dos detalhes da sua hist\u00f3ria. Por isso, vamos j\u00e1 conta-la como ela \u00e9, pelas suas palavras.<\/p>\n<p>Assim, temos topos de bolo de todas as formas e cores e materiais e tamb\u00e9m a todos os pre\u00e7os. Al\u00e9m disso, os nossos brindes s\u00e3o feitos c\u00e1, j\u00e1 que \u00e9 o que nos d\u00e1 o controlo sobre o prazo de produ\u00e7\u00e3o.<\/p>\n<p>Compre j\u00e1 na Loja Online da Miminhos os produtos que far\u00e3o da sua festa<strong>, <\/strong>a melhor:<\/p>\n<ul>\n<li>Convites de Bodas de Ouro<\/li>\n<li>Abridor Lembran\u00e7a Bodas Ouro<\/li>\n<li>Porte-Alliances<\/li>\n<li>Livres d'honneur<\/li>\n<\/ul>\n<p>E ainda, Placards, Caixas de Envelopes, Marcadores de Mesa, Ementas e Cestas.<\/p>\n<p class=\"font_3\">Portanto, inspire-se no nosso trabalho e tenha j\u00e1 mais ideias de Bodas, desde as mais simples, \u00e0s mais elegantes e mais formais, at\u00e9 aos mais divertidos.<\/p>\n<p class=\"font_2\">Assim, combine j\u00e1 o design da sua <strong>noces d'or <\/strong>com o ambiente que quer apresentar aos seus convidados no dia.<\/p>\n<p class=\"font_3\">Voici donc un aper\u00e7u de quelques-uns des types de\u00a0<strong>Topo Bolo <\/strong>cr\u00e9\u00e9 dans la boutique Miminhos.<\/p>\n<p><strong>Voir aussi : <a href=\"https:\/\/miminhosritacatita.com\/fr\/categorie-produit\/noces-dor\/convites-bodas-de-ouro\/\">Convites p\/ 50 anos de casados<\/a><\/strong><\/p>\n<p><strong>Visitez notre <a href=\"https:\/\/www.instagram.com\/miminhos.rita.catita\/\" target=\"_blank\" rel=\"noopener\">Instagram<\/a><\/strong><\/p>","protected":false},"excerpt":{"rendered":"<p>Topo Bolo Bodas Ouro<\/p>\n<p>Dimens\u00e3o: 14x14cm &#8211; base tem 7cm<\/p>\n<p>Material: acr\u00edlico espelhado dourado 3mm<\/p>\n<p>O seu bolo vai ficar muito bonito com este acess\u00f3rio, fa\u00e7a j\u00e1 a sua encomenda.<\/p>","protected":false},"featured_media":32966,"template":"","meta":[],"product_brand":[],"product_cat":[1059],"product_tag":[],"class_list":{"0":"post-32965","1":"product","2":"type-product","3":"status-publish","4":"has-post-thumbnail","6":"product_cat-topo-de-bolo-50","8":"first","9":"instock","10":"taxable","11":"shipping-taxable","12":"purchasable","13":"product-type-simple"},"_links":{"self":[{"href":"https:\/\/miminhosritacatita.com\/fr\/wp-json\/wp\/v2\/product\/32965","targetHints":{"allow":["GET"]}}],"collection":[{"href":"https:\/\/miminhosritacatita.com\/fr\/wp-json\/wp\/v2\/product"}],"about":[{"href":"https:\/\/miminhosritacatita.com\/fr\/wp-json\/wp\/v2\/types\/product"}],"wp:featuredmedia":[{"embeddable":true,"href":"https:\/\/miminhosritacatita.com\/fr\/wp-json\/wp\/v2\/media\/32966"}],"wp:attachment":[{"href":"https:\/\/miminhosritacatita.com\/fr\/wp-json\/wp\/v2\/media?parent=32965"}],"wp:term":[{"taxonomy":"product_brand","embeddable":true,"href":"https:\/\/miminhosritacatita.com\/fr\/wp-json\/wp\/v2\/product_brand?post=32965"},{"taxonomy":"product_cat","embeddable":true,"href":"https:\/\/miminhosritacatita.com\/fr\/wp-json\/wp\/v2\/product_cat?post=32965"},{"taxonomy":"product_tag","embeddable":true,"href":"https:\/\/miminhosritacatita.com\/fr\/wp-json\/wp\/v2\/product_tag?post=32965"}],"curies":[{"name":"wp","href":"https:\/\/api.w.org\/{rel}","templated":true}]}}