{"id":32662,"date":"2022-09-16T14:25:49","date_gmt":"2022-09-16T14:25:49","guid":{"rendered":"https:\/\/miminhosritacatita.com\/?post_type=product&#038;p=32662"},"modified":"2025-04-22T09:26:20","modified_gmt":"2025-04-22T09:26:20","slug":"prenda-aniversario-caixa-chocolates","status":"publish","type":"product","link":"https:\/\/miminhosritacatita.com\/fr\/presentes-personalizados\/prendas-de-aniversario\/prenda-aniversario-caixa-chocolates\/","title":{"rendered":"Prenda Anivers\u00e1rio Caixa Chocolates"},"content":{"rendered":"<h1>Prenda Anivers\u00e1rio Caixa Chocolates<\/h1>\n<p>Prenda Anivers\u00e1rio Caixa Chocolates<\/p>\n<p>Un anniversaire est toujours une f\u00eate particuli\u00e8re pour la famille et les amis. Et \u00e0 ceux qui ont suivi nos pas - d'abord courts, puis plus longs - nous devons un souvenir particulier. C'est dans cette optique que Miminhos Rita Catita a d\u00e9velopp\u00e9 des cadeaux d'anniversaire personnalis\u00e9s.<\/p>\n<p>Dans nos magasins, nous disposons de diff\u00e9rents <strong>Cadeaux d'anniversaire<\/strong>, Les cadeaux sont personnalis\u00e9s et adapt\u00e9s aux besoins de chaque client, car leur anniversaire est unique et les cadeaux doivent l'\u00eatre aussi.<\/p>\n<p>Qu'est-ce que votre <strong>Cadeaux personnalis\u00e9s et cadeaux sur mesure<\/strong>, et les moments que vous \u00eates s\u00fbrs de ne pas oublier ?<\/p>\n<h2>A Prenda Anivers\u00e1rio Caixa Chocolates<\/h2>\n<p>Chez Miminhos Rita Catita, nous comprenons que le m\u00e9rite du choix vous revient, mais que l'engagement est le n\u00f4tre. C'est pourquoi nous d\u00e9veloppons des cadeaux personnalis\u00e9s, adapt\u00e9s aux besoins de chaque client.<\/p>\n<p>De plus, nos cadeaux personnalis\u00e9s sont produits en interne, ce qui nous permet de contr\u00f4ler totalement les d\u00e9lais de production.<\/p>\n<p>Encontre na Loja Online da Miminhos Rita Catita a resposta para todos os pormenores que tornar\u00e3o o seu anivers\u00e1rio \u00fanico: presentes personalizados, prendas personalizadas, prendas de anivers\u00e1rio, prendas para beb\u00e9s, prendas originais para adultos e crian\u00e7as, Chocolates personalizados com mensagens, os presentes mais originais que possa imaginar, como a Prenda Anivers\u00e1rio Caixa Chocolates.<\/p>\n<p>Ainsi,<\/p>\n<ul>\n<li>Cadeaux personnalis\u00e9s<\/li>\n<li>Pr\u00e9sents personnalis\u00e9s<\/li>\n<li>Cadeau pour b\u00e9b\u00e9<\/li>\n<li>Des cadeaux originaux et cr\u00e9atifs<\/li>\n<\/ul>\n<p>C'est pourquoi, fabriqu\u00e9s avec amour, certains cadeaux d'anniversaire sont d\u00e9j\u00e0 faits pour chaque client, une id\u00e9e qui d\u00e9coule des d\u00e9tails de leur histoire. Racontons-la donc telle qu'elle est, avec leurs propres mots.<\/p>\n<p>Le m\u00e9rite du cadeau personnalis\u00e9 vous revient, mais la mission est la n\u00f4tre. C'est pourquoi nous cr\u00e9ons des produits adapt\u00e9s au go\u00fbt de chaque client, en veillant toujours \u00e0 la qualit\u00e9, \u00e0 la perfection et au bon go\u00fbt.<\/p>\n<p>De plus, pour ce jour sp\u00e9cial, nous avons \u00e9galement des cadeaux plus diff\u00e9rents et plus originaux \u00e0 offrir au meilleur gar\u00e7on ou \u00e0 la meilleure fille d'anniversaire, une bo\u00eete de chocolats \u00e0 votre go\u00fbt \/ ou une bo\u00eete avec des chocolats et une boisson \/ ou d'autres cadeaux personnalis\u00e9s.<\/p>\n<p>Trouvez ici le cadeau d'anniversaire id\u00e9al pour votre bien-aim\u00e9(e), commandez d\u00e8s maintenant.<\/p>\n<p><strong>Voir aussi :<\/strong><a href=\"https:\/\/miminhosritacatita.com\/fr\/categorie-produit\/batizados\/\"> Articles de bapt\u00eame<\/a><\/p>\n<p><strong>Suivez-nous sur<a href=\"https:\/\/www.instagram.com\/miminhos.rita.catita\/\" target=\"_blank\" rel=\"noopener\"> Instagram<\/a><\/strong><\/p>","protected":false},"excerpt":{"rendered":"<p>Prenda Anivers\u00e1rio Caixa Chocolates<\/p>\n<p>Caixa com 6 mini chocolates personalizados (se quiser mudar as raz\u00f5es, indicar nas notas, depois de finalizar a encomenda)<\/p>\n<p>Encomende j\u00e1 o seu presente personalizado de anivers\u00e1rio.<\/p>\n<p>&nbsp;<\/p>","protected":false},"featured_media":42490,"template":"","meta":[],"product_brand":[],"product_cat":[1135],"product_tag":[],"class_list":{"0":"post-32662","1":"product","2":"type-product","3":"status-publish","4":"has-post-thumbnail","6":"product_cat-prendas-de-aniversario","8":"first","9":"instock","10":"taxable","11":"shipping-taxable","12":"purchasable","13":"product-type-simple"},"_links":{"self":[{"href":"https:\/\/miminhosritacatita.com\/fr\/wp-json\/wp\/v2\/product\/32662","targetHints":{"allow":["GET"]}}],"collection":[{"href":"https:\/\/miminhosritacatita.com\/fr\/wp-json\/wp\/v2\/product"}],"about":[{"href":"https:\/\/miminhosritacatita.com\/fr\/wp-json\/wp\/v2\/types\/product"}],"wp:featuredmedia":[{"embeddable":true,"href":"https:\/\/miminhosritacatita.com\/fr\/wp-json\/wp\/v2\/media\/42490"}],"wp:attachment":[{"href":"https:\/\/miminhosritacatita.com\/fr\/wp-json\/wp\/v2\/media?parent=32662"}],"wp:term":[{"taxonomy":"product_brand","embeddable":true,"href":"https:\/\/miminhosritacatita.com\/fr\/wp-json\/wp\/v2\/product_brand?post=32662"},{"taxonomy":"product_cat","embeddable":true,"href":"https:\/\/miminhosritacatita.com\/fr\/wp-json\/wp\/v2\/product_cat?post=32662"},{"taxonomy":"product_tag","embeddable":true,"href":"https:\/\/miminhosritacatita.com\/fr\/wp-json\/wp\/v2\/product_tag?post=32662"}],"curies":[{"name":"wp","href":"https:\/\/api.w.org\/{rel}","templated":true}]}}