{"id":32659,"date":"2022-09-16T14:18:23","date_gmt":"2022-09-16T14:18:23","guid":{"rendered":"https:\/\/miminhosritacatita.com\/?post_type=product&#038;p=32659"},"modified":"2026-03-16T17:45:14","modified_gmt":"2026-03-16T17:45:14","slug":"prenda-aniversario-espumante-gold","status":"publish","type":"product","link":"https:\/\/miminhosritacatita.com\/fr\/presentes-personalizados\/prendas-de-aniversario\/prenda-aniversario-espumante-gold\/","title":{"rendered":"Prenda Anivers\u00e1rio Espumante Gold"},"content":{"rendered":"<h1>Prenda Anivers\u00e1rio Espumante Gold<\/h1>\n<p>Prenda Anivers\u00e1rio Espumante Gold<\/p>\n<p>Un anniversaire est toujours une f\u00eate particuli\u00e8re pour la famille et les amis. Et \u00e0 ceux qui ont suivi nos pas - d'abord courts, puis plus longs - nous devons un souvenir particulier. C'est dans cette optique que Miminhos Rita Catita a d\u00e9velopp\u00e9 des cadeaux d'anniversaire personnalis\u00e9s.<\/p>\n<p>Dans nos magasins, nous disposons de diff\u00e9rents <strong>Cadeaux d'anniversaire<\/strong>, Les cadeaux sont personnalis\u00e9s et adapt\u00e9s aux besoins de chaque client, car leur anniversaire est unique et les cadeaux doivent l'\u00eatre aussi.<\/p>\n<p>Qu'est-ce que votre <strong>Cadeaux personnalis\u00e9s et cadeaux sur mesure<\/strong>, et les moments que vous \u00eates s\u00fbrs de ne pas oublier ?<\/p>\n<h2>Prenda Anivers\u00e1rio Espumante Gold<\/h2>\n<p>Chez Miminhos Rita Catita, nous comprenons que le m\u00e9rite du choix vous revient, mais que l'engagement est le n\u00f4tre. C'est pourquoi nous d\u00e9veloppons des cadeaux personnalis\u00e9s, adapt\u00e9s aux besoins de chaque client.<\/p>\n<p>De plus, nos cadeaux personnalis\u00e9s sont produits en interne, ce qui nous permet de contr\u00f4ler totalement les d\u00e9lais de production.<\/p>\n<p>Encontre na Loja Online da Miminhos Rita Catita a resposta para todos os pormenores que tornar\u00e3o o seu anivers\u00e1rio \u00fanico: presentes personalizados, prendas personalizadas, prendas de anivers\u00e1rio, prendas para beb\u00e9s, prendas originais para adultos e crian\u00e7as, Chocolates personalizados com mensagens, os presentes mais originais que possa imaginar, como a Prenda Anivers\u00e1rio Espumante Gold.<\/p>\n<p>Ainsi,<\/p>\n<ul>\n<li>Cadeaux personnalis\u00e9s<\/li>\n<li>Pr\u00e9sents personnalis\u00e9s<\/li>\n<li>Cadeau pour b\u00e9b\u00e9<\/li>\n<li>Des cadeaux originaux et cr\u00e9atifs<\/li>\n<\/ul>\n<p>C'est pourquoi, fabriqu\u00e9s avec amour, certains cadeaux d'anniversaire sont d\u00e9j\u00e0 faits pour chaque client, une id\u00e9e qui d\u00e9coule des d\u00e9tails de leur histoire. Racontons-la donc telle qu'elle est, avec leurs propres mots.<\/p>\n<p>E ainda, temos tamb\u00e9m para este dia especial mais presentes diferentes e originais para oferecer ao melhor aniversariante, uma caixa com chocolates e uma bebida \/ ou outras prendas personalizadas.<\/p>\n<p>Trouvez ici le cadeau d'anniversaire id\u00e9al pour votre bien-aim\u00e9(e), commandez d\u00e8s maintenant.<\/p>\n<p><strong>Voir aussi :<\/strong><a href=\"https:\/\/miminhosritacatita.com\/fr\/categorie-produit\/batizados\/\"> Articles de bapt\u00eame<\/a><\/p>\n<p><strong>Suivez-nous sur<a href=\"https:\/\/www.instagram.com\/miminhos.rita.catita\/\" target=\"_blank\" rel=\"noopener\"> Instagram<\/a><\/strong><\/p>","protected":false},"excerpt":{"rendered":"<p>Prenda Anivers\u00e1rio Espumante Gold<\/p>\n<p>Garrafa de Espumante 0,75L<\/p>\n<p>O Espumante Gold 23 Kilates \u00e9 um premiado espumante Austr\u00edaco produzido\u00a0 desde 1997 com as melhores uvas selecionadas da regi\u00e3o. Neste Espumante s\u00e3o adicionados genu\u00ednos flocos de ouro 23 Kilates comest\u00edveis que acrescentam um toque de brilho para qualquer ocasi\u00e3o.<\/p>\n<p>&nbsp;<\/p>","protected":false},"featured_media":25568,"template":"","meta":[],"product_brand":[],"product_cat":[1135],"product_tag":[],"class_list":{"0":"post-32659","1":"product","2":"type-product","3":"status-publish","4":"has-post-thumbnail","6":"product_cat-prendas-de-aniversario","8":"first","9":"instock","10":"taxable","11":"shipping-taxable","12":"purchasable","13":"product-type-simple"},"_links":{"self":[{"href":"https:\/\/miminhosritacatita.com\/fr\/wp-json\/wp\/v2\/product\/32659","targetHints":{"allow":["GET"]}}],"collection":[{"href":"https:\/\/miminhosritacatita.com\/fr\/wp-json\/wp\/v2\/product"}],"about":[{"href":"https:\/\/miminhosritacatita.com\/fr\/wp-json\/wp\/v2\/types\/product"}],"wp:featuredmedia":[{"embeddable":true,"href":"https:\/\/miminhosritacatita.com\/fr\/wp-json\/wp\/v2\/media\/25568"}],"wp:attachment":[{"href":"https:\/\/miminhosritacatita.com\/fr\/wp-json\/wp\/v2\/media?parent=32659"}],"wp:term":[{"taxonomy":"product_brand","embeddable":true,"href":"https:\/\/miminhosritacatita.com\/fr\/wp-json\/wp\/v2\/product_brand?post=32659"},{"taxonomy":"product_cat","embeddable":true,"href":"https:\/\/miminhosritacatita.com\/fr\/wp-json\/wp\/v2\/product_cat?post=32659"},{"taxonomy":"product_tag","embeddable":true,"href":"https:\/\/miminhosritacatita.com\/fr\/wp-json\/wp\/v2\/product_tag?post=32659"}],"curies":[{"name":"wp","href":"https:\/\/api.w.org\/{rel}","templated":true}]}}