{"id":30166,"date":"2022-05-09T15:40:26","date_gmt":"2022-05-09T15:40:26","guid":{"rendered":"https:\/\/miminhosritacatita.com\/?post_type=product&#038;p=30166"},"modified":"2024-09-18T09:45:32","modified_gmt":"2024-09-18T09:45:32","slug":"bandeirolas-originais-baby-shower","status":"publish","type":"product","link":"https:\/\/miminhosritacatita.com\/fr\/baby-shower\/acessorios-baby-shower\/bandeirolas-originais-baby-shower\/","title":{"rendered":"Bandeirolas Originais Baby Shower"},"content":{"rendered":"<h1>Bandeirolas Originais Baby Shower<\/h1>\n<p>Bandeirolas Originais Baby Shower<\/p>\n<p>Dizem que o segredo est\u00e1 nos detalhes\u2026 E n\u00f3s acreditamos! Na nossa loja os Acess\u00f3rios para Baby Shower s\u00e3o dos nossos detalhes favoritos.<\/p>\n<p>Dos Bolos de Fraldas aos Photobooths\u2026 Qual ser\u00e1 o seu ? Pense!, porque \u00e9 aqui que o estilo pessoal vai brilhar!<\/p>\n<p>Assim, feitos com amor, os nossos acess\u00f3rios de baby shower s\u00e3o feitos para cada cliente, ideia que resulta dos detalhes da sua hist\u00f3ria. Por isso, vamos j\u00e1 conta-la como ela \u00e9, pelas suas palavras.<\/p>\n<h2>Bandeirolas Originais Baby Shower<\/h2>\n<p>Nous comprenons que le m\u00e9rite du <b>Douche de b\u00e9b\u00e9<\/b> Et c'est \u00e0 vous, mais la mission est la n\u00f4tre. Et, pour cela, nous cr\u00e9ons des produits adapt\u00e9s aux go\u00fbts de chaque client, en respectant toujours la qualit\u00e9, la perfection et le bon go\u00fbt.<\/p>\n<p>Ainsi, trouvez dans la Boutique en Ligne la r\u00e9ponse \u00e0 tous les d\u00e9tails qui rendront votre f\u00eate unique.<\/p>\n<p>Ainsi, nous avons \u00e9galement encore \u00e0 louer un ch\u00e2teau gonflable et un toboggan. Par cons\u00e9quent, demandez votre devis en pr\u00e9cisant le jour de l'\u00e9v\u00e9nement et si vous souhaitez le retirer en magasin ou si vous souhaitez que nous nous d\u00e9placions sur le lieu de l'\u00e9v\u00e9nement pour l'installation \/ et le d\u00e9sassemblage.<\/p>\n<p>Encontre aqui a resposta para todos os detalhes que far\u00e3o o seu Ch\u00e1 de beb\u00e9 \u00fanico. Dos quais Convites \/ Lembran\u00e7as de ch\u00e1 de Beb\u00e9 \/ Livros de Honra \/ e Baldes de pipocas.<\/p>\n<ul>\n<li>Mas tamb\u00e9m, Pins originais \/ Cesta para Lembran\u00e7a \/ e Bandeirolas \/ e Presentes especiais. Assim como Bodys \/ e Toalhas de Banho \/ e os Topo de Bolo \/ e os Sparklers \/ e Placas Boas Vindas.<\/li>\n<\/ul>\n<p><strong>Voir aussi : <a href=\"https:\/\/miminhosritacatita.com\/fr\/categorie-produit\/gravidez-e-nascimento\/\">Presentes para Beb\u00e9s<\/a><\/strong><\/p>\n<p><strong>Visitez notre <a href=\"https:\/\/www.instagram.com\/miminhos.rita.catita\/\" target=\"_blank\" rel=\"noopener\">Instagram<\/a><\/strong><\/p>","protected":false},"excerpt":{"rendered":"<p>Bandeirolas Originais Baby Shower<\/p>\n<p>Indique nas notas a cor pretendida para a fita<\/p>\n<p>Encontre aqui a resposta para todos os pormenores que far\u00e3o a sua festa \u00fanica.<\/p>","protected":false},"featured_media":30167,"template":"","meta":[],"product_brand":[],"product_cat":[1112],"product_tag":[],"class_list":{"0":"post-30166","1":"product","2":"type-product","3":"status-publish","4":"has-post-thumbnail","6":"product_cat-acessorios-baby-shower","8":"first","9":"instock","10":"taxable","11":"shipping-taxable","12":"purchasable","13":"product-type-simple"},"_links":{"self":[{"href":"https:\/\/miminhosritacatita.com\/fr\/wp-json\/wp\/v2\/product\/30166","targetHints":{"allow":["GET"]}}],"collection":[{"href":"https:\/\/miminhosritacatita.com\/fr\/wp-json\/wp\/v2\/product"}],"about":[{"href":"https:\/\/miminhosritacatita.com\/fr\/wp-json\/wp\/v2\/types\/product"}],"wp:featuredmedia":[{"embeddable":true,"href":"https:\/\/miminhosritacatita.com\/fr\/wp-json\/wp\/v2\/media\/30167"}],"wp:attachment":[{"href":"https:\/\/miminhosritacatita.com\/fr\/wp-json\/wp\/v2\/media?parent=30166"}],"wp:term":[{"taxonomy":"product_brand","embeddable":true,"href":"https:\/\/miminhosritacatita.com\/fr\/wp-json\/wp\/v2\/product_brand?post=30166"},{"taxonomy":"product_cat","embeddable":true,"href":"https:\/\/miminhosritacatita.com\/fr\/wp-json\/wp\/v2\/product_cat?post=30166"},{"taxonomy":"product_tag","embeddable":true,"href":"https:\/\/miminhosritacatita.com\/fr\/wp-json\/wp\/v2\/product_tag?post=30166"}],"curies":[{"name":"wp","href":"https:\/\/api.w.org\/{rel}","templated":true}]}}