{"id":27542,"date":"2022-03-01T16:41:21","date_gmt":"2022-03-01T16:41:21","guid":{"rendered":"https:\/\/miminhosritacatita.com\/?post_type=product&#038;p=27542"},"modified":"2025-09-22T15:08:44","modified_gmt":"2025-09-22T15:08:44","slug":"kit-photobooth-placas-casamento","status":"publish","type":"product","link":"https:\/\/miminhosritacatita.com\/fr\/casamento\/photo-booth-casamento\/kit-photobooth-placas-casamento\/","title":{"rendered":"Kit Photobooth Placas Casamento"},"content":{"rendered":"<h1>Kit Photobooth Placas Casamento<\/h1>\n<p>Kit Photobooth Placas Casamento<\/p>\n<p>Dizem que o segredo est\u00e1 nos detalhes\u2026 E n\u00f3s acreditamos! Na nossa loja os Photo Booth s\u00e3o dos nossos detalhes favoritos.<\/p>\n<p>Dos robes \u00e0s ligas\u2026 Como ser\u00e3o os vossos Photo booths? Pense!, porque \u00e9 aqui que o estilo pessoal vai brilhar!<\/p>\n<p>Feitas com amor, os nossos Photo booth s\u00e3o feitos para cada cliente, ideia que resulta dos detalhes da sua hist\u00f3ria. Por isso, vamos j\u00e1 conta-la como ela \u00e9, pelas suas palavras.<\/p>\n<p>Temos, na nossa loja, v\u00e1rios Photo Booths para diversos pre\u00e7os e gostos, mantendo sempre a promessa de qualidade.<\/p>\n<h2>O Kit Photobooth Placas Casamento<\/h2>\n<p>Nous comprenons que le m\u00e9rite du <b>Mariage<\/b> Et c'est \u00e0 vous, mais la mission est la n\u00f4tre. Et, pour cela, nous cr\u00e9ons des produits adapt\u00e9s aux go\u00fbts de chaque client, en respectant toujours la qualit\u00e9, la perfection et le bon go\u00fbt.<\/p>\n<p>Assim, encontre na Loja Online a resposta para todos os pormenores que far\u00e3o a sua festa \u00fanica. Ent\u00e3o o Photo Booth Casamento Solteiro \u00e9 a solu\u00e7\u00e3o!<\/p>\n<p>Tamb\u00e9m alugamos carros para o transporte dos noivos. Para saber o pre\u00e7o contacte-nos e informe a data do Evento,\u00a0 a morada de recolha, a da Igreja e a do local da boda.<\/p>\n<p>Assim, temos ainda para alugar um insufl\u00e1vel e um escorrega. Portanto, pe\u00e7a o seu or\u00e7amento dizendo em que dia ser\u00e1 o evento e se o deseja levantar em loja ou se pretende que nos desloquemos ao local do evento para a montagem\u00a0 e desmontagem.<\/p>\n<p>Encontre aqui a resposta para todos os detalhes que far\u00e3o o seu Casamento \u00fanico. Portanto dos quais Convites, Kit Photobooth Placas Casamento,\u00a0 Porta Alian\u00e7as, Livros de Honra, Lembran\u00e7as. Mas tamb\u00e9m, as Cestas de Lembran\u00e7as e os Photo Booth A Madrinha do Noivo e os Cabides.<\/p>\n<ul>\n<li>Assim como Flutes, Talheres, os Bal\u00f5es, os Sparklers\u00a0 e Placas para Casamento.<\/li>\n<\/ul>\n<p>Tamb\u00e9m temos Ramos de Noiva Artificiais, os Ramos de Solteiras, Caixas de Envelopes. E ainda, as Ofertas a Pais e Padrinhos, as Argolas de Guardanapos e as Ementas.<\/p>\n<p><strong>Voir aussi : <a href=\"https:\/\/miminhosritacatita.com\/fr\/produit\/agenda-de-la-mariee\/\">Agenda de la mari\u00e9e<\/a><\/strong><\/p>\n<p>Suivez-nous sur <a href=\"https:\/\/www.instagram.com\/miminhos.rita.catita\/\" target=\"_blank\" rel=\"noopener\">Instagram<\/a><\/p>","protected":false},"excerpt":{"rendered":"<p>Kit Photobooth Placas Casamento<\/p>\n<p>Inclui 10 photobooths sortidos standard, contudo pode escolher esses 10 destas fotos, indicando nas notas.<\/p>\n<p>Papel 250gr com palito<\/p>\n<p>Dimens\u00e3o: Aprox A5<\/p>\n<p>Um detalhe que assim conseguir\u00e1 as fotos mais divertidas no seu casamento!<\/p>\n<p>&nbsp;<\/p>\n<p>&nbsp;<\/p>\n<p>&nbsp;<\/p>\n<p>&nbsp;<\/p>\n<p>&nbsp;<\/p>","protected":false},"featured_media":30480,"template":"","meta":[],"product_brand":[],"product_cat":[821],"product_tag":[1111,1064,1117],"class_list":{"0":"post-27542","1":"product","2":"type-product","3":"status-publish","4":"has-post-thumbnail","6":"product_cat-photo-booth-casamento","7":"product_tag-nao-feed","8":"product_tag-naofeed","9":"product_tag-naofeedgoogle","11":"first","12":"instock","13":"taxable","14":"shipping-taxable","15":"purchasable","16":"product-type-simple"},"_links":{"self":[{"href":"https:\/\/miminhosritacatita.com\/fr\/wp-json\/wp\/v2\/product\/27542","targetHints":{"allow":["GET"]}}],"collection":[{"href":"https:\/\/miminhosritacatita.com\/fr\/wp-json\/wp\/v2\/product"}],"about":[{"href":"https:\/\/miminhosritacatita.com\/fr\/wp-json\/wp\/v2\/types\/product"}],"wp:featuredmedia":[{"embeddable":true,"href":"https:\/\/miminhosritacatita.com\/fr\/wp-json\/wp\/v2\/media\/30480"}],"wp:attachment":[{"href":"https:\/\/miminhosritacatita.com\/fr\/wp-json\/wp\/v2\/media?parent=27542"}],"wp:term":[{"taxonomy":"product_brand","embeddable":true,"href":"https:\/\/miminhosritacatita.com\/fr\/wp-json\/wp\/v2\/product_brand?post=27542"},{"taxonomy":"product_cat","embeddable":true,"href":"https:\/\/miminhosritacatita.com\/fr\/wp-json\/wp\/v2\/product_cat?post=27542"},{"taxonomy":"product_tag","embeddable":true,"href":"https:\/\/miminhosritacatita.com\/fr\/wp-json\/wp\/v2\/product_tag?post=27542"}],"curies":[{"name":"wp","href":"https:\/\/api.w.org\/{rel}","templated":true}]}}