{"id":23855,"date":"2022-01-06T13:40:57","date_gmt":"2022-01-06T13:40:57","guid":{"rendered":"https:\/\/miminhosritacatita.com\/?post_type=product&#038;p=23855"},"modified":"2025-11-13T10:22:27","modified_gmt":"2025-11-13T10:22:27","slug":"menus-casamento-impressao-dourada","status":"publish","type":"product","link":"https:\/\/miminhosritacatita.com\/fr\/casamento\/ementas-de-casamento\/menus-casamento-impressao-dourada\/","title":{"rendered":"Menus Casamento Impress\u00e3o Dourada"},"content":{"rendered":"<h1>Menus Casamento Impress\u00e3o Dourada<\/h1>\n<p>Menus Casamento Impress\u00e3o Dourada<\/p>\n<p>On dit que le secret est dans les d\u00e9tails... Et nous y croyons ! Dans notre boutique, les menus de mariage sont l'un de nos d\u00e9tails pr\u00e9f\u00e9r\u00e9s.<\/p>\n<p>Des robes de chambre aux jarreti\u00e8res... \u00c0 quoi ressembleront vos menus de mariage ? Pensez-y, car c'est l\u00e0 que votre style personnel brillera !<\/p>\n<p>R\u00e9alis\u00e9s avec amour, nos menus de mariage sont con\u00e7us pour chaque client, une id\u00e9e qui d\u00e9coule des d\u00e9tails de leur histoire. Racontez-nous donc les choses telles qu'elles sont, avec vos propres mots.<\/p>\n<p>Dans notre magasin, nous proposons diff\u00e9rents menus de mariage pour r\u00e9pondre \u00e0 des prix et \u00e0 des go\u00fbts diff\u00e9rents, tout en respectant la promesse de qualit\u00e9.<\/p>\n<h2>Os Menus Casamento Impress\u00e3o Dourada<\/h2>\n<p>Nous comprenons que le m\u00e9rite du <b>Mariage<\/b> Et c'est \u00e0 vous, mais la mission est la n\u00f4tre. Et, pour cela, nous cr\u00e9ons des produits adapt\u00e9s aux go\u00fbts de chaque client, en respectant toujours la qualit\u00e9, la perfection et le bon go\u00fbt.<\/p>\n<p>Nous louons \u00e9galement des voitures pour le transport des mari\u00e9s. Pour conna\u00eetre le prix, contactez-nous en nous indiquant la date de l'\u00e9v\u00e9nement \/ l'adresse de prise en charge \/ l'adresse de l'\u00e9glise \/ et le lieu du mariage.<\/p>\n<p>Vous trouverez donc dans la boutique en ligne la r\u00e9ponse \u00e0 tous les d\u00e9tails qui rendront votre c\u00e9l\u00e9bration unique, tels que les menus de mariage.<\/p>\n<p>Ainsi, nous avons \u00e9galement encore \u00e0 louer un ch\u00e2teau gonflable et un toboggan. Par cons\u00e9quent, demandez votre devis en pr\u00e9cisant le jour de l'\u00e9v\u00e9nement et si vous souhaitez le retirer en magasin ou si vous souhaitez que nous nous d\u00e9placions sur le lieu de l'\u00e9v\u00e9nement pour l'installation \/ et le d\u00e9sassemblage.<\/p>\n<ul>\n<li>Vous trouverez ici la r\u00e9ponse \u00e0 tous les d\u00e9tails qui rendront votre mariage unique. Invitations de mariage \/ Menus de mariage \/ Porte-alliances \/ Livres d'honneur \/ Souvenirs de mariage. Mais aussi des paniers souvenirs \/ et des cabines photos \/ et des cintres. Ainsi que des fl\u00fbtes \/ et des couverts \/ et des ballons \/ et des cierges magiques \/ et des assiettes \u201cHere Comes the Bride\u201d.<\/li>\n<\/ul>\n<p>Tamb\u00e9m temos Ramos de Noiva Artificiais \/ e os Ramos de Solteiras \/ e Caixas de Envelopes. E ainda, as Ofertas a Pais e Padrinhos \/ e as Argolas de Guardanapos\/ e as Ementas. Seja como for, encomende j\u00e1 os seus Menus Casamento Impress\u00e3o Dourada!<\/p>\n<p>Voir aussi : <a href=\"https:\/\/miminhosritacatita.com\/fr\/produit\/agenda-de-la-mariee\/\">Agenda de la mari\u00e9e<\/a><\/p>\n<p><strong>Suivez-nous sur <a href=\"https:\/\/www.instagram.com\/miminhos.rita.catita\/\" target=\"_blank\" rel=\"noopener\">Instagram<\/a><\/strong><\/p>","protected":false},"excerpt":{"rendered":"<p>Menus Casamento Impress\u00e3o Dourada<\/p>\n<p>Dimens\u00e3o: 10 x 14,8cm<\/p>\n<p>Impress\u00e3o Dourado espelhado apenas no rebordo, caso altere dimens\u00f5es da pe\u00e7a ou do rebordo dourado, os valores ser\u00e3o alterados.<\/p>\n<p>Personnalisez le menu en fonction des couleurs ou des th\u00e8mes de votre c\u00e9r\u00e9monie !<\/p>\n<p>&nbsp;<\/p>","protected":false},"featured_media":65937,"template":"","meta":[],"product_brand":[],"product_cat":[789],"product_tag":[],"class_list":{"0":"post-23855","1":"product","2":"type-product","3":"status-publish","4":"has-post-thumbnail","6":"product_cat-ementas-de-casamento","8":"first","9":"instock","10":"taxable","11":"shipping-taxable","12":"purchasable","13":"product-type-simple"},"_links":{"self":[{"href":"https:\/\/miminhosritacatita.com\/fr\/wp-json\/wp\/v2\/product\/23855","targetHints":{"allow":["GET"]}}],"collection":[{"href":"https:\/\/miminhosritacatita.com\/fr\/wp-json\/wp\/v2\/product"}],"about":[{"href":"https:\/\/miminhosritacatita.com\/fr\/wp-json\/wp\/v2\/types\/product"}],"wp:featuredmedia":[{"embeddable":true,"href":"https:\/\/miminhosritacatita.com\/fr\/wp-json\/wp\/v2\/media\/65937"}],"wp:attachment":[{"href":"https:\/\/miminhosritacatita.com\/fr\/wp-json\/wp\/v2\/media?parent=23855"}],"wp:term":[{"taxonomy":"product_brand","embeddable":true,"href":"https:\/\/miminhosritacatita.com\/fr\/wp-json\/wp\/v2\/product_brand?post=23855"},{"taxonomy":"product_cat","embeddable":true,"href":"https:\/\/miminhosritacatita.com\/fr\/wp-json\/wp\/v2\/product_cat?post=23855"},{"taxonomy":"product_tag","embeddable":true,"href":"https:\/\/miminhosritacatita.com\/fr\/wp-json\/wp\/v2\/product_tag?post=23855"}],"curies":[{"name":"wp","href":"https:\/\/api.w.org\/{rel}","templated":true}]}}