{"id":23461,"date":"2021-12-24T10:53:10","date_gmt":"2021-12-24T10:53:10","guid":{"rendered":"https:\/\/miminhosritacatita.com\/?post_type=product&#038;p=23461"},"modified":"2024-12-02T16:01:09","modified_gmt":"2024-12-02T16:01:09","slug":"bola-natal-personalizada-rena","status":"publish","type":"product","link":"https:\/\/miminhosritacatita.com\/fr\/presentes-personalizados\/natal\/bolas-de-natal-personalizadas\/bola-natal-personalizada-rena\/","title":{"rendered":"Bola Natal Personalizada Rena"},"content":{"rendered":"<h1>Bola Natal Personalizada Rena<\/h1>\n<p style=\"text-align: left;\">Esta \u00e9 uma festa de cora\u00e7\u00e3o aberto. E aos que seguem os nossos passos, devemos uma recorda\u00e7\u00e3o especial. A pensar nisso, criamos a Bola Natal Personalizada Rena e prendas de natal, al\u00e9m de presentes personalizados.<\/p>\n<p style=\"text-align: left;\">Temos <strong>Ofertas de encontro<\/strong> ao seu gosto, porque esta festa \u00e9 \u00fanica e as ofertas devem ser tamb\u00e9m.<\/p>\n<p style=\"text-align: left;\">Assim sendo, quais s\u00e3o as suas <strong>Prendas de natal e bolas de natal<\/strong>, para al\u00e9m dos momentos que, n\u00e3o se v\u00e3o esquecer?<\/p>\n<p style=\"text-align: left;\">Portanto, o m\u00e9rito pela escolha \u00e9 seu, mas o dever \u00e9 nosso. E, por isso, fazemos prendas de natal e presentes personalizados, ajustados ao desejo de cada cliente.<\/p>\n<p style=\"text-align: left;\">Portanto, encontre aqui a resposta para todos os detalhes que far\u00e3o da sua festa, a melhor.<\/p>\n<h2 style=\"text-align: left;\">A nossa Bola Natal Personalizada Rena<\/h2>\n<p style=\"text-align: left;\">Est\u00e1 \u00e9 uma \u00e9poca de amor, de reacender o fogo da vida e de renovar os sonhos\u00a0 para o ano novo que j\u00e1 se anuncia.<\/p>\n<p>Portanto temos Bolas da natal e Prendas personalizadas para adultos e crian\u00e7as.<\/p>\n<ul>\n<li>E ainda, Chocolates com mensagens, pendas personalizadas e criativas, presentes personalizados e originais.<\/li>\n<\/ul>\n<p>Para al\u00e9m disso, as nossas Bolas de Natal Personalizadas e presentes personalizados s\u00e3o feitos c\u00e1 j\u00e1 que \u00e9 o que nos d\u00e1 total controlo sobre os prazos de produ\u00e7\u00e3o.<\/p>\n<p style=\"text-align: left;\">\u00c9 tempo de olhar para a frente com \u00e2nimo, levando todas as li\u00e7\u00f5es que aprendemos.<\/p>\n<p style=\"text-align: left;\">Assim, desejamos j\u00e1 boas festas. Esperamos, por mais um ano, partilhar grandes momentos!<\/p>\n<p style=\"text-align: left;\"><strong>Voir aussi : <a href=\"https:\/\/miminhosritacatita.com\/fr\/categorie-produit\/natal\/prendas-de-natal\/\">Prendas de Natal<\/a><\/strong><\/p>\n<p style=\"text-align: left;\"><strong>Visite o nosso <a href=\"https:\/\/www.instagram.com\/miminhos.rita.catita\/\" target=\"_blank\" rel=\"noopener\">Instagram<\/a><\/strong><\/p>","protected":false},"excerpt":{"rendered":"<p>Bola Natal Personalizada Rena<\/p>\n<p>Indicar o Nome a colocar.<\/p>\n<p>Material da Imagem: Acr\u00edlico fosco com impress\u00e3o e dourado por cima<\/p>\n<p>Dimens\u00e3o: 8,8cm<\/p>","protected":false},"featured_media":42009,"template":"","meta":[],"product_brand":[],"product_cat":[1018,1137],"product_tag":[],"class_list":{"0":"post-23461","1":"product","2":"type-product","3":"status-publish","4":"has-post-thumbnail","6":"product_cat-natal","7":"product_cat-bolas-de-natal-personalizadas","9":"first","10":"instock","11":"taxable","12":"shipping-taxable","13":"purchasable","14":"product-type-simple"},"_links":{"self":[{"href":"https:\/\/miminhosritacatita.com\/fr\/wp-json\/wp\/v2\/product\/23461","targetHints":{"allow":["GET"]}}],"collection":[{"href":"https:\/\/miminhosritacatita.com\/fr\/wp-json\/wp\/v2\/product"}],"about":[{"href":"https:\/\/miminhosritacatita.com\/fr\/wp-json\/wp\/v2\/types\/product"}],"wp:featuredmedia":[{"embeddable":true,"href":"https:\/\/miminhosritacatita.com\/fr\/wp-json\/wp\/v2\/media\/42009"}],"wp:attachment":[{"href":"https:\/\/miminhosritacatita.com\/fr\/wp-json\/wp\/v2\/media?parent=23461"}],"wp:term":[{"taxonomy":"product_brand","embeddable":true,"href":"https:\/\/miminhosritacatita.com\/fr\/wp-json\/wp\/v2\/product_brand?post=23461"},{"taxonomy":"product_cat","embeddable":true,"href":"https:\/\/miminhosritacatita.com\/fr\/wp-json\/wp\/v2\/product_cat?post=23461"},{"taxonomy":"product_tag","embeddable":true,"href":"https:\/\/miminhosritacatita.com\/fr\/wp-json\/wp\/v2\/product_tag?post=23461"}],"curies":[{"name":"wp","href":"https:\/\/api.w.org\/{rel}","templated":true}]}}