{"id":22941,"date":"2021-11-29T15:52:10","date_gmt":"2021-11-29T15:52:10","guid":{"rendered":"https:\/\/miminhosritacatita.com\/?post_type=product&#038;p=22941"},"modified":"2025-02-04T12:37:22","modified_gmt":"2025-02-04T12:37:22","slug":"bouteille-en-verre-educateur-ou-enseignant","status":"publish","type":"product","link":"https:\/\/miminhosritacatita.com\/fr\/presentes-personalizados\/prendas-para-educadora\/garrafa-vidro-educadora-ou-professora\/","title":{"rendered":"Bouteille en verre pour \u00e9ducateur ou enseignant"},"content":{"rendered":"<h1>Bouteille en verre pour \u00e9ducateur ou enseignant<\/h1>\n<p>Bouteille en verre pour \u00e9ducateur ou enseignant<\/p>\n<p>On dit que le secret est dans les d\u00e9tails... Et c'est ce que nous croyons ! Dans notre boutique, la bouteille pour enseignant ou \u00e9ducateur est l'un de nos d\u00e9tails pr\u00e9f\u00e9r\u00e9s.<\/p>\n<p>Des colliers aux bracelets... \u00c0 quoi ressemblera le v\u00f4tre ? R\u00e9fl\u00e9chissez ! car c'est l\u00e0 que ce cadeau sp\u00e9cial brillera !<\/p>\n<p>Ainsi, fabriqu\u00e9s avec amour, nos cadeaux sont faits pour chaque client, une id\u00e9e qui d\u00e9coule des d\u00e9tails de chaque histoire. Alors disons les choses telles qu'elles sont, avec vos propres mots.<\/p>\n<p>Dans notre boutique, nous proposons diff\u00e9rents coffrets \u00e9ducateurs pour diff\u00e9rents prix et go\u00fbts, tout en gardant la promesse de la qualit\u00e9.<\/p>\n<h2>Bouteille en verre pour l'\u00e9ducateur ou l'enseignant<\/h2>\n<p>Par cons\u00e9quent, nous estimons que le m\u00e9rite de <b>pr\u00e9sent<\/b> Et c'est \u00e0 vous, mais la mission est la n\u00f4tre. Et, pour cela, nous cr\u00e9ons des produits adapt\u00e9s aux go\u00fbts de chaque client, en respectant toujours la qualit\u00e9, la perfection et le bon go\u00fbt.<\/p>\n<p>Trouvez donc la r\u00e9ponse \u00e0 tous les d\u00e9tails qui rendront votre cadeau unique dans la boutique en ligne.<\/p>\n<p>Nous louons \u00e9galement des voitures pour le transport des mari\u00e9s. Pour conna\u00eetre le prix, contactez-nous en nous indiquant la date de l'\u00e9v\u00e9nement \/ l'adresse de prise en charge \/ l'adresse de l'\u00e9glise \/ et le lieu du mariage.<\/p>\n<p>Nous avons \u00e9galement une structure gonflable et un toboggan \u00e0 louer. Demandez un devis en pr\u00e9cisant le jour de l'\u00e9v\u00e9nement et si vous souhaitez venir le chercher au magasin ou que nous venions sur place pour l'installer et le d\u00e9monter.<\/p>\n<p>Vous trouverez ici la r\u00e9ponse \u00e0 tous les d\u00e9tails qui rendront votre cadeau unique. Par exemple, bouteille en verre pour \u00e9ducateur ou enseignant \/ porte-collier \/ colliers personnalis\u00e9s \/ kit d'\u00e9ducateur et bien plus encore !<\/p>\n<p><strong>Ainsi,<\/strong><\/p>\n<ul>\n<li><strong>Bouteilles<\/strong><\/li>\n<li><strong>Blocs-notes<br \/>\n<\/strong><\/li>\n<li><strong>Cadres personnalis\u00e9s<br \/>\n<\/strong><\/li>\n<li><strong>Bracelets et bien plus encore.<\/strong><\/li>\n<\/ul>\n<p>Et pour cette journ\u00e9e sp\u00e9ciale, nous avons aussi des cadeaux plus diff\u00e9rents et plus originaux pour les enseignants et les \u00e9ducateurs : une bo\u00eete de chocolat \u00e0 votre go\u00fbt \/ un biros personnalis\u00e9 \/ ou des chocolats avec un message.<\/p>\n<p>Trouvez le cadeau id\u00e9al pour le meilleur assistant \/ soignant \/ enseignant ici, commandez maintenant.<\/p>\n<p><strong>Voir aussi : <a href=\"https:\/\/miminhosritacatita.com\/fr\/produit\/agenda-de-la-mariee\/\">Agenda de la mari\u00e9e<\/a><\/strong><\/p>\n<p><strong>Suivez-nous sur<a href=\"https:\/\/www.instagram.com\/miminhos.rita.catita\/\" target=\"_blank\" rel=\"noopener\"> Instagram<\/a><\/strong><\/p>","protected":false},"excerpt":{"rendered":"<p>Bouteille en verre pour \u00e9ducateur ou enseignant<\/p>\n<p>Capacit\u00e9 : 540 ml<\/p>\n<p>Mat\u00e9riau : Verre et bouchon \u00e0 vis en bambou, pochette en silicone incluse<\/p>\n<p>Couleurs du sac disponibles : Blanc<\/p>\n<p>Indiquez le message souhait\u00e9 dans les \u201cnotes\u201d apr\u00e8s avoir finalis\u00e9 la commande.<\/p>\n<p>&nbsp;<\/p>","protected":false},"featured_media":22943,"template":"","meta":[],"product_brand":[],"product_cat":[1053],"product_tag":[],"class_list":{"0":"post-22941","1":"product","2":"type-product","3":"status-publish","4":"has-post-thumbnail","6":"product_cat-prendas-para-educadora","8":"first","9":"instock","10":"taxable","11":"shipping-taxable","12":"purchasable","13":"product-type-simple"},"_links":{"self":[{"href":"https:\/\/miminhosritacatita.com\/fr\/wp-json\/wp\/v2\/product\/22941","targetHints":{"allow":["GET"]}}],"collection":[{"href":"https:\/\/miminhosritacatita.com\/fr\/wp-json\/wp\/v2\/product"}],"about":[{"href":"https:\/\/miminhosritacatita.com\/fr\/wp-json\/wp\/v2\/types\/product"}],"wp:featuredmedia":[{"embeddable":true,"href":"https:\/\/miminhosritacatita.com\/fr\/wp-json\/wp\/v2\/media\/22943"}],"wp:attachment":[{"href":"https:\/\/miminhosritacatita.com\/fr\/wp-json\/wp\/v2\/media?parent=22941"}],"wp:term":[{"taxonomy":"product_brand","embeddable":true,"href":"https:\/\/miminhosritacatita.com\/fr\/wp-json\/wp\/v2\/product_brand?post=22941"},{"taxonomy":"product_cat","embeddable":true,"href":"https:\/\/miminhosritacatita.com\/fr\/wp-json\/wp\/v2\/product_cat?post=22941"},{"taxonomy":"product_tag","embeddable":true,"href":"https:\/\/miminhosritacatita.com\/fr\/wp-json\/wp\/v2\/product_tag?post=22941"}],"curies":[{"name":"wp","href":"https:\/\/api.w.org\/{rel}","templated":true}]}}