{"id":22871,"date":"2021-11-26T16:36:00","date_gmt":"2021-11-26T16:36:00","guid":{"rendered":"https:\/\/miminhosritacatita.com\/?post_type=product&#038;p=22871"},"modified":"2024-12-24T10:25:10","modified_gmt":"2024-12-24T10:25:10","slug":"convite-padrinhos-casamento-veludo","status":"publish","type":"product","link":"https:\/\/miminhosritacatita.com\/fr\/casamento\/convites-padrinhos-casamento\/convite-padrinhos-casamento-veludo\/","title":{"rendered":"Invitation Parrains Mariage Velours"},"content":{"rendered":"<h1>Invitation Parrains Mariage Velours<\/h1>\n<p>Invitation Parrains Mariage Velours<\/p>\n<p>C'est officiel, la date est fix\u00e9e ! Et nous voulons savoir : quel est le jour de votre mariage ? Parce que <strong>Invitations pour le t\u00e9moin et les parents,<\/strong>\u00a0de vos r\u00eaves peuvent d\u00e9sormais devenir r\u00e9alit\u00e9.<\/p>\n<p>Dizem que o segredo est\u00e1 nos detalhes\u2026 E n\u00f3s acreditamos! Na nossa loja o Convite Padrinhos Casamento Veludo \u00e9 dos nossos detalhes favoritos.<\/p>\n<p>Des robes de chambre aux jarreti\u00e8res... \u00c0 quoi ressembleront vos invitations de t\u00e9moin ? R\u00e9fl\u00e9chissez ! car c'est l\u00e0 que votre style personnel brillera !<\/p>\n<p>R\u00e9alis\u00e9es avec amour, les invitations pour les parrains et les parents sont faites pour chaque client, une id\u00e9e qui d\u00e9coule des d\u00e9tails de leur histoire. Alors, racontons-la telle qu'elle est, avec leurs propres mots.<\/p>\n<p>Dans notre boutique, nous proposons \u00e9galement une gamme de faire-part pour diff\u00e9rents prix et go\u00fbts, tout en gardant la promesse de la qualit\u00e9 que le client m\u00e9rite.<\/p>\n<p>Trouvez donc la r\u00e9ponse \u00e0 tous les d\u00e9tails qui rendront votre f\u00eate unique dans la boutique en ligne.<\/p>\n<h2>O Convite Padrinhos Casamento Veludo<\/h2>\n<p>Nous comprenons que le m\u00e9rite du <b>Mariage<\/b> est la v\u00f4tre, mais la mission est aussi la n\u00f4tre. C'est pourquoi nous cr\u00e9ons des produits adapt\u00e9s aux go\u00fbts de chaque client, en veillant toujours \u00e0 la qualit\u00e9, \u00e0 la perfection et au bon go\u00fbt.<\/p>\n<p>Nous louons \u00e9galement des voitures pour le transport des mari\u00e9s. Pour conna\u00eetre le prix, contactez-nous et indiquez-nous la date de l'\u00e9v\u00e9nement \/ l'adresse de prise en charge \/ l'adresse de l'\u00e9glise \/ et le lieu du mariage.<\/p>\n<p>Ainsi, nous avons \u00e9galement encore \u00e0 louer un ch\u00e2teau gonflable et un toboggan. Par cons\u00e9quent, demandez votre devis en pr\u00e9cisant le jour de l'\u00e9v\u00e9nement et si vous souhaitez le retirer en magasin ou si vous souhaitez que nous nous d\u00e9placions sur le lieu de l'\u00e9v\u00e9nement pour l'installation \/ et le d\u00e9sassemblage.<\/p>\n<p>Assim, encontre aqui a resposta para todos os detalhes que far\u00e3o o seu Casamento \u00fanico. Dos quais Convite Padrinhos Casamento Veludo \/ Porta Alian\u00e7as \/ Livros de Honra \/ Lembran\u00e7as. Mas tamb\u00e9m, Cestas de Lembran\u00e7as \/ e Photo Booth \/ e Cabides. Assim como Flutes \/ e Talheres \/ e os Bal\u00f5es \/ e os Sparklers \/ e Placas \u201cL\u00e1 Vem a Noiva\u201d.\u00a0 Al\u00e9m de tamb\u00e9m:<\/p>\n<ul>\n<li>Placards<\/li>\n<li>Bo\u00eetes d'enveloppes<\/li>\n<li>Marqueurs de Table<\/li>\n<li>Menus et paniers.<\/li>\n<\/ul>\n<p>Tamb\u00e9m temos os Ramos de Noiva Artificiais \/ e os Ramos de Solteiras \/ e Caixas de Envelopes. E ainda, as Ofertas a Pais e Padrinhos \/ e as Argolas de Guardanapos\/ e as Ementas. Seja como for, encomende j\u00e1 o seu Convite Padrinhos Casamento Veludo.<\/p>\n<p><strong>Voir aussi : <a href=\"https:\/\/miminhosritacatita.com\/fr\/categorie-produit\/casamentos\/lembrancas-de-casamento\/\">Souvenirs de mariage<\/a><\/strong><\/p>\n<p><strong>Suivez-nous sur <a href=\"https:\/\/www.instagram.com\/miminhos.rita.catita\/\" target=\"_blank\" rel=\"noopener\">Instagram<\/a><\/strong><\/p>","protected":false},"excerpt":{"rendered":"<p>Invitation Parrains Mariage Velours<\/p>\n<p>Caixa totalmente personalizada de raiz com acr\u00edlico na tampa das iniciais dos noivos e por dentro convite em acr\u00edlico<\/p>\n<p>Dimens\u00e3o da Caixa: 13 x 20 x 3cm<\/p>\n<p>Cor do acr\u00edlico: Dourado Espelhado<\/p>\n<p>O pinheiro dentro da caixa \u00e9 meramente decorativo, n\u00e3o inclu\u00eddo.<\/p>","protected":false},"featured_media":34332,"template":"","meta":[],"product_brand":[],"product_cat":[983],"product_tag":[],"class_list":{"0":"post-22871","1":"product","2":"type-product","3":"status-publish","4":"has-post-thumbnail","6":"product_cat-convites-padrinhos-casamento","8":"first","9":"instock","10":"taxable","11":"shipping-taxable","12":"purchasable","13":"product-type-simple"},"_links":{"self":[{"href":"https:\/\/miminhosritacatita.com\/fr\/wp-json\/wp\/v2\/product\/22871","targetHints":{"allow":["GET"]}}],"collection":[{"href":"https:\/\/miminhosritacatita.com\/fr\/wp-json\/wp\/v2\/product"}],"about":[{"href":"https:\/\/miminhosritacatita.com\/fr\/wp-json\/wp\/v2\/types\/product"}],"wp:featuredmedia":[{"embeddable":true,"href":"https:\/\/miminhosritacatita.com\/fr\/wp-json\/wp\/v2\/media\/34332"}],"wp:attachment":[{"href":"https:\/\/miminhosritacatita.com\/fr\/wp-json\/wp\/v2\/media?parent=22871"}],"wp:term":[{"taxonomy":"product_brand","embeddable":true,"href":"https:\/\/miminhosritacatita.com\/fr\/wp-json\/wp\/v2\/product_brand?post=22871"},{"taxonomy":"product_cat","embeddable":true,"href":"https:\/\/miminhosritacatita.com\/fr\/wp-json\/wp\/v2\/product_cat?post=22871"},{"taxonomy":"product_tag","embeddable":true,"href":"https:\/\/miminhosritacatita.com\/fr\/wp-json\/wp\/v2\/product_tag?post=22871"}],"curies":[{"name":"wp","href":"https:\/\/api.w.org\/{rel}","templated":true}]}}