{"id":21537,"date":"2021-09-02T18:48:39","date_gmt":"2021-09-02T18:48:39","guid":{"rendered":"https:\/\/miminhosritacatita.com\/?post_type=product&#038;p=21537"},"modified":"2025-02-04T12:40:41","modified_gmt":"2025-02-04T12:40:41","slug":"moldura-mealheiro-com-colar","status":"publish","type":"product","link":"https:\/\/miminhosritacatita.com\/fr\/presentes-personalizados\/prendas-para-educadora\/moldura-mealheiro-com-colar\/","title":{"rendered":"Cadre de commode avec collier"},"content":{"rendered":"<h1>Cadre de commode avec collier<\/h1>\n<p>Cadre de commode avec collier<\/p>\n<p>Dizem que o segredo est\u00e1 nos detalhes\u2026 E n\u00f3s acreditamos! Na nossa loja a Moldura Mealheiro com Colar \u00e9 dos nossos detalhes favoritos.<\/p>\n<p>Des colliers aux bracelets... \u00c0 quoi ressemblera le v\u00f4tre ? R\u00e9fl\u00e9chissez ! car c'est l\u00e0 que ce cadeau sp\u00e9cial brillera !<\/p>\n<p>Ainsi, fabriqu\u00e9s avec amour, nos cadeaux sont faits pour chaque client, une id\u00e9e qui d\u00e9coule des d\u00e9tails de chaque histoire. Alors disons les choses telles qu'elles sont, avec vos propres mots.<\/p>\n<p>Dans notre boutique, nous proposons diff\u00e9rents coffrets \u00e9ducateurs pour diff\u00e9rents prix et go\u00fbts, tout en gardant la promesse de la qualit\u00e9.<\/p>\n<h2>A Moldura Mealheiro com Colar<\/h2>\n<p>Par cons\u00e9quent, nous estimons que le m\u00e9rite de <b>pr\u00e9sent<\/b> Et c'est \u00e0 vous, mais la mission est la n\u00f4tre. Et, pour cela, nous cr\u00e9ons des produits adapt\u00e9s aux go\u00fbts de chaque client, en respectant toujours la qualit\u00e9, la perfection et le bon go\u00fbt.<\/p>\n<p>Trouvez donc la r\u00e9ponse \u00e0 tous les d\u00e9tails qui rendront votre cadeau unique dans la boutique en ligne.<\/p>\n<p>Tamb\u00e9m alugamos carros para o transporte dos noivos. Para saber o pre\u00e7o contacte-nos e informe a data do Evento \/ a morada de recolha \/ a da Igreja \/ e a do local da boda.<\/p>\n<p>Nous avons \u00e9galement une structure gonflable et un toboggan \u00e0 louer. Demandez un devis en pr\u00e9cisant le jour de l'\u00e9v\u00e9nement et si vous souhaitez venir le chercher au magasin ou que nous venions sur place pour l'installer et le d\u00e9monter.<\/p>\n<p>Como tal, encontre aqui a resposta para todos os detalhes que far\u00e3o o seu Presente \u00fanico. Dos quais:<\/p>\n<ul>\n<li>Moldura Mealheiro com Colar \/ Mealheiro com colar \/ Colares Personalizados \/ Kit da Educadora e muito mais!<\/li>\n<\/ul>\n<p>Et pour cette journ\u00e9e sp\u00e9ciale, nous avons aussi des cadeaux plus diff\u00e9rents et plus originaux pour les enseignants et les \u00e9ducateurs : une bo\u00eete de chocolat \u00e0 votre go\u00fbt \/ un biros personnalis\u00e9 \/ ou des chocolats avec un message.<\/p>\n<p>Trouvez le cadeau id\u00e9al pour le meilleur assistant \/ soignant \/ enseignant ici, commandez maintenant.<\/p>\n<p><strong>Voir aussi : <a href=\"https:\/\/miminhosritacatita.com\/fr\/produit\/agenda-de-la-mariee\/\">Agenda de la mari\u00e9e<\/a><\/strong><\/p>\n<p><strong>Suivez-nous sur<a href=\"https:\/\/www.instagram.com\/miminhos.rita.catita\/\" target=\"_blank\" rel=\"noopener\"> Instagram<\/a><\/strong><\/p>","protected":false},"excerpt":{"rendered":"<p>Moldura Mealheiro com Colar para Educadora ou Professora, o colar vai depender do que houver dispon\u00edvel, pois nem sempre \u00e9 poss\u00edvel o modelo apresentado<\/p>\n<p>Para altera\u00e7\u00e3o \u00e0s decora\u00e7\u00f5es indicar nas &#8220;Notas&#8221;, depois de finalizar a encomenda<\/p>\n<p>Podemos fazer para educadora, professora, auxiliar ou outro.<\/p>","protected":false},"featured_media":21539,"template":"","meta":[],"product_brand":[],"product_cat":[1053],"product_tag":[],"class_list":{"0":"post-21537","1":"product","2":"type-product","3":"status-publish","4":"has-post-thumbnail","6":"product_cat-prendas-para-educadora","8":"first","9":"instock","10":"taxable","11":"shipping-taxable","12":"purchasable","13":"product-type-simple"},"_links":{"self":[{"href":"https:\/\/miminhosritacatita.com\/fr\/wp-json\/wp\/v2\/product\/21537","targetHints":{"allow":["GET"]}}],"collection":[{"href":"https:\/\/miminhosritacatita.com\/fr\/wp-json\/wp\/v2\/product"}],"about":[{"href":"https:\/\/miminhosritacatita.com\/fr\/wp-json\/wp\/v2\/types\/product"}],"wp:featuredmedia":[{"embeddable":true,"href":"https:\/\/miminhosritacatita.com\/fr\/wp-json\/wp\/v2\/media\/21539"}],"wp:attachment":[{"href":"https:\/\/miminhosritacatita.com\/fr\/wp-json\/wp\/v2\/media?parent=21537"}],"wp:term":[{"taxonomy":"product_brand","embeddable":true,"href":"https:\/\/miminhosritacatita.com\/fr\/wp-json\/wp\/v2\/product_brand?post=21537"},{"taxonomy":"product_cat","embeddable":true,"href":"https:\/\/miminhosritacatita.com\/fr\/wp-json\/wp\/v2\/product_cat?post=21537"},{"taxonomy":"product_tag","embeddable":true,"href":"https:\/\/miminhosritacatita.com\/fr\/wp-json\/wp\/v2\/product_tag?post=21537"}],"curies":[{"name":"wp","href":"https:\/\/api.w.org\/{rel}","templated":true}]}}