{"id":19000,"date":"2021-04-12T15:56:53","date_gmt":"2021-04-12T15:56:53","guid":{"rendered":"https:\/\/miminhosritacatita.com\/?post_type=product&#038;p=19000"},"modified":"2025-01-31T17:24:35","modified_gmt":"2025-01-31T17:24:35","slug":"presente-especial-mae-adora","status":"publish","type":"product","link":"https:\/\/miminhosritacatita.com\/fr\/presentes-personalizados\/prendas-dia-da-mae\/presente-especial-mae-adora\/","title":{"rendered":"F\u00eate sp\u00e9ciale Maman adore"},"content":{"rendered":"<h1>F\u00eate sp\u00e9ciale Maman adore<\/h1>\n<p>F\u00eate sp\u00e9ciale Maman adore<\/p>\n<p>On dit que le secret est dans les d\u00e9tails... Et nous y croyons ! Dans notre boutique, les cadeaux de f\u00eate des m\u00e8res font partie de nos d\u00e9tails pr\u00e9f\u00e9r\u00e9s.<\/p>\n<p>Alors, pour la f\u00eate des m\u00e8res... quel cadeau choisirez-vous ? R\u00e9fl\u00e9chissez ! car c'est l\u00e0 que votre style personnel brille !<\/p>\n<p>C'est pourquoi, fabriqu\u00e9s avec amour, nos produits sont faits pour chaque client, une id\u00e9e qui d\u00e9coule des d\u00e9tails de leur histoire. Racontez-nous les choses telles qu'elles sont, avec vos propres mots.<\/p>\n<p>No entanto, temos, na nossa loja, v\u00e1rios Presentes para a M\u00e3e, para v\u00e1rios pre\u00e7os e gostos, mantendo sempre a promessa de qualidade.<\/p>\n<h2>O Presente Especial M\u00e3e Adora<\/h2>\n<p>Le m\u00e9rite du cadeau vous revient, mais la mission est la n\u00f4tre. C'est pourquoi nous cr\u00e9ons des produits adapt\u00e9s au go\u00fbt de chaque client, toujours dans un souci de qualit\u00e9, de perfection et de bon go\u00fbt.<\/p>\n<p>Trouvez donc la r\u00e9ponse \u00e0 tous les d\u00e9tails qui rendront votre f\u00eate unique dans la boutique en ligne.<\/p>\n<p>Trouvez donc la r\u00e9ponse \u00e0 tous les d\u00e9tails qui rendront cette journ\u00e9e unique, ici et maintenant.<\/p>\n<ul>\n<li>Dos quais, as molduras com a vossa foto e uma mensagem especial \/ o Martelo com mensagem \/ ou os Chinelos de Quarto \/ ou bebidas com r\u00f3tulos e copos personalizados \/ ou a moldura mealheiro para os sonhos da Mam\u00e3.<\/li>\n<\/ul>\n<p>De plus, pour cette journ\u00e9e sp\u00e9ciale, nous avons \u00e9galement des cadeaux plus diff\u00e9rents et originaux \u00e0 offrir \u00e0 la Meilleure Maman, une bo\u00eete de chocolats \u00e0 son go\u00fbt \/ ou une bo\u00eete avec des chocolats et une boisson \/ ou des chocolats avec un message.<\/p>\n<p>Trouvez le cadeau id\u00e9al pour la meilleure maman du monde ici, commandez maintenant.<\/p>\n<p>Voir aussi : <a href=\"https:\/\/miminhosritacatita.com\/fr\/produit\/agenda-de-la-mariee\/\">Agenda de la mari\u00e9e<\/a><\/p>\n<p><strong>Suivez-nous sur<a href=\"https:\/\/www.instagram.com\/miminhos.rita.catita\/\" target=\"_blank\" rel=\"noopener\"> Instagram<\/a><\/strong><\/p>\n<p>&nbsp;<\/p>","protected":false},"excerpt":{"rendered":"<p>Presente Especial M\u00e3e Adora (Coca-cola e Copo com grava\u00e7\u00e3o) O efeito do lim\u00e3o \u00e9 apenas sugest\u00e3o de apresenta\u00e7\u00e3o<\/p>\n<p>Pour toute modification, veuillez l'indiquer dans les notes apr\u00e8s avoir finalis\u00e9 votre commande.<\/p>\n<p>O Dia da M\u00e3e est\u00e1 a chegar, \u00e9 no primeiro Domingo de Maio<\/p>","protected":false},"featured_media":28862,"template":"","meta":[],"product_brand":[],"product_cat":[1076],"product_tag":[],"class_list":{"0":"post-19000","1":"product","2":"type-product","3":"status-publish","4":"has-post-thumbnail","6":"product_cat-prendas-dia-da-mae","8":"first","9":"instock","10":"taxable","11":"shipping-taxable","12":"purchasable","13":"product-type-simple"},"_links":{"self":[{"href":"https:\/\/miminhosritacatita.com\/fr\/wp-json\/wp\/v2\/product\/19000","targetHints":{"allow":["GET"]}}],"collection":[{"href":"https:\/\/miminhosritacatita.com\/fr\/wp-json\/wp\/v2\/product"}],"about":[{"href":"https:\/\/miminhosritacatita.com\/fr\/wp-json\/wp\/v2\/types\/product"}],"wp:featuredmedia":[{"embeddable":true,"href":"https:\/\/miminhosritacatita.com\/fr\/wp-json\/wp\/v2\/media\/28862"}],"wp:attachment":[{"href":"https:\/\/miminhosritacatita.com\/fr\/wp-json\/wp\/v2\/media?parent=19000"}],"wp:term":[{"taxonomy":"product_brand","embeddable":true,"href":"https:\/\/miminhosritacatita.com\/fr\/wp-json\/wp\/v2\/product_brand?post=19000"},{"taxonomy":"product_cat","embeddable":true,"href":"https:\/\/miminhosritacatita.com\/fr\/wp-json\/wp\/v2\/product_cat?post=19000"},{"taxonomy":"product_tag","embeddable":true,"href":"https:\/\/miminhosritacatita.com\/fr\/wp-json\/wp\/v2\/product_tag?post=19000"}],"curies":[{"name":"wp","href":"https:\/\/api.w.org\/{rel}","templated":true}]}}