{"id":18999,"date":"2021-04-12T15:54:15","date_gmt":"2021-04-12T15:54:15","guid":{"rendered":"https:\/\/miminhosritacatita.com\/?post_type=product&#038;p=18999"},"modified":"2025-09-23T14:18:36","modified_gmt":"2025-09-23T14:18:36","slug":"conjunto-mae-copo-vinho","status":"publish","type":"product","link":"https:\/\/miminhosritacatita.com\/fr\/presentes-personalizados\/prendas-dia-da-mae\/conjunto-mae-copo-vinho\/","title":{"rendered":"Ensemble M\u00e8re Verre Vin"},"content":{"rendered":"<h1>Ensemble M\u00e8re Verre Vin<\/h1>\n<p>Ensemble M\u00e8re Verre Vin<\/p>\n<p>On dit que le secret est dans les d\u00e9tails... Et nous y croyons ! Dans notre boutique, les cadeaux de f\u00eate des m\u00e8res font partie de nos d\u00e9tails pr\u00e9f\u00e9r\u00e9s.<\/p>\n<p>Alors, pour la f\u00eate des m\u00e8res... quel cadeau choisirez-vous ? R\u00e9fl\u00e9chissez ! car c'est l\u00e0 que votre style personnel brille !<\/p>\n<h2>O Conjunto M\u00e3e Copo Vinho<\/h2>\n<p>C'est pourquoi, fabriqu\u00e9s avec amour, nos produits sont faits pour chaque client, une id\u00e9e qui d\u00e9coule des d\u00e9tails de leur histoire. Racontez-nous les choses telles qu'elles sont, avec vos propres mots.<\/p>\n<p>No entanto, temos, na nossa loja, como o conjunto m\u00e3e copo,\u00a0 presentes para v\u00e1rios pre\u00e7os e gostos, mantendo sempre a promessa de qualidade.<\/p>\n<p>Le m\u00e9rite du cadeau vous revient, mais la mission est la n\u00f4tre. C'est pourquoi nous cr\u00e9ons des produits adapt\u00e9s au go\u00fbt de chaque client, toujours dans un souci de qualit\u00e9, de perfection et de bon go\u00fbt.<\/p>\n<p>Trouvez donc la r\u00e9ponse \u00e0 tous les d\u00e9tails qui rendront cette journ\u00e9e unique, ici et maintenant.<\/p>\n<ul>\n<li>Dont les cadres photo avec votre photo et un message sp\u00e9cial \/ le marteau avec message \/ ou les chaussons de chambre \/ ou le cadeau original pour maman \/ ou le cadre tirelire pour les r\u00eaves de maman.<\/li>\n<\/ul>\n<p>Trouvez donc la r\u00e9ponse \u00e0 tous les d\u00e9tails qui rendront votre f\u00eate unique dans la boutique en ligne.<\/p>\n<p>De plus, pour cette journ\u00e9e sp\u00e9ciale, nous avons \u00e9galement des cadeaux plus diff\u00e9rents et originaux \u00e0 offrir \u00e0 la Meilleure Maman, une bo\u00eete de chocolats \u00e0 son go\u00fbt \/ ou une bo\u00eete avec des chocolats et une boisson \/ ou des chocolats avec un message.<\/p>\n<p>Trouvez le cadeau id\u00e9al pour la meilleure maman du monde ici, commandez maintenant.<\/p>\n<p>Voir aussi : <a href=\"https:\/\/miminhosritacatita.com\/fr\/produit\/agenda-de-la-mariee\/\">Agenda de la mari\u00e9e<\/a><\/p>\n<p><strong>Suivez-nous sur<a href=\"https:\/\/www.instagram.com\/miminhos.rita.catita\/\" target=\"_blank\" rel=\"noopener\"> Instagram<\/a><\/strong><\/p>\n<p>&nbsp;<\/p>","protected":false},"excerpt":{"rendered":"<p>Ensemble M\u00e8re Verre Vin<\/p>\n<p>Pour toute modification, veuillez l'indiquer dans les notes apr\u00e8s avoir finalis\u00e9 votre commande.<\/p>\n<p>La f\u00eate des m\u00e8res approche, c'est le premier dimanche de mai, commandez d\u00e8s maintenant le cadeau id\u00e9al pour la meilleure maman du monde !<\/p>","protected":false},"featured_media":38960,"template":"","meta":[],"product_brand":[],"product_cat":[1076],"product_tag":[1111,1064,1117],"class_list":{"0":"post-18999","1":"product","2":"type-product","3":"status-publish","4":"has-post-thumbnail","6":"product_cat-prendas-dia-da-mae","7":"product_tag-nao-feed","8":"product_tag-naofeed","9":"product_tag-naofeedgoogle","11":"first","12":"instock","13":"taxable","14":"shipping-taxable","15":"purchasable","16":"product-type-simple"},"_links":{"self":[{"href":"https:\/\/miminhosritacatita.com\/fr\/wp-json\/wp\/v2\/product\/18999","targetHints":{"allow":["GET"]}}],"collection":[{"href":"https:\/\/miminhosritacatita.com\/fr\/wp-json\/wp\/v2\/product"}],"about":[{"href":"https:\/\/miminhosritacatita.com\/fr\/wp-json\/wp\/v2\/types\/product"}],"wp:featuredmedia":[{"embeddable":true,"href":"https:\/\/miminhosritacatita.com\/fr\/wp-json\/wp\/v2\/media\/38960"}],"wp:attachment":[{"href":"https:\/\/miminhosritacatita.com\/fr\/wp-json\/wp\/v2\/media?parent=18999"}],"wp:term":[{"taxonomy":"product_brand","embeddable":true,"href":"https:\/\/miminhosritacatita.com\/fr\/wp-json\/wp\/v2\/product_brand?post=18999"},{"taxonomy":"product_cat","embeddable":true,"href":"https:\/\/miminhosritacatita.com\/fr\/wp-json\/wp\/v2\/product_cat?post=18999"},{"taxonomy":"product_tag","embeddable":true,"href":"https:\/\/miminhosritacatita.com\/fr\/wp-json\/wp\/v2\/product_tag?post=18999"}],"curies":[{"name":"wp","href":"https:\/\/api.w.org\/{rel}","templated":true}]}}