{"id":16234,"date":"2021-01-31T17:40:33","date_gmt":"2021-01-31T17:40:33","guid":{"rendered":"https:\/\/miminhosritacatita.com\/?post_type=product&#038;p=16234"},"modified":"2025-02-10T11:03:10","modified_gmt":"2025-02-10T11:03:10","slug":"prenda-pai-copo-vinho","status":"publish","type":"product","link":"https:\/\/miminhosritacatita.com\/fr\/presentes-personalizados\/prendas-dia-do-pai\/prenda-pai-copo-vinho\/","title":{"rendered":"Prenda Pai Copo Vinho"},"content":{"rendered":"<h1>Prenda Pai Copo Vinho<\/h1>\n<p>Dizem que o segredo est\u00e1 nos detalhes\u2026 E n\u00f3s acreditamos! Na nossa loja a Prenda Pai Copo Vinho \u00e9 dos nossos presentes favoritos.<\/p>\n<p>Les produits personnalis\u00e9s de Miminhos Rita Catita offrent l'opportunit\u00e9 de cr\u00e9er un article unique qui symbolise la signification sp\u00e9ciale des moments c\u00e9l\u00e9br\u00e9s.<\/p>\n<p>Ainsi, avec amour, nous personnalisons votre cadeau pour des occasions sp\u00e9ciales telles que la f\u00eate des p\u00e8res, avec des prix et des go\u00fbts vari\u00e9s, en gardant toujours notre promesse de produits de qualit\u00e9.<\/p>\n<p>Le m\u00e9rite du cadeau personnalis\u00e9 pour la f\u00eate des p\u00e8res vous revient, mais la mission est la n\u00f4tre. C'est pourquoi nous cr\u00e9ons des cadeaux adapt\u00e9s aux go\u00fbts de chaque client, qui feront sourire leurs proches.<\/p>\n<h2>Compre aqui a tua Prenda Pai Copo Vinho<\/h2>\n<p>Les cadeaux personnalis\u00e9s sont les plus indiqu\u00e9s, car ils sont uniques et originaux. Apr\u00e8s tout, vous consacrez une partie de votre temps \u00e0 trouver quelque chose de cr\u00e9atif et de sp\u00e9cial.<\/p>\n<p>Chez Miminhos Rita Catita, vous trouverez la r\u00e9ponse \u00e0 tous les d\u00e9tails qui rendront votre journ\u00e9e aussi originale, unique et cr\u00e9ative qu'elle l'est :<\/p>\n<ul>\n<li>Bo\u00eete de chocolats,<\/li>\n<li>Mugs personnalis\u00e9s<\/li>\n<li>Cadres photos<\/li>\n<li>Moulures<\/li>\n<li>Boissons avec \u00e9tiquettes personnalis\u00e9es<\/li>\n<\/ul>\n<p>La f\u00eate des p\u00e8res a une valeur sentimentale suppl\u00e9mentaire et avec les produits de Miminhos Rita Catita, vous pouvez surprendre votre bien-aim\u00e9 avec un cadeau tr\u00e8s sp\u00e9cial pour la f\u00eate des p\u00e8res.<\/p>\n<p>C'est pourquoi, avant de produire, nous envoyons toujours \u00e0 nos clients une maquette num\u00e9rique. Vous pouvez ainsi \u00eatre s\u00fbr que votre cadeau de f\u00eate des p\u00e8res sera \u00e0 votre go\u00fbt.<\/p>\n<p>Seja como for, encontre aqui a Prenda Pai, encomende j\u00e1 pela loja on-line, e-mail, Instagram, Facebook ou Whatsapp.<\/p>","protected":false},"excerpt":{"rendered":"<p>Prenda Pai Copo Vinho<\/p>\n<p>O que significa o seu Pai para si? J\u00e1 parou para pensar na import\u00e2ncia que ele exerce na sua vida e como ajudou a formar o ser humano que \u00e9s hoje? Que tal surpreende-lo com um presente especial?<\/p>","protected":false},"featured_media":36314,"template":"","meta":[],"product_brand":[],"product_cat":[1065],"product_tag":[],"class_list":{"0":"post-16234","1":"product","2":"type-product","3":"status-publish","4":"has-post-thumbnail","6":"product_cat-prendas-dia-do-pai","8":"first","9":"instock","10":"taxable","11":"shipping-taxable","12":"purchasable","13":"product-type-simple"},"_links":{"self":[{"href":"https:\/\/miminhosritacatita.com\/fr\/wp-json\/wp\/v2\/product\/16234","targetHints":{"allow":["GET"]}}],"collection":[{"href":"https:\/\/miminhosritacatita.com\/fr\/wp-json\/wp\/v2\/product"}],"about":[{"href":"https:\/\/miminhosritacatita.com\/fr\/wp-json\/wp\/v2\/types\/product"}],"wp:featuredmedia":[{"embeddable":true,"href":"https:\/\/miminhosritacatita.com\/fr\/wp-json\/wp\/v2\/media\/36314"}],"wp:attachment":[{"href":"https:\/\/miminhosritacatita.com\/fr\/wp-json\/wp\/v2\/media?parent=16234"}],"wp:term":[{"taxonomy":"product_brand","embeddable":true,"href":"https:\/\/miminhosritacatita.com\/fr\/wp-json\/wp\/v2\/product_brand?post=16234"},{"taxonomy":"product_cat","embeddable":true,"href":"https:\/\/miminhosritacatita.com\/fr\/wp-json\/wp\/v2\/product_cat?post=16234"},{"taxonomy":"product_tag","embeddable":true,"href":"https:\/\/miminhosritacatita.com\/fr\/wp-json\/wp\/v2\/product_tag?post=16234"}],"curies":[{"name":"wp","href":"https:\/\/api.w.org\/{rel}","templated":true}]}}