{"id":15663,"date":"2021-01-19T13:07:44","date_gmt":"2021-01-19T13:07:44","guid":{"rendered":"https:\/\/miminhosritacatita.com\/?post_type=product&#038;p=15663"},"modified":"2025-09-22T13:30:08","modified_gmt":"2025-09-22T13:30:08","slug":"presente-namorado-chocolates-vinho","status":"publish","type":"product","link":"https:\/\/miminhosritacatita.com\/fr\/presentes-personalizados\/presente-dia-dos-namorados-1\/presente-namorado-chocolates-vinho\/","title":{"rendered":"Presente Namorado Chocolates Vinho"},"content":{"rendered":"<h1 style=\"text-align: left;\">Presente Namorado Chocolates Vinho<\/h1>\n<p style=\"text-align: left;\">Dizem que o segredo est\u00e1 nos detalhes\u2026 E n\u00f3s acreditamos! Na nossa loja o Presente Namorado Chocolates Vinho \u00e9 dos nossos presentes personalizados favoritos.<\/p>\n<p style=\"text-align: left;\">Alors, quel cadeau de Saint-Valentin choisir ? R\u00e9fl\u00e9chissez ! car c'est l\u00e0 que le style personnel brille !<\/p>\n<p style=\"text-align: left;\">Ainsi, avec amour, nous personnalisons votre cadeau de Saint-Valentin, fait pour chaque client, pour diff\u00e9rents prix et go\u00fbts, en gardant toujours la promesse de la qualit\u00e9 de nos produits.<\/p>\n<p style=\"text-align: left;\">Le m\u00e9rite du cadeau personnalis\u00e9 vous revient, mais la mission est la n\u00f4tre. C'est pourquoi nous cr\u00e9ons des cadeaux pour les petits amis et les petites amies, personnalis\u00e9s selon les go\u00fbts de chaque client.<\/p>\n<h2 style=\"text-align: left;\">Compre aqui o Presente Namorado Chocolates Vinho<\/h2>\n<p style=\"text-align: left;\">Trouvez donc la r\u00e9ponse \u00e0 tous les d\u00e9tails qui rendront votre Saint-Valentin originale, unique et cr\u00e9ative chez Miminhos Rita Catita. Comment ?<\/p>\n<ul>\n<li style=\"text-align: left;\">Bo\u00eete de chocolats,<\/li>\n<li style=\"text-align: left;\">Mugs personnalis\u00e9s<\/li>\n<li style=\"text-align: left;\">Cadres photos<\/li>\n<li style=\"text-align: left;\">Moulures<\/li>\n<li style=\"text-align: left;\">Boissons avec \u00e9tiquettes personnalis\u00e9es et bien plus encore...<\/li>\n<\/ul>\n<p>Les cadeaux personnalis\u00e9s pour la Saint-Valentin sont les meilleurs, car ils sont uniques et originaux. Apr\u00e8s tout, vous avez pris le temps de trouver quelque chose de cr\u00e9atif et de sp\u00e9cial.<\/p>\n<p>Les cadeaux personnalis\u00e9s ont une valeur sentimentale suppl\u00e9mentaire et avec les produits de Miminhos Rita Catita, vous pouvez surprendre votre bien-aim\u00e9(e).<\/p>\n<p>Avant la production, nous envoyons toujours \u00e0 nos clients une maquette num\u00e9rique. Vous pouvez ainsi \u00eatre s\u00fbr que votre cadeau de Saint-Valentin sera \u00e0 votre go\u00fbt.<\/p>\n<p style=\"text-align: left;\">Trouvez ici un cadeau de Saint-Valentin pour votre meilleur(e) ami(e), commandez votre cadeau de Saint-Valentin d\u00e8s maintenant via la boutique en ligne, par e-mail, Instagram, Facebook ou Whatsapp.<\/p>","protected":false},"excerpt":{"rendered":"<p>Presente Namorado Chocolates Vinho<\/p>\n<p>Dimens\u00e3o: 21x18cm<\/p>\n<p>Ofere\u00e7a um presente original, com utilidade e que poder\u00e1 servir de adorno na sua casa. A sua cara-metade vai adorar!<\/p>\n<p>&nbsp;<\/p>\n<p>&nbsp;<\/p>\n<p>&nbsp;<\/p>\n<p>&nbsp;<\/p>","protected":false},"featured_media":35581,"template":"","meta":[],"product_brand":[],"product_cat":[1044],"product_tag":[1064,1117],"class_list":{"0":"post-15663","1":"product","2":"type-product","3":"status-publish","4":"has-post-thumbnail","6":"product_cat-presente-dia-dos-namorados-1","7":"product_tag-naofeed","8":"product_tag-naofeedgoogle","10":"first","11":"instock","12":"taxable","13":"shipping-taxable","14":"purchasable","15":"product-type-simple"},"_links":{"self":[{"href":"https:\/\/miminhosritacatita.com\/fr\/wp-json\/wp\/v2\/product\/15663","targetHints":{"allow":["GET"]}}],"collection":[{"href":"https:\/\/miminhosritacatita.com\/fr\/wp-json\/wp\/v2\/product"}],"about":[{"href":"https:\/\/miminhosritacatita.com\/fr\/wp-json\/wp\/v2\/types\/product"}],"wp:featuredmedia":[{"embeddable":true,"href":"https:\/\/miminhosritacatita.com\/fr\/wp-json\/wp\/v2\/media\/35581"}],"wp:attachment":[{"href":"https:\/\/miminhosritacatita.com\/fr\/wp-json\/wp\/v2\/media?parent=15663"}],"wp:term":[{"taxonomy":"product_brand","embeddable":true,"href":"https:\/\/miminhosritacatita.com\/fr\/wp-json\/wp\/v2\/product_brand?post=15663"},{"taxonomy":"product_cat","embeddable":true,"href":"https:\/\/miminhosritacatita.com\/fr\/wp-json\/wp\/v2\/product_cat?post=15663"},{"taxonomy":"product_tag","embeddable":true,"href":"https:\/\/miminhosritacatita.com\/fr\/wp-json\/wp\/v2\/product_tag?post=15663"}],"curies":[{"name":"wp","href":"https:\/\/api.w.org\/{rel}","templated":true}]}}