{"id":14513,"date":"2020-10-19T14:49:10","date_gmt":"2020-10-19T14:49:10","guid":{"rendered":"https:\/\/miminhosritacatita.com\/?post_type=product&#038;p=14513"},"modified":"2025-11-20T13:20:48","modified_gmt":"2025-11-20T13:20:48","slug":"caixa-acessorios-noiva-robe","status":"publish","type":"product","link":"https:\/\/miminhosritacatita.com\/fr\/casamento\/acessorios-para-noiva\/caixas-de-acessorios-dos-noivos\/caixa-acessorios-noiva-robe\/","title":{"rendered":"Caixa Acess\u00f3rios Noiva Robe"},"content":{"rendered":"<h1>Caixa Acess\u00f3rios Noiva Robe<\/h1>\n<p>Caixa Acess\u00f3rios Noiva Robe<\/p>\n<p>Dizem que o segredo est\u00e1 nos detalhes\u2026 E n\u00f3s acreditamos! Por isso, na nossa loja a Caixa Acess\u00f3rios Noiva s\u00e3o dos nossos detalhes favoritos.<\/p>\n<p>Dos Robes \u00e0s Caixa Acess\u00f3rios Noiva\u2026 Quais ser\u00e3o os seus <strong>preferidos<\/strong>? Pense!, porque \u00e9 aqui que o estilo pessoal vai brilhar!<\/p>\n<p>Feitos com amor, os acess\u00f3rios de noiva \/ 0 s\u00e3o feitos para cada cliente, ideia que resulta dos detalhes da sua hist\u00f3ria. Por isso, vamos j\u00e1 conta-la como ela \u00e9, pelas suas palavras.<\/p>\n<p>Assim, tamb\u00e9m temos, na nossa loja, v\u00e1rios Caixa Acess\u00f3rios Noiva, para v\u00e1rios pre\u00e7os e gostos, mantendo sempre a promessa de qualidade.<\/p>\n<h2>Caixa Acess\u00f3rios Noiva Robe<\/h2>\n<p>Nous comprenons que le m\u00e9rite du <b>Mariage<\/b> Et c'est \u00e0 vous, mais la mission est la n\u00f4tre. Et, pour cela, nous cr\u00e9ons des produits adapt\u00e9s aux go\u00fbts de chaque client, en respectant toujours la qualit\u00e9, la perfection et le bon go\u00fbt.<\/p>\n<p>Ainsi, trouvez dans la Boutique en Ligne la r\u00e9ponse \u00e0 tous les d\u00e9tails qui rendront votre f\u00eate unique.<\/p>\n<h3>Kit Robe, Kit para Noiva, Kit Noiva robe e chinelo, Chinelos Noiva, Chinelos de Noiva Personalizados, Liga da Noiva, Liga de Noiva, Liga Noiva Azul.<\/h3>\n<p>Portanto, encontre aqui a resposta para todos os detalhes que far\u00e3o o seu Casamento \u00fanico. Dos quais o Caixa Acess\u00f3rios \/ Convites \/ Porta Alian\u00e7as \/ Livros de Honra \/ Lembran\u00e7as. Mas tamb\u00e9m, Cestas de Lembran\u00e7as \/ e Photo Booth \/ e Cabides. Assim como Flutes \/ e Talheres \/ e Bal\u00f5es \/ e Sparklers \/ e Placas \u201cL\u00e1 Vem a Noiva\u201d.<\/p>\n<ul>\n<li>Placards<\/li>\n<li>Bo\u00eetes d'enveloppes<\/li>\n<li>Marqueurs de Table<\/li>\n<li>Menus et paniers.<\/li>\n<\/ul>\n<p>Assim, tamb\u00e9m temos Ramos de Noiva Artificiais \/ e Ramos de Solteiras \/ e Caixas de Envelopes. E ainda, Ofertas a Pais e Padrinhos \/ e Argolas de Guardanapos\/ e Ementas.<\/p>\n<p><strong>Voir aussi : <a href=\"https:\/\/miminhosritacatita.com\/fr\/produit\/agenda-de-la-mariee\/\">Agenda de la mari\u00e9e<\/a><\/strong><\/p>\n<p>Suivez-nous sur <a href=\"https:\/\/www.instagram.com\/miminhos.rita.catita\/\" target=\"_blank\" rel=\"noopener\">Instagram<\/a><\/p>","protected":false},"excerpt":{"rendered":"<p>Caixa Acess\u00f3rios Noiva Robe<\/p>\n<p>Caixa personalizada com Robe com estampagem, chinelos com estampagem, liga, pulseira e teara.<\/p>\n<p>Cor do Robe da Imagem &#8211; Branco<\/p>\n<p>Cor da Estampagem da imagem &#8211; Azul beb\u00e9<\/p>\n<p>Caixa &#8211; cor papel: Branca<\/p>\n<p>Dimension : <span style=\"color: #000000;\">40cm x 30cm x 8cm<\/span><\/p>\n<p>Para altera\u00e7\u00f5es indicar nas &#8220;Notas&#8221;.<\/p>\n<p>&nbsp;<\/p>","protected":false},"featured_media":29281,"template":"","meta":[],"product_brand":[],"product_cat":[1149],"product_tag":[],"class_list":{"0":"post-14513","1":"product","2":"type-product","3":"status-publish","4":"has-post-thumbnail","6":"product_cat-caixas-de-acessorios-dos-noivos","8":"first","9":"instock","10":"featured","11":"taxable","12":"shipping-taxable","13":"purchasable","14":"product-type-variable"},"_links":{"self":[{"href":"https:\/\/miminhosritacatita.com\/fr\/wp-json\/wp\/v2\/product\/14513","targetHints":{"allow":["GET"]}}],"collection":[{"href":"https:\/\/miminhosritacatita.com\/fr\/wp-json\/wp\/v2\/product"}],"about":[{"href":"https:\/\/miminhosritacatita.com\/fr\/wp-json\/wp\/v2\/types\/product"}],"wp:featuredmedia":[{"embeddable":true,"href":"https:\/\/miminhosritacatita.com\/fr\/wp-json\/wp\/v2\/media\/29281"}],"wp:attachment":[{"href":"https:\/\/miminhosritacatita.com\/fr\/wp-json\/wp\/v2\/media?parent=14513"}],"wp:term":[{"taxonomy":"product_brand","embeddable":true,"href":"https:\/\/miminhosritacatita.com\/fr\/wp-json\/wp\/v2\/product_brand?post=14513"},{"taxonomy":"product_cat","embeddable":true,"href":"https:\/\/miminhosritacatita.com\/fr\/wp-json\/wp\/v2\/product_cat?post=14513"},{"taxonomy":"product_tag","embeddable":true,"href":"https:\/\/miminhosritacatita.com\/fr\/wp-json\/wp\/v2\/product_tag?post=14513"}],"curies":[{"name":"wp","href":"https:\/\/api.w.org\/{rel}","templated":true}]}}