{"id":13787,"date":"2020-07-03T15:53:01","date_gmt":"2020-07-03T15:53:01","guid":{"rendered":"https:\/\/miminhosritacatita.com\/?post_type=product&#038;p=13787"},"modified":"2025-04-22T09:26:48","modified_gmt":"2025-04-22T09:26:48","slug":"prenda-caixa-chocolates-educadora","status":"publish","type":"product","link":"https:\/\/miminhosritacatita.com\/fr\/presentes-personalizados\/prendas-para-educadora\/prenda-caixa-chocolates-educadora\/","title":{"rendered":"Prenda Caixa Chocolates Educadora"},"content":{"rendered":"<h1>Prenda Caixa Chocolates Educadora<\/h1>\n<p>Prenda Caixa Chocolates Educadora<\/p>\n<p>A Miminhos Rita Catita est\u00e1 sempre presente nos momentos mais importantes da sua vida e como n\u00e3o podia deixar de ser, queremos tamb\u00e9m estar presentes para uma prenda especial!<\/p>\n<p>O que mais nos apaixona nas <strong>Prendas para Educadoras <\/strong>\u00e9 a possibilidade de incorporar elementos pessoais, \u00fanicos e impartilh\u00e1veis, exclusivos de cada hist\u00f3ria. Qual \u00e9 a sua?<\/p>\n<p>Entendemos que o m\u00e9rito pel<b>a prenda<\/b> \u00e9 seu, mas que o compromisso \u00e9 nosso. E, por isso, desenvolvemos produtos personalizados e ajustados \u00e0s necessidades de cada cliente, cumprindo sempre a promessa de qualidade, excel\u00eancia e profissionalismo.<\/p>\n<h2>Prenda Caixa Chocolates Educadora<\/h2>\n<p>As nossas <strong>Prendas<\/strong> s\u00e3o o resultado de uma combina\u00e7\u00e3o inspirada nos detalhes, pelo que trabalhamos para manter sempre a mudan\u00e7a e a inova\u00e7\u00e3o.<\/p>\n<p>Desenvolvemos <strong>Prendas para Educadoras, Auxiliares e Professoras,<\/strong> personalizadas e ajustadas \u00e0s necessidades de cada cliente, cumprindo a promessa de qualidade, excel\u00eancia e profissionalismo.<\/p>\n<p>Para al\u00e9m disso, as prendas s\u00e3o produzidas internamente \u2013 o que nos d\u00e1 total controlo sobre o processo de produ\u00e7\u00e3o.<\/p>\n<p>Assim, tem uma prenda para oferecer e n\u00e3o sabe o que escolher? Pois bem, na Miminhos encontrar\u00e1 a prenda ideal. Para al\u00e9m do que mostramos tamb\u00e9m pode dizer-nos qual a sua ideia e n\u00f3s executamos. Nos artigos que apresentamos \u00e9 poss\u00edvel fazermos altera\u00e7\u00f5es \u00e1s cores e personalizar a gosto, contudo contacte-nos sempre primeiro para confirmar essa possibilidade.<\/p>\n<ul>\n<li>Portanto, como sugest\u00f5es temos, Molduras com foto ou com uma mensagem especial, Caixa com chocolates, Canetas personalizadas, Blocos de notas, Pins, Kits de Bloco de notas com espelho, Kit de Baton com Espelho, Pulseiras e colares.<\/li>\n<\/ul>\n<p>Encontre na Loja Online da Miminhos Rita Catita a tudo o que procura para a Prenda Educadora.<\/p>\n<p><strong>Suivez-nous sur<a href=\"https:\/\/www.instagram.com\/miminhos.rita.catita\/\" target=\"_blank\" rel=\"noopener\"> Instagram<\/a><\/strong><\/p>","protected":false},"excerpt":{"rendered":"<p>Prenda Caixa Chocolates Educadora<\/p>\n<p>Para altera\u00e7\u00e3o \u00e0s decora\u00e7\u00f5es indicar nas &#8220;Notas&#8221;.<\/p>\n<p>Encontre na Loja Online da Miminhos Rita Catita a tudo o que procura para a Prenda Educadora.<\/p>","protected":false},"featured_media":42547,"template":"","meta":[],"product_brand":[],"product_cat":[1053],"product_tag":[],"class_list":{"0":"post-13787","1":"product","2":"type-product","3":"status-publish","4":"has-post-thumbnail","6":"product_cat-prendas-para-educadora","8":"first","9":"instock","10":"taxable","11":"shipping-taxable","12":"purchasable","13":"product-type-simple"},"_links":{"self":[{"href":"https:\/\/miminhosritacatita.com\/fr\/wp-json\/wp\/v2\/product\/13787","targetHints":{"allow":["GET"]}}],"collection":[{"href":"https:\/\/miminhosritacatita.com\/fr\/wp-json\/wp\/v2\/product"}],"about":[{"href":"https:\/\/miminhosritacatita.com\/fr\/wp-json\/wp\/v2\/types\/product"}],"wp:featuredmedia":[{"embeddable":true,"href":"https:\/\/miminhosritacatita.com\/fr\/wp-json\/wp\/v2\/media\/42547"}],"wp:attachment":[{"href":"https:\/\/miminhosritacatita.com\/fr\/wp-json\/wp\/v2\/media?parent=13787"}],"wp:term":[{"taxonomy":"product_brand","embeddable":true,"href":"https:\/\/miminhosritacatita.com\/fr\/wp-json\/wp\/v2\/product_brand?post=13787"},{"taxonomy":"product_cat","embeddable":true,"href":"https:\/\/miminhosritacatita.com\/fr\/wp-json\/wp\/v2\/product_cat?post=13787"},{"taxonomy":"product_tag","embeddable":true,"href":"https:\/\/miminhosritacatita.com\/fr\/wp-json\/wp\/v2\/product_tag?post=13787"}],"curies":[{"name":"wp","href":"https:\/\/api.w.org\/{rel}","templated":true}]}}