{"id":10490,"date":"2020-02-05T14:33:42","date_gmt":"2020-02-05T14:33:42","guid":{"rendered":"https:\/\/miminhosritacatita.com\/?post_type=product&#038;p=10490"},"modified":"2026-03-20T14:31:22","modified_gmt":"2026-03-20T14:31:22","slug":"menina-topo-bolo-comunhao-fita-rosa","status":"publish","type":"product","link":"https:\/\/miminhosritacatita.com\/fr\/comunhao\/topos-de-bolo-comunhao\/menina-topo-bolo-comunhao-fita-rosa\/","title":{"rendered":"Menina Topo Bolo Comunh\u00e3o Fita Rosa"},"content":{"rendered":"<h1>Menina Topo Bolo Comunh\u00e3o Fita Rosa<\/h1>\n<p>Menina Topo Bolo Comunh\u00e3o Fita Rosa<\/p>\n<p>Os <strong>Dessus de g\u00e2teau<\/strong> devem ser rom\u00e2nticos\u2026 Ou engra\u00e7ados\u2026 Ou criativos\u2026 Na Miminhos Rita Catita, acreditamos que devem ser como voc\u00eas quiserem.<\/p>\n<p>Por isso, dispomos de <strong>Dessus de g\u00e2teau<\/strong> de v\u00e1rias formas, cores e feitios, para todos os pre\u00e7os, cumprindo sempre a promessa de qualidade, excel\u00eancia e profissionalismo.<\/p>\n<p>Sabemos que, quando estamos a organizar uma Comunh\u00e3o, a Menina Topo Bolo Comunh\u00e3o s\u00e3o apenas mais um detalhe. Mas podemos assegurar-lhe: este \u00e9 dos nossos detalhes favoritos.<\/p>\n<h2>Menina Topo Bolo Comunh\u00e3o Fita Rosa<\/h2>\n<p>Contudo precisa de um Topo de bolo para Comunh\u00e3o e n\u00e3o sabe o que escolher? Pois bem, na Miminhos Rita Catita encontrar\u00e1 a pe\u00e7a ideal. Para al\u00e9m do que mostramos tamb\u00e9m podemos tentar arranjar outras solu\u00e7\u00f5es. Nos artigos que apresentamos n\u00e3o \u00e9 poss\u00edvel fazermos altera\u00e7\u00f5es.<\/p>\n<p>Portanto na Miminhos Rita Catita entendemos que o m\u00e9rito pela escolha \u00e9 seu, mas que o compromisso \u00e9 nosso. E, por isso, desenvolvemos produtos personalizados e ajustados \u00e0s necessidades de cada cliente, cumprindo sempre a promessa de qualidade, excel\u00eancia e profissionalismo.<\/p>\n<ul>\n<li>Encontre na Loja Online da Miminhos Rita Catita a resposta para todos os pormenores que tornar\u00e3o a sua festa de Comunh\u00e3o \u00fanica: Convites, <strong>Souvenirs<\/strong>, Lembran\u00e7as especiais para padrinhos e para av\u00f3s, Livros de Honra, Placards, Ementas, Marcadores de Mesa, Cestas de Lembran\u00e7as, argolas de guardanapo. Mas tamb\u00e9m Caixas para guardar prendas em dinheiro, talheres e flutes personalizados e Topos de Bolo, Menina Topo Bolo Comunh\u00e3o Fita.<\/li>\n<\/ul>\n<p>Nous avons \u00e9galement des structures gonflables et des toboggans \u00e0 louer. Demandez-nous un devis en pr\u00e9cisant le jour de l'\u00e9v\u00e9nement et si vous souhaitez que le mat\u00e9riel soit r\u00e9cup\u00e9r\u00e9 et livr\u00e9 dans le magasin ou que nous venions sur place pour le montage et le d\u00e9montage.<\/p>\n<p><strong>Suivez-nous sur<a href=\"https:\/\/www.instagram.com\/miminhos.rita.catita\/\" target=\"_blank\" rel=\"noopener\"> Instagram<\/a><\/strong><\/p>","protected":false},"excerpt":{"rendered":"<p>Menina Topo Bolo Comunh\u00e3o<\/p>\n<h5>Dispomos de Topos de Bolo de v\u00e1rias formas, cores e feitios, cumprindo sempre a promessa de qualidade.<\/h5>\n<p>Dimens\u00e3o: 17 cm<\/p>","protected":false},"featured_media":26112,"template":"","meta":[],"product_brand":[],"product_cat":[1042],"product_tag":[],"class_list":{"0":"post-10490","1":"product","2":"type-product","3":"status-publish","4":"has-post-thumbnail","6":"product_cat-topos-de-bolo-comunhao","8":"first","9":"instock","10":"taxable","11":"shipping-taxable","12":"purchasable","13":"product-type-simple"},"_links":{"self":[{"href":"https:\/\/miminhosritacatita.com\/fr\/wp-json\/wp\/v2\/product\/10490","targetHints":{"allow":["GET"]}}],"collection":[{"href":"https:\/\/miminhosritacatita.com\/fr\/wp-json\/wp\/v2\/product"}],"about":[{"href":"https:\/\/miminhosritacatita.com\/fr\/wp-json\/wp\/v2\/types\/product"}],"wp:featuredmedia":[{"embeddable":true,"href":"https:\/\/miminhosritacatita.com\/fr\/wp-json\/wp\/v2\/media\/26112"}],"wp:attachment":[{"href":"https:\/\/miminhosritacatita.com\/fr\/wp-json\/wp\/v2\/media?parent=10490"}],"wp:term":[{"taxonomy":"product_brand","embeddable":true,"href":"https:\/\/miminhosritacatita.com\/fr\/wp-json\/wp\/v2\/product_brand?post=10490"},{"taxonomy":"product_cat","embeddable":true,"href":"https:\/\/miminhosritacatita.com\/fr\/wp-json\/wp\/v2\/product_cat?post=10490"},{"taxonomy":"product_tag","embeddable":true,"href":"https:\/\/miminhosritacatita.com\/fr\/wp-json\/wp\/v2\/product_tag?post=10490"}],"curies":[{"name":"wp","href":"https:\/\/api.w.org\/{rel}","templated":true}]}}