{"id":10427,"date":"2020-01-28T12:04:15","date_gmt":"2020-01-28T12:04:15","guid":{"rendered":"https:\/\/miminhosritacatita.com\/?post_type=product&#038;p=10427"},"modified":"2026-02-25T14:53:25","modified_gmt":"2026-02-25T14:53:25","slug":"pulseira-damas-honor-original","status":"publish","type":"product","link":"https:\/\/miminhosritacatita.com\/fr\/casamento\/acessorios-para-noiva\/pulseira-dama-de-honra\/pulseira-damas-honor-original\/","title":{"rendered":"Pulseira Damas Honor Original"},"content":{"rendered":"<h1>Pulseira Damas Honor Original<\/h1>\n<p>Pulseira Damas Honor Original<\/p>\n<p>Dizem que o segredo est\u00e1 nos detalhes\u2026 E n\u00f3s acreditamos! Na nossa loja as ligas\u00a0s\u00e3o dos nossos detalhes favoritos.<\/p>\n<p>Das ligas aos robes\u2026 Quais ser\u00e3o os seus <strong>Acess\u00f3rios de Noiva<\/strong>? Pense!, porque \u00e9 aqui que o estilo pessoal vai brilhar!<\/p>\n<p>Feitos com amor, os acess\u00f3rios de noiva \/ 0 s\u00e3o feitos para cada cliente, ideia que resulta dos detalhes da sua hist\u00f3ria. Por isso, vamos j\u00e1 conta-la como ela \u00e9, pelas suas palavras.<\/p>\n<h2>Pulseira Damas Honor Original<\/h2>\n<p>Temos, na nossa loja, v\u00e1rias ligas para v\u00e1rios pre\u00e7os e gostos, mantendo sempre a promessa de qualidade.<\/p>\n<p>Nous comprenons que le m\u00e9rite du <b>Mariage<\/b> Et c'est \u00e0 vous, mais la mission est la n\u00f4tre. Et, pour cela, nous cr\u00e9ons des produits adapt\u00e9s aux go\u00fbts de chaque client, en respectant toujours la qualit\u00e9, la perfection et le bon go\u00fbt.<\/p>\n<p>Ainsi, trouvez dans la Boutique en Ligne la r\u00e9ponse \u00e0 tous les d\u00e9tails qui rendront votre f\u00eate unique.<\/p>\n<p>Nous louons \u00e9galement des voitures pour le transport des mari\u00e9s. Pour conna\u00eetre le prix, contactez-nous en nous indiquant la date de l'\u00e9v\u00e9nement \/ l'adresse de prise en charge \/ l'adresse de l'\u00e9glise \/ et le lieu du mariage.<\/p>\n<p>Portanto, encontre aqui a resposta para todos os detalhes que far\u00e3o o seu Casamento \u00fanico. Assim como Pulseira Damas Honra Original \/ Convites \/ Porta Alian\u00e7as \/ Livros de Honra \/ Lembran\u00e7as. Mas tamb\u00e9m, Cestas de Lembran\u00e7as \/ e Photo Booth \/ e Cabides. Assim como Flutes \/ e Talheres \/ e Bal\u00f5es \/ e Sparklers \/ e Placas para Entrada da Noiva.<\/p>\n<ul>\n<li>Placards<\/li>\n<li>Bo\u00eetes d'enveloppes<\/li>\n<li>Marqueurs de Table<\/li>\n<li>Menus et paniers.<\/li>\n<\/ul>\n<p>Assim, tamb\u00e9m temos Ramos de Noiva Artificiais \/ e Ramos de Solteiras \/ e Caixas de Envelopes. E ainda, Ofertas a Pais e Padrinhos \/ e Argolas de Guardanapos\/ e Ementas. Seja como for, estamos aqui para ajudar.<\/p>\n<p><strong>Voir aussi : <a href=\"https:\/\/miminhosritacatita.com\/fr\/produit\/agenda-de-la-mariee\/\">Agenda de la mari\u00e9e<\/a><\/strong><\/p>\n<p>Suivez-nous sur <a href=\"https:\/\/www.instagram.com\/miminhos.rita.catita\/\" target=\"_blank\" rel=\"noopener\">Instagram<\/a><\/p>\n<p>&nbsp;<\/p>\n<p>&nbsp;<\/p>","protected":false},"excerpt":{"rendered":"<p>Pulseira Damas Honor Original personalizadas para casamento.<\/p>\n<p>Para altera\u00e7\u00f5es finalize a sua compra e indique nas &#8220;Notas&#8221; as altera\u00e7\u00f5es que deseja.<\/p>\n<p>&nbsp;<\/p>\n<p>&nbsp;<\/p>\n<p>&nbsp;<\/p>\n<p>&nbsp;<\/p>\n<p>&nbsp;<\/p>\n<p>&nbsp;<\/p>\n<p>&nbsp;<\/p>","protected":false},"featured_media":77092,"template":"","meta":[],"product_brand":[],"product_cat":[1146],"product_tag":[],"class_list":{"0":"post-10427","1":"product","2":"type-product","3":"status-publish","4":"has-post-thumbnail","6":"product_cat-pulseira-dama-de-honra","8":"first","9":"instock","10":"taxable","11":"shipping-taxable","12":"purchasable","13":"product-type-simple"},"_links":{"self":[{"href":"https:\/\/miminhosritacatita.com\/fr\/wp-json\/wp\/v2\/product\/10427","targetHints":{"allow":["GET"]}}],"collection":[{"href":"https:\/\/miminhosritacatita.com\/fr\/wp-json\/wp\/v2\/product"}],"about":[{"href":"https:\/\/miminhosritacatita.com\/fr\/wp-json\/wp\/v2\/types\/product"}],"wp:featuredmedia":[{"embeddable":true,"href":"https:\/\/miminhosritacatita.com\/fr\/wp-json\/wp\/v2\/media\/77092"}],"wp:attachment":[{"href":"https:\/\/miminhosritacatita.com\/fr\/wp-json\/wp\/v2\/media?parent=10427"}],"wp:term":[{"taxonomy":"product_brand","embeddable":true,"href":"https:\/\/miminhosritacatita.com\/fr\/wp-json\/wp\/v2\/product_brand?post=10427"},{"taxonomy":"product_cat","embeddable":true,"href":"https:\/\/miminhosritacatita.com\/fr\/wp-json\/wp\/v2\/product_cat?post=10427"},{"taxonomy":"product_tag","embeddable":true,"href":"https:\/\/miminhosritacatita.com\/fr\/wp-json\/wp\/v2\/product_tag?post=10427"}],"curies":[{"name":"wp","href":"https:\/\/api.w.org\/{rel}","templated":true}]}}