{"id":10140,"date":"2020-01-09T15:11:07","date_gmt":"2020-01-09T15:11:07","guid":{"rendered":"https:\/\/miminhosritacatita.com\/?post_type=product&#038;p=10140"},"modified":"2025-03-06T17:22:33","modified_gmt":"2025-03-06T17:22:33","slug":"cesta-lembrancas-comunhao-concha-s","status":"publish","type":"product","link":"https:\/\/miminhosritacatita.com\/fr\/comunhao\/cestas-para-comunhao\/cesta-lembrancas-comunhao-concha-s\/","title":{"rendered":"Cesta Lembran\u00e7as Comunh\u00e3o Concha-S"},"content":{"rendered":"<h1>Cesta Lembran\u00e7as Comunh\u00e3o Concha-S<\/h1>\n<p>Cesta Lembran\u00e7as Comunh\u00e3o Concha-S<\/p>\n<p>Na Miminhos Rita Catita as celebra\u00e7\u00f5es que come\u00e7am tamb\u00e9m podem terminar de forma bonita, e nada melhor do que as <strong>Cesta Lembran\u00e7as Comunh\u00e3o<\/strong>\u00a0para o garantir.<\/p>\n<p>De todos detalhes que envolvem a Comunh\u00e3o, as <strong>Cesta Lembran\u00e7as Comunh\u00e3o Concha-S <\/strong>est\u00e3o no topo dos nossos favoritos. Com elas, devolvemos aos convidados os sentimentos de festividade e alegria.<\/p>\n<p>Dispomos de <strong>Cesta Comunh\u00e3o<\/strong>\u00a0de v\u00e1rias formas, cores e feitios, para todos os pre\u00e7os, cumprindo sempre a promessa de qualidade, excel\u00eancia e profissionalismo.<\/p>\n<h2>A Cesta Lembran\u00e7as Comunh\u00e3o Concha-S<\/h2>\n<p>Precisa de uma cesta e n\u00e3o sabe o que escolher? Pois bem, na Miminhos Rita Catita encontrar\u00e1 a prenda ideal. Para al\u00e9m do que mostramos tamb\u00e9m pode dizer-nos qual a sua ideia e n\u00f3s executamos. Nos artigos que apresentamos \u00e9 poss\u00edvel fazermos altera\u00e7\u00f5es \u00e1s cores e personalizar a gosto, contudo contacte-nos sempre primeiro para confirmar essa possibilidade.<\/p>\n<ul>\n<li>Na Miminhos Rita Catita entendemos que o m\u00e9rito pela escolha \u00e9 seu, mas que o compromisso \u00e9 nosso. E, por isso, desenvolvemos uma Cesta Lembran\u00e7as Comunh\u00e3o<strong>, <\/strong>ajustada \u00e0s necessidades de cada cliente, cumprindo sempre a promessa de qualidade, excel\u00eancia e profissionalismo.<\/li>\n<\/ul>\n<p>Portanto encontre na Loja Online da Miminhos Rita Catita a resposta para todos os pormenores que tornar\u00e3o a sua festa de Comunh\u00e3o \u00fanica: Convites, Lembran\u00e7as, Lembran\u00e7as especiais para padrinhos e para av\u00f3s, Livros de Honra, Placards, Ementas. Mas tamb\u00e9m, Marcadores de Mesa, <strong>Cestas de Lembran\u00e7as, <\/strong>argolas de guardanapo. Mas tamb\u00e9m Caixas para guardar prendas em dinheiro, talheres e flutes personalizados e Topos de Bolo.<\/p>\n<p>Tamb\u00e9m dispomos de insufl\u00e1vel e escorrega para alugar. Pe\u00e7a-nos or\u00e7amento indicando o dia do evento e se deseja levantar e entregar em loja ou se pretende a nossa desloca\u00e7\u00e3o ao local do evento para montagem e desmontagem.<\/p>\n<p><strong>Voir aussi : <a href=\"https:\/\/miminhosritacatita.com\/fr\/categorie-produit\/batizados\/lembrancas-de-batizado\/\">Souvenirs de bapt\u00eame<\/a><\/strong><\/p>\n<p><strong>Suivez-nous sur<a href=\"https:\/\/www.instagram.com\/miminhos.rita.catita\/\" target=\"_blank\" rel=\"noopener\"> Instagram<\/a><\/strong><\/p>","protected":false},"excerpt":{"rendered":"<p>Cesta Lembran\u00e7as Comunh\u00e3o Concha-S, personalizada impressa ao seu gosto.<\/p>\n<p>Para altera\u00e7\u00f5es, indicar nas &#8220;notas&#8221;.<\/p>\n<p>O tamanho das cestas \u00e9 aproximado, o modelo das mesmas faz com que a dimens\u00e3o tamb\u00e9m mude, se quiser saber as medidas ao certo, por favor contacte-nos.<\/p>","protected":false},"featured_media":62669,"template":"","meta":[],"product_brand":[],"product_cat":[1041],"product_tag":[],"class_list":{"0":"post-10140","1":"product","2":"type-product","3":"status-publish","4":"has-post-thumbnail","6":"product_cat-cestas-para-comunhao","8":"first","9":"instock","10":"taxable","11":"shipping-taxable","12":"purchasable","13":"product-type-simple"},"_links":{"self":[{"href":"https:\/\/miminhosritacatita.com\/fr\/wp-json\/wp\/v2\/product\/10140","targetHints":{"allow":["GET"]}}],"collection":[{"href":"https:\/\/miminhosritacatita.com\/fr\/wp-json\/wp\/v2\/product"}],"about":[{"href":"https:\/\/miminhosritacatita.com\/fr\/wp-json\/wp\/v2\/types\/product"}],"wp:featuredmedia":[{"embeddable":true,"href":"https:\/\/miminhosritacatita.com\/fr\/wp-json\/wp\/v2\/media\/62669"}],"wp:attachment":[{"href":"https:\/\/miminhosritacatita.com\/fr\/wp-json\/wp\/v2\/media?parent=10140"}],"wp:term":[{"taxonomy":"product_brand","embeddable":true,"href":"https:\/\/miminhosritacatita.com\/fr\/wp-json\/wp\/v2\/product_brand?post=10140"},{"taxonomy":"product_cat","embeddable":true,"href":"https:\/\/miminhosritacatita.com\/fr\/wp-json\/wp\/v2\/product_cat?post=10140"},{"taxonomy":"product_tag","embeddable":true,"href":"https:\/\/miminhosritacatita.com\/fr\/wp-json\/wp\/v2\/product_tag?post=10140"}],"curies":[{"name":"wp","href":"https:\/\/api.w.org\/{rel}","templated":true}]}}