{"id":8870,"date":"2019-10-04T14:31:04","date_gmt":"2019-10-04T14:31:04","guid":{"rendered":"https:\/\/miminhosritacatita.com\/?post_type=product&#038;p=8870"},"modified":"2026-03-12T12:33:46","modified_gmt":"2026-03-12T12:33:46","slug":"presente-bodas-prata-madeira","status":"publish","type":"product","link":"https:\/\/miminhosritacatita.com\/es\/bodas\/bodas-de-prata\/prendas-para-bodas-de-prata\/presente-bodas-prata-madeira\/","title":{"rendered":"Presente Bodas de Plata de Madera"},"content":{"rendered":"<h1>Presente Bodas de Plata de Madera<\/h1>\n<p>Presente Bodas de Plata de Madera<\/p>\n<p>Las Bodas de Plata son una celebraci\u00f3n muy importante y est\u00e1n a punto de llegar. Y estamos convencidos de que esto es motivo para celebrar.<\/p>\n<p>Todos tenemos una historia. Y sospechamos que<strong> Presente Bodas de Plata de Madera <\/strong>\u00a1son una buena excusa para hablarnos de las suyas!<\/p>\n<p>Todos los detalles cuentan, desde el noviazgo, hasta la fecha de la boda, \u00a1hasta la lista de invitados! Porque ya vamos a empezar a preparar las Bodas m\u00e1s dulces de siempre.<\/p>\n<p>Entendemos que o m\u00e9rito pelas Bodas de Prata \u00e9 seu, mas que a miss\u00e3o \u00e9 nossa. E, por isso, criamos produtos \u00fanicos e adaptados ao gosto de cada cliente, cumprindo sempre com a qualidade e perfei\u00e7\u00e3o e bom gosto.<\/p>\n<p>Hechos con amor, nuestros regalos de Bodas de Plata son hechos para cada cliente.<\/p>\n<h2>O nosso Presente Bodas Prata Madeira<\/h2>\n<p>Debido a la edad a la que se casan, todas las parejas ya tienen una historia. Y, en Miminhos, ya sabemos que los recuerdos son un buen pretexto para contar la suya.<\/p>\n<p>Hechos con amor, los obsequios se hacen para cada cliente, idea que surge de los detalles de su historia. Por eso, vamos a contarla como es, con sus palabras.<\/p>\n<p>As\u00ed, tenemos recuerdos de todas las formas y colores y materiales y tambi\u00e9n a todos los precios. Adem\u00e1s, nuestros regalos se hacen aqu\u00ed, ya que es lo que nos da el control sobre el plazo de producci\u00f3n.<\/p>\n<p>Compre ya en la Tienda Online de Miminhos los productos que har\u00e1n de su fiesta la mejor. De los cuales, Invitaciones de Bodas de Plata, Recuerdos para Bodas de Plata, regalos para Bodas de Plata, Porta Alianzas y Libros de Honor.<\/p>\n<ul>\n<li>Y adem\u00e1s, Carteles y Cajas de Sobres y Marcadores de Mesa y Men\u00fas y Cestas.<\/li>\n<\/ul>\n<p class=\"font_3\">Por lo tanto, insp\u00edrate en nuestro trabajo y ten ya m\u00e1s ideas de Bodas, desde las m\u00e1s simples, hasta las m\u00e1s elegantes y m\u00e1s formales, hasta las m\u00e1s divertidas.<\/p>\n<p class=\"font_2\">As\u00ed, combine ya el dise\u00f1o de su regalo de Bodas de Plata con el ambiente que quiere presentar a sus invitados el d\u00eda.<\/p>\n<p class=\"font_3\">Por lo tanto, vea ya, abajo algunos tipos de <strong>Trajes de Boda de Plata<\/strong> criadas na loja da Miminhos.<\/p>\n<p><strong>Ver tambi\u00e9n <a href=\"https:\/\/miminhosritacatita.com\/es\/product-category\/bodas-de-plata\/invitaciones-bodas-de-plata\/\">Invitaciones para 25 a\u00f1os de casados<\/a><\/strong><\/p>\n<p><strong>Visita el nuestro <a href=\"https:\/\/www.instagram.com\/miminhos.rita.catita\/\" target=\"_blank\" rel=\"noopener\">Instagram<\/a><\/strong><\/p>","protected":false},"excerpt":{"rendered":"<p>Presente Bodas de Plata de Madera<\/p>\n<p>Material Aplicaci\u00f3n 25 \u2013 Plata Laminada<\/p>\n<p>Material Moldeado \u2013 Madera<\/p>\n<p>\u00a1Una excelente idea para hacer tu d\u00eda a\u00fan m\u00e1s memorable y \u00fanico!<\/p>","protected":false},"featured_media":42155,"template":"","meta":[],"product_brand":[],"product_cat":[843],"product_tag":[],"class_list":{"0":"post-8870","1":"product","2":"type-product","3":"status-publish","4":"has-post-thumbnail","6":"product_cat-prendas-para-bodas-de-prata","8":"first","9":"instock","10":"taxable","11":"shipping-taxable","12":"purchasable","13":"product-type-simple"},"_links":{"self":[{"href":"https:\/\/miminhosritacatita.com\/es\/wp-json\/wp\/v2\/product\/8870","targetHints":{"allow":["GET"]}}],"collection":[{"href":"https:\/\/miminhosritacatita.com\/es\/wp-json\/wp\/v2\/product"}],"about":[{"href":"https:\/\/miminhosritacatita.com\/es\/wp-json\/wp\/v2\/types\/product"}],"wp:featuredmedia":[{"embeddable":true,"href":"https:\/\/miminhosritacatita.com\/es\/wp-json\/wp\/v2\/media\/42155"}],"wp:attachment":[{"href":"https:\/\/miminhosritacatita.com\/es\/wp-json\/wp\/v2\/media?parent=8870"}],"wp:term":[{"taxonomy":"product_brand","embeddable":true,"href":"https:\/\/miminhosritacatita.com\/es\/wp-json\/wp\/v2\/product_brand?post=8870"},{"taxonomy":"product_cat","embeddable":true,"href":"https:\/\/miminhosritacatita.com\/es\/wp-json\/wp\/v2\/product_cat?post=8870"},{"taxonomy":"product_tag","embeddable":true,"href":"https:\/\/miminhosritacatita.com\/es\/wp-json\/wp\/v2\/product_tag?post=8870"}],"curies":[{"name":"wp","href":"https:\/\/api.w.org\/{rel}","templated":true}]}}