{"id":7239,"date":"2019-03-21T17:40:45","date_gmt":"2019-03-21T17:40:45","guid":{"rendered":"https:\/\/miminhosritacatita.com\/?post_type=product&#038;p=7239"},"modified":"2026-03-19T17:40:29","modified_gmt":"2026-03-19T17:40:29","slug":"vela-batizado-arco-iris","status":"publish","type":"product","link":"https:\/\/miminhosritacatita.com\/es\/batizado\/acessorios-de-batizado\/velas-de-batizado\/vela-batizado-arco-iris\/","title":{"rendered":"Vela Batizado Arco \u00cdris"},"content":{"rendered":"<h1>Vela Batizado Arco \u00cdris<\/h1>\n<p>Vela Batizado Arco \u00cdris<\/p>\n<p>El bautizo es una de las etapas m\u00e1s importantes en el crecimiento de tu hijo y est\u00e1 a la vuelta de la esquina. Y estamos convencidos de que es un motivo de celebraci\u00f3n.<\/p>\n<p>Cada detalle cuenta, desde el nombre de tu hijo hasta la fecha de nacimiento o la lista de invitados. Empecemos a prepararnos para el bautizo m\u00e1s dulce de todos.<\/p>\n<p>Entendemos que el m\u00e9rito del bautizo es suyo, pero que la misi\u00f3n es nuestra. Por eso creamos un conjunto de bautizo \u00fanico y adaptado al gusto de cada cliente, cumpliendo siempre con la calidad, la perfecci\u00f3n y el buen gusto.<\/p>\n<p>Hechas con amor, nuestras cajas de bautizo se fabrican para cada cliente y pueden contener: una caja de bautizo, una vela de bautizo, una toalla de bautizo, un babero de bautizo, una concha de bautizo y un chupete de bautizo. Porque cuando nacen, cada beb\u00e9 tiene su propia historia.<\/p>\n<h2>Vela Batizado Arco \u00cdris<\/h2>\n<p>Y en Miminhos, \u00a1ya sabemos que las velas son una buena excusa para contar tu historia!<\/p>\n<p>Hechas con amor, las Cajas de Bautizo est\u00e1n hechas para cada cliente, una idea que nace de los detalles de su historia. As\u00ed que vamos a contarla como es, con sus propias palabras.<\/p>\n<p>Seja como for, temos conjuntos de todas as formas e cores e materiais e tamb\u00e9m a todos os pre\u00e7os. Al\u00e9m disso, a nossa Vela Batizado Arco \u00cdris \u00e9 feita c\u00e1, j\u00e1 que \u00e9 o que nos d\u00e1 o controlo sobre o prazo de produ\u00e7\u00e3o.<\/p>\n<p>Compre los productos que har\u00e1n de su fiesta de bautizo la mejor en la Tienda Online de Miminhos. Entre ellos, Invitaciones y Recuerdos y Conjuntos y Libros de Honor.<\/p>\n<ul>\n<li>Y adem\u00e1s, Carteles y Cajas de Sobres y Marcadores de Mesa y Men\u00fas y Cestas.<\/li>\n<\/ul>\n<ul>\n<li><strong>Velas de Batizado, Velas de Batismo, Velas Batizado, Vela de Batizado, Vela de Batismo, Vela Batizado, Vela Batismo<\/strong><\/li>\n<\/ul>\n<p>Pero tambi\u00e9n Baby Shower y Vestidos y Disfraces y Cake Toppers. Tambi\u00e9n tenemos un inflable y un tobog\u00e1n para que usted pueda contratar.<\/p>\n<p class=\"font_3\">As\u00ed que insp\u00edrese en nuestro trabajo y obtenga m\u00e1s ideas para <strong>bautismo<\/strong>, desde las m\u00e1s simples, hasta las m\u00e1s elegantes y formales, hasta las m\u00e1s divertidas.<\/p>\n<p class=\"font_2\">Assim, combine j\u00e1 o design da sua Vela Batizado Arco \u00cdris com o ambiente que quer apresentar aos seus convidados no dia.<\/p>\n<p class=\"font_3\">As\u00ed que eche un vistazo a continuaci\u00f3n a algunos de los tipos de cajas de bautizo y velas de bautizo creados en la tienda Miminhos.<\/p>\n<p><strong>Veja tb: <a href=\"https:\/\/miminhosritacatita.com\/es\/product-category\/batizados\/\">Art\u00edculos de bautismo<\/a><\/strong><\/p>\n<p><strong>Visite nuestro <a href=\"https:\/\/www.instagram.com\/miminhos.rita.catita\/\" target=\"_blank\" rel=\"noopener\">Instagram<\/a><\/strong><\/p>","protected":false},"excerpt":{"rendered":"<p>Conjunto Vela Batizado Arco \u00cdris<\/p>\n<p>Vela de Batizado 25\u20ac<\/p>\n<p>Impress\u00e3o na vela 7,50\u20ac<br \/>\nConcha 12,50\u20ac<br \/>\nToalha com estampagem 35\u20ac<br \/>\nCaja 60<span class=\"text_exposed_show\"><br \/>\nImpress\u00e3o na caixa 7,50\u20ac<\/span><\/p>\n<p>Babete estampada 12,50\u20ac<\/p>\n<p>Si desea modificar los colores, ind\u00edquelo en las notas.<\/p>","protected":false},"featured_media":26366,"template":"","meta":[],"product_brand":[],"product_cat":[970],"product_tag":[],"class_list":{"0":"post-7239","1":"product","2":"type-product","3":"status-publish","4":"has-post-thumbnail","6":"product_cat-velas-de-batizado","8":"first","9":"instock","10":"taxable","11":"shipping-taxable","12":"purchasable","13":"product-type-simple"},"_links":{"self":[{"href":"https:\/\/miminhosritacatita.com\/es\/wp-json\/wp\/v2\/product\/7239","targetHints":{"allow":["GET"]}}],"collection":[{"href":"https:\/\/miminhosritacatita.com\/es\/wp-json\/wp\/v2\/product"}],"about":[{"href":"https:\/\/miminhosritacatita.com\/es\/wp-json\/wp\/v2\/types\/product"}],"wp:featuredmedia":[{"embeddable":true,"href":"https:\/\/miminhosritacatita.com\/es\/wp-json\/wp\/v2\/media\/26366"}],"wp:attachment":[{"href":"https:\/\/miminhosritacatita.com\/es\/wp-json\/wp\/v2\/media?parent=7239"}],"wp:term":[{"taxonomy":"product_brand","embeddable":true,"href":"https:\/\/miminhosritacatita.com\/es\/wp-json\/wp\/v2\/product_brand?post=7239"},{"taxonomy":"product_cat","embeddable":true,"href":"https:\/\/miminhosritacatita.com\/es\/wp-json\/wp\/v2\/product_cat?post=7239"},{"taxonomy":"product_tag","embeddable":true,"href":"https:\/\/miminhosritacatita.com\/es\/wp-json\/wp\/v2\/product_tag?post=7239"}],"curies":[{"name":"wp","href":"https:\/\/api.w.org\/{rel}","templated":true}]}}