{"id":59860,"date":"2024-06-05T15:16:39","date_gmt":"2024-06-05T15:16:39","guid":{"rendered":"https:\/\/miminhosritacatita.com\/?post_type=product&#038;p=59860"},"modified":"2026-04-28T17:03:29","modified_gmt":"2026-04-28T17:03:29","slug":"agenda-profesional-para-organizadores-de-bodas","status":"publish","type":"product","link":"https:\/\/miminhosritacatita.com\/es\/agendas\/agenda-profissional-wedding-planners\/agenda-profissional-para-wedding-planners\/","title":{"rendered":"Agendas profesionales para organizadores de bodas"},"content":{"rendered":"<h2>Agendas profesionales para organizadores de bodas<\/h2>\n<p>Agendas profesionales para organizadores de bodas<\/p>\n<p>Bienvenido a la nueva era de la organizaci\u00f3n de bodas A\u00a0<strong>Agendas profesionales para organizadores de bodas<\/strong> es una herramienta esencial para los profesionales que convierten los sue\u00f1os en realidad.<\/p>\n<p>As\u00ed, con un dise\u00f1o inteligente y funciones innovadoras, este planificador est\u00e1 pensado para facilitar el trabajo de los organizadores de bodas.<\/p>\n<h2>Agendas profesionales para organizadores de bodas<\/h2>\n<p><strong>Caracter\u00edsticas principales:<\/strong><\/p>\n<p><strong>Tama\u00f1o A5:<\/strong> Compacta y port\u00e1til, la agenda cabe f\u00e1cilmente en un bolso o mochila, lo que permite a los organizadores de bodas llevarla consigo a reuniones, visitas a proveedores y eventos.<\/p>\n<p><strong>Dos a\u00f1os de planificaci\u00f3n:<\/strong> Con una vista semanal, la agenda abarca dos a\u00f1os enteros, lo que garantiza que no se olvide ning\u00fan detalle. Sin embargo, cada semana est\u00e1 dividida en secciones para facilitar el seguimiento de las tareas.<\/p>\n<p><strong>Sistema de ojales:<\/strong> Los anillos permiten a\u00f1adir y quitar m\u00f3dulos seg\u00fan las necesidades. La flexibilidad es la palabra clave. Puedes personalizar la agenda para adaptarla a cada boda concreta.<\/p>\n<h3><strong>M\u00f3dulo de Parejas:<br \/>\n<\/strong><\/h3>\n<ul>\n<li><strong>Decoraci\u00f3n:<\/strong> As\u00ed que toma nota de las ideas creativas para decorar la ceremonia y la recepci\u00f3n.<\/li>\n<li><strong>Restricciones alimentarias:<\/strong> As\u00ed que toma nota de las preferencias alimentarias de los novios y sus invitados.<\/li>\n<li><strong>Calendario:<\/strong>\u00a0Detalla cada etapa del gran d\u00eda, desde los preparativos hasta la fiesta.<\/li>\n<li><strong>Lista de control:<\/strong> No dejes nada al azar. Haz una lista de todas las tareas pendientes.<\/li>\n<\/ul>\n<p>&nbsp;<\/p>\n<ul>\n<li><strong>Lista de invitados:<\/strong>\u00a0Lleve un registro de qui\u00e9n estar\u00e1 all\u00ed.<\/li>\n<li><strong>Organizador de gastos:<\/strong> Registrar presupuestos, pagos y gastos relacionados.<\/li>\n<li><strong>Espacio para organizar las mesas:<\/strong> Planificar la disposici\u00f3n de los invitados en la recepci\u00f3n.<\/li>\n<li><strong>Hoja para notas y bocetos:<\/strong>\u00a0Ideal para reuniones con los novios. Dibuja, anota y borra seg\u00fan sea necesario.<\/li>\n<\/ul>\n<p><strong>Bol\u00edgrafo de acetato incluido:<\/strong> Por eso viene con un bol\u00edgrafo especial para escribir y borrar en la hoja dedicada a los bocetos.<\/p>\n<p><strong>Ocho m\u00f3dulos, ocho bodas:<\/strong> Con ocho m\u00f3dulos, puede organizar hasta ocho bodas simult\u00e1neamente. Cada m\u00f3dulo tiene una pesta\u00f1a para facilitar la navegaci\u00f3n.<\/p>\n<p><strong>Bolsillo interior:<\/strong> Guarda documentos importantes, tarjetas de visita y notas adicionales.<\/p>\n<p><strong>Cubierta laminada y lavable:<\/strong> La resistente funda protege la agenda del desgaste y las manchas. Para que puedas utilizarla durante a\u00f1os.<\/p>\n<p><strong>M\u00f3dulos anuales:<\/strong> De este modo, podr\u00e1 a\u00f1adir a\u00f1os a su Agenda profesional de organizaci\u00f3n de bodas a medida que los necesite, sin tener que comprar una nueva agenda.<\/p>\n<p><strong>Vista anual: <\/strong>La vista anual le da una idea m\u00e1s clara y r\u00e1pida de los actos que se van a celebrar y de los d\u00edas ocupados.<\/p>\n<h4>Por \u00faltimo, tanto si eres un organizador de bodas con experiencia como si acabas de iniciarte en esta apasionante carrera, tenemos todo lo que necesitas. <strong>Agendas profesionales para organizadores de bodas<\/strong> es su aliado perfecto.<\/h4>\n<p>Por \u00faltimo, convierta los detalles en momentos inolvidables y forme parte del viaje de amor de cada pareja.<\/p>\n<p>&nbsp;<\/p>\n<p><strong>Ver tambi\u00e9n<\/strong><a href=\"https:\/\/miminhosritacatita.com\/es\/product\/topo-de-bolo-acrilico-impresso\/\"> Topos de pastel<\/a><\/p>\n<p><strong>S\u00edguenos en <a href=\"https:\/\/www.instagram.com\/miminhos.rita.catita\/\" target=\"_blank\" rel=\"noopener\">Instagram<\/a><\/strong><\/p>","protected":false},"excerpt":{"rendered":"<p>Agendas profesionales para organizadores de bodas<\/p>\n<p>Dimensi\u00f3n: A5<\/p>\n<p>M\u00f3dulos de pareja: 8un<\/p>\n<p>M\u00f3dulos anuales: 2 a\u00f1os<\/p>\n<p>Bol\u00edgrafo de acetato incluido<\/p>\n<p>&nbsp;<\/p>\n<p>&nbsp;<\/p>","protected":false},"featured_media":59862,"template":"","meta":[],"product_brand":[],"product_cat":[1096,1216],"product_tag":[],"class_list":{"0":"post-59860","1":"product","2":"type-product","3":"status-publish","4":"has-post-thumbnail","6":"product_cat-agendas","7":"product_cat-agenda-profissional-wedding-planners","9":"first","10":"instock","11":"featured","12":"taxable","13":"shipping-taxable","14":"purchasable","15":"product-type-simple"},"_links":{"self":[{"href":"https:\/\/miminhosritacatita.com\/es\/wp-json\/wp\/v2\/product\/59860","targetHints":{"allow":["GET"]}}],"collection":[{"href":"https:\/\/miminhosritacatita.com\/es\/wp-json\/wp\/v2\/product"}],"about":[{"href":"https:\/\/miminhosritacatita.com\/es\/wp-json\/wp\/v2\/types\/product"}],"wp:featuredmedia":[{"embeddable":true,"href":"https:\/\/miminhosritacatita.com\/es\/wp-json\/wp\/v2\/media\/59862"}],"wp:attachment":[{"href":"https:\/\/miminhosritacatita.com\/es\/wp-json\/wp\/v2\/media?parent=59860"}],"wp:term":[{"taxonomy":"product_brand","embeddable":true,"href":"https:\/\/miminhosritacatita.com\/es\/wp-json\/wp\/v2\/product_brand?post=59860"},{"taxonomy":"product_cat","embeddable":true,"href":"https:\/\/miminhosritacatita.com\/es\/wp-json\/wp\/v2\/product_cat?post=59860"},{"taxonomy":"product_tag","embeddable":true,"href":"https:\/\/miminhosritacatita.com\/es\/wp-json\/wp\/v2\/product_tag?post=59860"}],"curies":[{"name":"wp","href":"https:\/\/api.w.org\/{rel}","templated":true}]}}