{"id":5499,"date":"2019-02-06T12:22:21","date_gmt":"2019-02-06T12:22:21","guid":{"rendered":"https:\/\/miminhosritacatita.com\/?post_type=product&#038;p=5499"},"modified":"2025-09-29T16:39:11","modified_gmt":"2025-09-29T16:39:11","slug":"convite-casamento-delicado-e-moderno","status":"publish","type":"product","link":"https:\/\/miminhosritacatita.com\/es\/casamento\/convites-de-casamento\/convite-casamento-delicado-e-moderno\/","title":{"rendered":"Convite Casamento Delicado e Moderno"},"content":{"rendered":"<h1>Convite Casamento Delicado e Moderno<\/h1>\n<p>Convite Casamento Delicado e Moderno<\/p>\n<p>\u00c9 oficial, a data est\u00e1 marcada! E na Miminhos Rita Catita queremos saber: qual \u00e9 o dia do seu casamento? Porque os Convites de Casamento dos seus sonhos pode agora ser real.<\/p>\n<p>Dizem que o segredo est\u00e1 nos detalhes\u2026 E n\u00f3s acreditamos! Na nossa loja os Convites de Casamento\u00a0s\u00e3o dos nossos detalhes favoritos.<\/p>\n<p>Dos robes \u00e0s ligas\u2026 Como ser\u00e1 o vosso Convite de Casamento? Pense, porque \u00e9 aqui que o estilo pessoal vai brilhar!<\/p>\n<p>Feitos com amor, os nossos Convites Casamento Floral Elegante s\u00e3o feitos para cada cliente, ideia que resulta dos detalhes da sua hist\u00f3ria. Por isso, vamos j\u00e1 conta-la como ela \u00e9, pelas suas palavras.<\/p>\n<p>Temos, na nossa loja, v\u00e1rios Convites de Casamento, para v\u00e1rios pre\u00e7os e gostos, mantendo sempre a promessa de qualidade.<\/p>\n<h2>Convite Casamento Delicado e Moderno<\/h2>\n<p>Creemos que el m\u00e9rito de <b>Boda<\/b> \u00e9 seu, mas que a miss\u00e3o \u00e9 nossa. E, por isso, criamos produtos ajustados ao gosto de cada cliente, cumprindo sempre com a qualidade e perfei\u00e7\u00e3o e bom gosto.<\/p>\n<p>Assim, encontre na Loja Online a resposta para todos os pormenores que far\u00e3o a sua festa \u00fanica, como o convite de casamento.<\/p>\n<p>Tamb\u00e9m alugamos carros para o transporte dos noivos. Portanto, para saber o pre\u00e7o contacte-nos e informe a data do Evento \/ a morada de recolha \/ a da Igreja \/ e a do local da boda.<\/p>\n<h3>Convites de casamento, Convite de Casamento, Convite casamento, Convites Casamento, Convites de casamento originais, Convites de casamento r\u00fastico<\/h3>\n<p>Assim, temos ainda para alugar um insufl\u00e1vel e um escorrega. Portanto, pe\u00e7a o seu or\u00e7amento dizendo em que dia ser\u00e1 o evento e se o deseja levantar em loja ou se pretende que nos desloquemos ao local do evento para a montagem \/ e desmontagem.<\/p>\n<p>Portanto, encontre aqui a resposta para todos os detalhes que far\u00e3o o seu Casamento \u00fanico. Dos quais Convites Casamento Floral Elegante \/ Porta Alian\u00e7as \/ Livros de Honra \/ Lembran\u00e7as.<\/p>\n<ul>\n<li>Mas tamb\u00e9m, Cestas de Lembran\u00e7as \/ e Photo Booth \/ e Cabides. Assim como Flutes \/ e Talheres \/ e os Bal\u00f5es \/ e os Sparklers \/ e Placas \u201cL\u00e1 Vem a Noiva\u201d.<\/li>\n<\/ul>\n<p>Tamb\u00e9m temos Ramos de Noiva Artificiais \/ e os Ramos de Solteiras \/ e Caixas de Envelopes. E ainda, as Ofertas a Pais e Padrinhos \/ e as Argolas de Guardanapos\/ e as Ementas. Seja como for, encomenda j\u00e1 os Convites Casamento Floral Elegante!<\/p>\n<p><strong>Ver tambi\u00e9n <a href=\"https:\/\/miminhosritacatita.com\/es\/product\/agenda-da-noiva\/\">Agenda de la Novia<\/a><\/strong><\/p>\n<p><strong>S\u00edguenos en<a href=\"https:\/\/www.instagram.com\/miminhos.rita.catita\/\" target=\"_blank\" rel=\"noopener\"> Instagram<\/a><\/strong><\/p>","protected":false},"excerpt":{"rendered":"<p>Convite Casamento Delicado e Moderno<\/p>\n<p>Papeis 250gr<\/p>\n<p>Dimens\u00e3o Fechado &#8211; 12x18cm<\/p>\n<p>Papel da imagem: Branco metalizado<\/p>\n<p>Papel envelope da imagem: Verde matte uasabi<\/p>\n<p>Pode personalizar ao seu gosto!<\/p>","protected":false},"featured_media":39779,"template":"","meta":[],"product_brand":[],"product_cat":[379],"product_tag":[],"class_list":{"0":"post-5499","1":"product","2":"type-product","3":"status-publish","4":"has-post-thumbnail","6":"product_cat-convites-de-casamento","8":"first","9":"instock","10":"taxable","11":"shipping-taxable","12":"purchasable","13":"product-type-simple"},"_links":{"self":[{"href":"https:\/\/miminhosritacatita.com\/es\/wp-json\/wp\/v2\/product\/5499","targetHints":{"allow":["GET"]}}],"collection":[{"href":"https:\/\/miminhosritacatita.com\/es\/wp-json\/wp\/v2\/product"}],"about":[{"href":"https:\/\/miminhosritacatita.com\/es\/wp-json\/wp\/v2\/types\/product"}],"wp:featuredmedia":[{"embeddable":true,"href":"https:\/\/miminhosritacatita.com\/es\/wp-json\/wp\/v2\/media\/39779"}],"wp:attachment":[{"href":"https:\/\/miminhosritacatita.com\/es\/wp-json\/wp\/v2\/media?parent=5499"}],"wp:term":[{"taxonomy":"product_brand","embeddable":true,"href":"https:\/\/miminhosritacatita.com\/es\/wp-json\/wp\/v2\/product_brand?post=5499"},{"taxonomy":"product_cat","embeddable":true,"href":"https:\/\/miminhosritacatita.com\/es\/wp-json\/wp\/v2\/product_cat?post=5499"},{"taxonomy":"product_tag","embeddable":true,"href":"https:\/\/miminhosritacatita.com\/es\/wp-json\/wp\/v2\/product_tag?post=5499"}],"curies":[{"name":"wp","href":"https:\/\/api.w.org\/{rel}","templated":true}]}}