{"id":43978,"date":"2024-02-02T17:45:10","date_gmt":"2024-02-02T17:45:10","guid":{"rendered":"https:\/\/miminhosritacatita.com\/?post_type=product&#038;p=43978"},"modified":"2026-03-27T09:45:48","modified_gmt":"2026-03-27T09:45:48","slug":"nombre-original-del-diario-del-embarazo","status":"publish","type":"product","link":"https:\/\/miminhosritacatita.com\/es\/agendas\/agenda-da-gravida\/agenda-gravida-original-nome\/","title":{"rendered":"Diario original del embarazo Nombre"},"content":{"rendered":"<h1>Diario original del embarazo Nombre<\/h1>\n<p>Diario original del embarazo Nombre<\/p>\n<p>Siempre estamos presentes en los momentos m\u00e1s importantes de tu vida. Por eso, por supuesto, \u00a1\u00a1\u00a1tambi\u00e9n queremos estar presentes en esta etapa tan desafiante de tu vida!!!<\/p>\n<p>El embarazo es, por tanto, una \u00e9poca llena de dudas, ansiedades y muchas preocupaciones, y el diario del embarazo est\u00e1 aqu\u00ed para ayudarte en este proceso. Al fin y al cabo, los meses que siguen son momentos intensos, llenos de cambios que suceden a un ritmo muy r\u00e1pido.<\/p>\n<p>As\u00ed, desde la toma de la decisi\u00f3n en pareja, pasando por la concepci\u00f3n, los nueve meses de embarazo, que nunca se repetir\u00e1n, hasta el esperado momento del parto, hay un mundo de preguntas que responder y registrar en este diario del embarazo.<\/p>\n<h2>Diario original del embarazo Nombre<\/h2>\n<p>As\u00ed que, m\u00e1s que un Diario del Embarazo, con su redacci\u00f3n desenfadada, \u00e9sta es la gu\u00eda que te ayudar\u00e1 a vivir la maternidad\/paternidad con m\u00e1s calma.<\/p>\n<p>Pero hemos creado el Diario del Embarazo pensando en ti, donde podr\u00e1s planificar todo tu embarazo \/ parto \/ primer a\u00f1o del beb\u00e9.<\/p>\n<p>De este modo, en un \u00fanico objeto podr\u00e1s organizar \/ responder preguntas \/ guardar recuerdos y \u00a1contar todos los cambios y nuevas aventuras!<\/p>\n<h3>Descubre este diario:<\/h3>\n<ul>\n<li>Consejos pr\u00e1cticos sobre el embarazo, el parto y el reci\u00e9n nacido<\/li>\n<li>Recetas y consejos para comer durante el embarazo<\/li>\n<li>Referencias mes a mes sobre cambios corporales \/ cuidados \/ consejos para cada etapa del embarazo\n<div class=\"\" data-block=\"true\" data-editor=\"1f2bs\" data-offset-key=\"6h8f1-0-0\"><\/div>\n<\/li>\n<\/ul>\n<p>Adem\u00e1s, consejos sobre el ba\u00f1o y la higiene del beb\u00e9 \/ Espacio para pegar tus ecograf\u00edas<br \/>\nLista de control para la bolsa de maternidad de la mam\u00e1 y el beb\u00e9<br \/>\nEspacio para fotos de los momentos m\u00e1s importantes y para notas y mensajes para el beb\u00e9<\/p>\n<p>As\u00ed, el Diario Original del Embarazo \/ Pregnancy Diary tiene 127 p\u00e1ginas<br \/>\nDiario del embarazo con vista semanal<br \/>\nTapa dura \/ Encuadernaci\u00f3n en espiral<br \/>\nTama\u00f1o A5<\/p>\n<p><strong>Ver tambi\u00e9n <\/strong><a href=\"https:\/\/miminhosritacatita.com\/es\/product-category\/batizados\/\">Bautizado<\/a><\/p>\n<p><strong>Visita el nuestro <a href=\"https:\/\/www.instagram.com\/miminhos.rita.catita\/\" target=\"_blank\" rel=\"noopener\">Instagram<\/a><\/strong><\/p>\n<p>&nbsp;<\/p>","protected":false},"excerpt":{"rendered":"<p>Nombre original Diario de embarazo \/ Pregnancy Diary<\/p>\n<div>\n<div>\n<ul>\n<li>127 p\u00e1ginas<\/li>\n<li>Agenda semanal de 9 meses (sin fecha)<\/li>\n<li>Tapa dura \/ Encuadernaci\u00f3n en espiral<\/li>\n<li>Tama\u00f1o A5<\/li>\n<li>Cubierta personalizada con nombres o nombres y foto\n<div class=\"_1mf _1mj\" data-offset-key=\"fn1e-0-0\"><\/div>\n<\/li>\n<\/ul>\n<\/div>\n<\/div>","protected":false},"featured_media":43968,"template":"","meta":[],"product_brand":[],"product_cat":[1096,1154,1001],"product_tag":[],"class_list":{"0":"post-43978","1":"product","2":"type-product","3":"status-publish","4":"has-post-thumbnail","6":"product_cat-agendas","7":"product_cat-agenda-da-gravida","8":"product_cat-prendas-para-bebe","10":"first","11":"instock","12":"taxable","13":"shipping-taxable","14":"purchasable","15":"product-type-simple"},"_links":{"self":[{"href":"https:\/\/miminhosritacatita.com\/es\/wp-json\/wp\/v2\/product\/43978","targetHints":{"allow":["GET"]}}],"collection":[{"href":"https:\/\/miminhosritacatita.com\/es\/wp-json\/wp\/v2\/product"}],"about":[{"href":"https:\/\/miminhosritacatita.com\/es\/wp-json\/wp\/v2\/types\/product"}],"wp:featuredmedia":[{"embeddable":true,"href":"https:\/\/miminhosritacatita.com\/es\/wp-json\/wp\/v2\/media\/43968"}],"wp:attachment":[{"href":"https:\/\/miminhosritacatita.com\/es\/wp-json\/wp\/v2\/media?parent=43978"}],"wp:term":[{"taxonomy":"product_brand","embeddable":true,"href":"https:\/\/miminhosritacatita.com\/es\/wp-json\/wp\/v2\/product_brand?post=43978"},{"taxonomy":"product_cat","embeddable":true,"href":"https:\/\/miminhosritacatita.com\/es\/wp-json\/wp\/v2\/product_cat?post=43978"},{"taxonomy":"product_tag","embeddable":true,"href":"https:\/\/miminhosritacatita.com\/es\/wp-json\/wp\/v2\/product_tag?post=43978"}],"curies":[{"name":"wp","href":"https:\/\/api.w.org\/{rel}","templated":true}]}}