{"id":43087,"date":"2024-01-04T12:53:23","date_gmt":"2024-01-04T12:53:23","guid":{"rendered":"https:\/\/miminhosritacatita.com\/?post_type=product&#038;p=43087"},"modified":"2026-03-27T09:47:19","modified_gmt":"2026-03-27T09:47:19","slug":"agenda-da-noiva-original-bronze","status":"publish","type":"product","link":"https:\/\/miminhosritacatita.com\/es\/agendas\/agenda-para-noiva\/agenda-da-noiva-original-bronze\/","title":{"rendered":"Agenda da Noiva Original Bronze"},"content":{"rendered":"<h1>Agenda da Noiva Original Bronze<\/h1>\n<p>Agenda da Noiva Original Bronze<\/p>\n<p>As\u00ed que, si ya est\u00e1s loco por los detalles como nosotros, con el <strong>Agenda de la Novia<\/strong> perder\u00e1n la cabeza.<\/p>\n<p>Tudo come\u00e7a aqui e esta \u00e9 a melhor parte: planear, mas tamb\u00e9m deliciar-se na prepara\u00e7\u00e3o.<\/p>\n<p>Portanto, a Agenda da Noiva Original Bronze \u00e9 sua mas o promessa \u00e9 nossa, por isso as nossas <strong>Diarios de la novia<\/strong> se fabrican aqu\u00ed, lo que nos permite controlar totalmente los plazos de producci\u00f3n.<\/p>\n<p>Sin embargo, dicen que el secreto est\u00e1 en los detalles... \u00a1Y nosotros lo creemos! En nuestra tienda <strong>a\u00a0<\/strong>Los diarios de la novia son uno de nuestros detalles favoritos.<\/p>\n<p>Entonces, \u00bfes posible ser una novia organizada? ...\u00a1\u00a1\u00a1s\u00ed que lo es!!! \u00a1Por eso es posible con nuestra Agenda de la Novia!<\/p>\n<p>Como tal, te mostramos un poco m\u00e1s de lo que contiene, \u00a1es s\u00faper completo y capaz de resolver todas tus dudas de organizaci\u00f3n de bodas!<\/p>\n<p>As\u00ed que aqu\u00ed tienes un espacio para anotar y organizar todas tus ideas para el gran d\u00eda de forma pr\u00e1ctica y sencilla.<\/p>\n<h2>Agenda da Noiva Original Bronze<\/h2>\n<p>Assim, a Agenda est\u00e1 cheia de dicas e conselhos de como escolher as alian\u00e7as \/ os convites \/ e o que combina melhor. Logo, ajuda a resolver as quest\u00f5es relacionadas com o tipo de cerim\u00f3nia \/ ajuda tamb\u00e9m na escolha e organiza\u00e7\u00e3o dos convidados, assim como os v\u00e1rios tipos de vestidos.<\/p>\n<p>Y hay mucho espacio para poner tus fotos, as\u00ed como las tareas que tendr\u00e1s que completar antes del gran d\u00eda, \u00a1as\u00ed que tenemos una agenda muy completa y mucho m\u00e1s!<\/p>\n<p>Adem\u00e1s, la agenda tiene pesta\u00f1as para que encuentres f\u00e1cilmente lo que buscas.<\/p>\n<p>Portanto, fizemos a Agenda da Noiva Original Bronze cumprindo a promessa de qualidade e bom gosto:<\/p>\n<ul>\n<li>Encaderna\u00e7\u00e3o \u00e9 em Espiral Bronze<\/li>\n<li>Tapa dura<\/li>\n<li>Agenda N\u00e3o Datada com dois anos completos.<\/li>\n<li>Dimensi\u00f3n: A5<\/li>\n<li>5 pesta\u00f1as<\/li>\n<\/ul>\n<p>Assim como, dicas sobre como planear o casamento e como escolher muito artigos e fornecedores<\/p>\n<p>Check list at\u00e9 ao grande dia<\/p>\n<p>Listagem de artigos que precisa para o grande dia<\/p>\n<p>Organizador de mesas<\/p>\n<p>Y sin embargo... el diario de la novia<br \/>\n\u00a1M\u00e1s de 200 p\u00e1ginas de pura diversi\u00f3n!<\/p>\n<p><strong>Ver tambi\u00e9n<\/strong><a href=\"https:\/\/miminhosritacatita.com\/es\/product\/topo-de-bolo-acrilico-impresso\/\"> Topos de pastel<\/a><\/p>\n<p><strong>Visita el nuestro <a href=\"https:\/\/www.instagram.com\/miminhos.rita.catita\/\" target=\"_blank\" rel=\"noopener\">Instagram<\/a><\/strong><\/p>","protected":false},"excerpt":{"rendered":"<p>Agenda para Noiva com argolas em bronze<\/p>\n<ul>\n<li>Dimensi\u00f3n: A5<\/li>\n<li>Tapa dura<\/li>\n<li>Agenda N\u00e3o Data 2 anos<\/li>\n<li>5 pesta\u00f1as<\/li>\n<li>249 p\u00e1ginas<\/li>\n<li>Gramaje del papel: 120gr<\/li>\n<li>Sem personaliza\u00e7\u00e3o<\/li>\n<\/ul>\n<p>&nbsp;<\/p>\n<p>&nbsp;<\/p>","protected":false},"featured_media":42938,"template":"","meta":[],"product_brand":[],"product_cat":[1096,482,1155],"product_tag":[],"class_list":{"0":"post-43087","1":"product","2":"type-product","3":"status-publish","4":"has-post-thumbnail","6":"product_cat-agendas","7":"product_cat-agenda-da-noiva","8":"product_cat-agenda-para-noiva","10":"first","11":"instock","12":"featured","13":"taxable","14":"shipping-taxable","15":"purchasable","16":"product-type-simple"},"_links":{"self":[{"href":"https:\/\/miminhosritacatita.com\/es\/wp-json\/wp\/v2\/product\/43087","targetHints":{"allow":["GET"]}}],"collection":[{"href":"https:\/\/miminhosritacatita.com\/es\/wp-json\/wp\/v2\/product"}],"about":[{"href":"https:\/\/miminhosritacatita.com\/es\/wp-json\/wp\/v2\/types\/product"}],"wp:featuredmedia":[{"embeddable":true,"href":"https:\/\/miminhosritacatita.com\/es\/wp-json\/wp\/v2\/media\/42938"}],"wp:attachment":[{"href":"https:\/\/miminhosritacatita.com\/es\/wp-json\/wp\/v2\/media?parent=43087"}],"wp:term":[{"taxonomy":"product_brand","embeddable":true,"href":"https:\/\/miminhosritacatita.com\/es\/wp-json\/wp\/v2\/product_brand?post=43087"},{"taxonomy":"product_cat","embeddable":true,"href":"https:\/\/miminhosritacatita.com\/es\/wp-json\/wp\/v2\/product_cat?post=43087"},{"taxonomy":"product_tag","embeddable":true,"href":"https:\/\/miminhosritacatita.com\/es\/wp-json\/wp\/v2\/product_tag?post=43087"}],"curies":[{"name":"wp","href":"https:\/\/api.w.org\/{rel}","templated":true}]}}