{"id":41287,"date":"2023-08-04T10:37:38","date_gmt":"2023-08-04T10:37:38","guid":{"rendered":"https:\/\/miminhosritacatita.com\/?post_type=product&#038;p=41287"},"modified":"2025-10-10T14:43:49","modified_gmt":"2025-10-10T14:43:49","slug":"pomba-lembranca-batizado-gesso","status":"publish","type":"product","link":"https:\/\/miminhosritacatita.com\/es\/batizado\/lembrancas-de-batizado\/pomba-lembranca-batizado-gesso\/","title":{"rendered":"Pomba Lembran\u00e7a Batizado Gesso"},"content":{"rendered":"<h1>Pomba Lembran\u00e7a Batizado Gesso<\/h1>\n<p>Pomba Lembran\u00e7a Batizado Gesso<\/p>\n<p>O <b>Batismo <\/b>\u00e9 das mais importantes fases do crescimento do seu filho e est\u00e1 prestes a chegar. E estamos convencidos de que isso \u00e9 motivo para celebrar.<\/p>\n<p>Todos os detalhes contam, desde o nome do seu filho, \u00e0 data do nascimento, at\u00e9 \u00e0 lista de convidados! Porque vamos j\u00e1 come\u00e7ar a preparar o <b>Batismo<\/b> mais doce de sempre.<\/p>\n<p>Entendemos que o m\u00e9rito pelo <b>Batismo<\/b> \u00e9 seu, mas que a miss\u00e3o \u00e9 nossa. E, por isso, criamos uma lembran\u00e7a \u00fanica e adaptada ao gosto de cada cliente, cumprindo sempre com a qualidade e perfei\u00e7\u00e3o e bom gosto.<\/p>\n<p>Feitas com amor, as nossas<strong> Lembran\u00e7as<\/strong> s\u00e3o feitos para cada cliente. Pois na altura em que nascem, todos os beb\u00e9s j\u00e1 tem a sua hist\u00f3ria.<\/p>\n<h2>A nossa Pomba Lembran\u00e7a Batizado Gesso<\/h2>\n<p>E, na Miminhos, j\u00e1 sabemos que as Lembran\u00e7as s\u00e3o um bom pretexto para contar a sua!<\/p>\n<p>Hechos con amor, los obsequios se hacen para cada cliente, idea que surge de los detalles de su historia. Por eso, vamos a contarla como es, con sus palabras.<\/p>\n<p>Temos brindes de todas as formas e cores e materiais e tamb\u00e9m a todos os pre\u00e7os. Al\u00e9m disso, a nossa Lembran\u00e7a Porta Chaves Panda \u00e9 feita c\u00e1, j\u00e1 que \u00e9 o que nos d\u00e1 o controlo sobre o prazo de produ\u00e7\u00e3o.<\/p>\n<p>Compre j\u00e1 na Loja Online da Miminhos os produtos que far\u00e3o da sua festa<strong>, <\/strong>a melhor. Dos quais, Convites e Lembran\u00e7as e Conjuntos e Livros de Honra.<\/p>\n<ul>\n<li>\n<h3>Y adem\u00e1s, Carteles y Cajas de Sobres y Marcadores de Mesa y Men\u00fas y Cestas.<\/h3>\n<\/li>\n<\/ul>\n<p>Mas ainda, Baby Shower e Vestidos e Fatos e Topos de Bolo. Para al\u00e9m disso, temos tamb\u00e9m um insufl\u00e1vel e um escorrega para alugar, para si.<\/p>\n<p class=\"font_3\">Insp\u00edrate en nuestro trabajo y ten ya m\u00e1s ideas de <strong>batismo<\/strong>, desde las m\u00e1s simples, hasta las m\u00e1s elegantes y formales, hasta las m\u00e1s divertidas.<\/p>\n<p class=\"font_2\">Assim, combine j\u00e1 o design da sua Lembran\u00e7a Porta Chaves Panda com o ambiente que quer apresentar aos seus convidados no dia.<\/p>\n<p class=\"font_3\">Por lo tanto, vea ya, abajo algunos tipos de <strong>lembran\u00e7as<\/strong> criadas na loja da Miminhos.<\/p>\n<p><strong>Veja tb: <a href=\"https:\/\/miminhosritacatita.com\/es\/product-category\/batizados\/\">Artigos p Batismo<\/a><\/strong><\/p>\n<p><strong>Visite o n\/ Facebook:<\/strong> <a href=\"https:\/\/www.facebook.com\/pg\/miminhos.ritacatita\/photos\/?tab=albums\" target=\"_blank\" rel=\"noopener\">Miminhos Rita Gatinha<\/a><\/p>","protected":false},"excerpt":{"rendered":"<p>Pomba Lembran\u00e7a Batizado Gesso<\/p>\n<p>Aroma a Talco<\/p>\n<p>Um presente cheio de originalidade e aroma. Para alterar a cor da fita, indicar nas notas, depois de finalizar a encomenda.<\/p>","protected":false},"featured_media":41808,"template":"","meta":[],"product_brand":[],"product_cat":[858,860],"product_tag":[],"class_list":{"0":"post-41287","1":"product","2":"type-product","3":"status-publish","4":"has-post-thumbnail","6":"product_cat-batizado","7":"product_cat-lembrancas-de-batizado","9":"first","10":"instock","11":"taxable","12":"shipping-taxable","13":"purchasable","14":"product-type-simple"},"_links":{"self":[{"href":"https:\/\/miminhosritacatita.com\/es\/wp-json\/wp\/v2\/product\/41287","targetHints":{"allow":["GET"]}}],"collection":[{"href":"https:\/\/miminhosritacatita.com\/es\/wp-json\/wp\/v2\/product"}],"about":[{"href":"https:\/\/miminhosritacatita.com\/es\/wp-json\/wp\/v2\/types\/product"}],"wp:featuredmedia":[{"embeddable":true,"href":"https:\/\/miminhosritacatita.com\/es\/wp-json\/wp\/v2\/media\/41808"}],"wp:attachment":[{"href":"https:\/\/miminhosritacatita.com\/es\/wp-json\/wp\/v2\/media?parent=41287"}],"wp:term":[{"taxonomy":"product_brand","embeddable":true,"href":"https:\/\/miminhosritacatita.com\/es\/wp-json\/wp\/v2\/product_brand?post=41287"},{"taxonomy":"product_cat","embeddable":true,"href":"https:\/\/miminhosritacatita.com\/es\/wp-json\/wp\/v2\/product_cat?post=41287"},{"taxonomy":"product_tag","embeddable":true,"href":"https:\/\/miminhosritacatita.com\/es\/wp-json\/wp\/v2\/product_tag?post=41287"}],"curies":[{"name":"wp","href":"https:\/\/api.w.org\/{rel}","templated":true}]}}