{"id":38756,"date":"2023-04-19T10:59:40","date_gmt":"2023-04-19T10:59:40","guid":{"rendered":"https:\/\/miminhosritacatita.com\/?post_type=product&#038;p=38756"},"modified":"2026-03-16T18:01:28","modified_gmt":"2026-03-16T18:01:28","slug":"toalha-batismo-coroa-azul","status":"publish","type":"product","link":"https:\/\/miminhosritacatita.com\/es\/batizado\/acessorios-de-batizado\/toalhas-de-batizado\/toalha-batismo-coroa-azul\/","title":{"rendered":"Toalha Batismo Coroa Azul"},"content":{"rendered":"<h1><strong>Toalha Batismo Coroa Azul<\/strong><\/h1>\n<p>Toalha Batismo Coroa Azul<\/p>\n<p>El bautizo es una de las etapas m\u00e1s importantes en el crecimiento de tu hijo y est\u00e1 a la vuelta de la esquina. Y estamos convencidos de que es un motivo de celebraci\u00f3n.<\/p>\n<p>Cada detalle cuenta, desde el nombre de tu hijo hasta la fecha de nacimiento o la lista de invitados. Empecemos a prepararnos para el bautizo m\u00e1s dulce de todos.<\/p>\n<p>Entendemos que el m\u00e9rito del bautizo es suyo, pero que la misi\u00f3n es nuestra. Por eso creamos un conjunto de bautizo \u00fanico y adaptado al gusto de cada cliente, cumpliendo siempre con la calidad, la perfecci\u00f3n y el buen gusto.<\/p>\n<p>Feitos com amor, as nossas Caixas de Batismo s\u00e3o feitos para cada cliente e podem conter: caixa de batizado, vela de batizado, toalha de batizado, babete de batizado, concha de batizado e chucha de batizado. Pois na altura em que nascem, todos os beb\u00e9s j\u00e1 tem a sua hist\u00f3ria.<\/p>\n<h2>Toalha Batismo Coroa Azul<\/h2>\n<p>Y en Miminhos, \u00a1ya sabemos que las velas son una buena excusa para contar tu historia!<\/p>\n<p>Hechas con amor, las Cajas de Bautizo est\u00e1n hechas para cada cliente, una idea que nace de los detalles de su historia. As\u00ed que vamos a contarla como es, con sus propias palabras.<\/p>\n<p>Seja como for, temos conjuntos de todas as formas e cores e materiais e tamb\u00e9m a todos os pre\u00e7os. Al\u00e9m disso, a nossa Toalha Batismo Coroa Azul \u00e9 feita c\u00e1, j\u00e1 que \u00e9 o que nos d\u00e1 o controlo sobre o prazo de produ\u00e7\u00e3o.<\/p>\n<p>Compre los productos que har\u00e1n de su fiesta de bautizo la mejor en la Tienda Online de Miminhos. Entre ellos, Invitaciones y Recuerdos y Conjuntos y Libros de Honor.<\/p>\n<ul>\n<li>Y adem\u00e1s, Carteles y Cajas de Sobres y Marcadores de Mesa y Men\u00fas y Cestas.<\/li>\n<\/ul>\n<p>Pero tambi\u00e9n Baby Shower y Vestidos y Disfraces y Cake Toppers. Tambi\u00e9n tenemos un inflable y un tobog\u00e1n para que usted pueda contratar.<\/p>\n<p class=\"font_3\"><strong>Toalha de batismo bordada, Toalha de Batizado bordada, Toalha de Batizado, Toalha de batizado menina, Toalha de batizado para menino, Toalhas de Batismo<\/strong><\/p>\n<p class=\"font_3\">As\u00ed que insp\u00edrese en nuestro trabajo y obtenga m\u00e1s ideas para <strong>bautismo<\/strong>, desde las m\u00e1s simples, hasta las m\u00e1s elegantes y formales, hasta las m\u00e1s divertidas.<\/p>\n<p class=\"font_2\">Assim, combine j\u00e1 o design da sua Toalha Batismo Coroa Azul com o ambiente que quer apresentar aos seus convidados no dia.<\/p>\n<p class=\"font_3\">As\u00ed que eche un vistazo a continuaci\u00f3n a algunos de los tipos de cajas de bautizo y velas de bautizo creados en la tienda Miminhos.<\/p>\n<p><strong>Veja tb: <a href=\"https:\/\/miminhosritacatita.com\/es\/product-category\/batizados\/\">Art\u00edculos de bautismo<\/a><\/strong><\/p>\n<p><strong>Visite nuestro <a href=\"https:\/\/www.instagram.com\/miminhos.rita.catita\/\" target=\"_blank\" rel=\"noopener\">Instagram<\/a><\/strong><\/p>","protected":false},"excerpt":{"rendered":"<p>Toalha Batismo Coroa Azul, personalizada e impressa ao seu gosto:<\/p>\n<div id=\"id_5c950091cd3335e03125653\" class=\"text_exposed_root text_exposed\">\n<div>\n<div id=\"id_5d80ca3b03f7e6d22493454\" class=\"text_exposed_root text_exposed\">\n<div id=\"id_5c950a852167d8377006006\" class=\"text_exposed_root text_exposed\"><span class=\"text_exposed_show\">Vela com medalha \u2013 30\u20ac<\/span><\/div>\n<div data-rocket-location-hash=\"3a3a49c36492318b6ec51575035cdead\">Concha com medalha \u2013 17,50\u20ac<\/div>\n<div>Toalha estampada \u2013 35\u20ac<\/div>\n<div>Caixa \u2013 50\u20ac<\/div>\n<div>Impress\u00e3o na caixa \u2013 12,50\u20ac<\/div>\n<div><\/div>\n<div>Dimens\u00e3o da caixa: 35 x 22 x 5,5cm<\/div>\n<\/div>\n<\/div>\n<\/div>\n<p>Si desea modificar los colores, ind\u00edquelo en las notas.<\/p>","protected":false},"featured_media":66128,"template":"","meta":[],"product_brand":[],"product_cat":[1166],"product_tag":[],"class_list":{"0":"post-38756","1":"product","2":"type-product","3":"status-publish","4":"has-post-thumbnail","6":"product_cat-toalhas-de-batizado","8":"first","9":"instock","10":"taxable","11":"shipping-taxable","12":"purchasable","13":"product-type-simple"},"_links":{"self":[{"href":"https:\/\/miminhosritacatita.com\/es\/wp-json\/wp\/v2\/product\/38756","targetHints":{"allow":["GET"]}}],"collection":[{"href":"https:\/\/miminhosritacatita.com\/es\/wp-json\/wp\/v2\/product"}],"about":[{"href":"https:\/\/miminhosritacatita.com\/es\/wp-json\/wp\/v2\/types\/product"}],"wp:featuredmedia":[{"embeddable":true,"href":"https:\/\/miminhosritacatita.com\/es\/wp-json\/wp\/v2\/media\/66128"}],"wp:attachment":[{"href":"https:\/\/miminhosritacatita.com\/es\/wp-json\/wp\/v2\/media?parent=38756"}],"wp:term":[{"taxonomy":"product_brand","embeddable":true,"href":"https:\/\/miminhosritacatita.com\/es\/wp-json\/wp\/v2\/product_brand?post=38756"},{"taxonomy":"product_cat","embeddable":true,"href":"https:\/\/miminhosritacatita.com\/es\/wp-json\/wp\/v2\/product_cat?post=38756"},{"taxonomy":"product_tag","embeddable":true,"href":"https:\/\/miminhosritacatita.com\/es\/wp-json\/wp\/v2\/product_tag?post=38756"}],"curies":[{"name":"wp","href":"https:\/\/api.w.org\/{rel}","templated":true}]}}