{"id":38718,"date":"2023-04-19T09:09:30","date_gmt":"2023-04-19T09:09:30","guid":{"rendered":"https:\/\/miminhosritacatita.com\/?post_type=product&#038;p=38718"},"modified":"2026-03-13T17:58:15","modified_gmt":"2026-03-13T17:58:15","slug":"concha-batizado-caixa-verde","status":"publish","type":"product","link":"https:\/\/miminhosritacatita.com\/es\/batizado\/acessorios-de-batizado\/conchas-de-batizado\/concha-batizado-caixa-verde\/","title":{"rendered":"Concha Batizado Caixa Verde"},"content":{"rendered":"<h1><strong>Concha Batizado Caixa Verde<\/strong><\/h1>\n<p>Concha Batizado Caixa Verde<\/p>\n<p>El bautizo es una de las etapas m\u00e1s importantes en el crecimiento de tu hijo y est\u00e1 a la vuelta de la esquina. Y estamos convencidos de que es un motivo de celebraci\u00f3n.<\/p>\n<p>Cada detalle cuenta, desde el nombre de tu hijo hasta la fecha de nacimiento o la lista de invitados. Empecemos a prepararnos para el bautizo m\u00e1s dulce de todos.<\/p>\n<p>Entendemos que el m\u00e9rito del bautizo es suyo, pero que la misi\u00f3n es nuestra. Por eso creamos un conjunto de bautizo \u00fanico y adaptado al gusto de cada cliente, cumpliendo siempre con la calidad, la perfecci\u00f3n y el buen gusto.<\/p>\n<p>Feitos com amor, as nossas Caixas de Batismo s\u00e3o feitos para cada cliente e podem conter: caixa de batizado, vela de batizado, toalha de batizado, babete de batizado, concha de batizado e chucha de batizado. Pois na altura em que nascem, todos os beb\u00e9s j\u00e1 tem a sua hist\u00f3ria.<\/p>\n<h2>Concha Batizado Caixa Verde<\/h2>\n<p>Y en Miminhos, \u00a1ya sabemos que las velas son una buena excusa para contar tu historia!<\/p>\n<p>Hechas con amor, las Cajas de Bautizo est\u00e1n hechas para cada cliente, una idea que nace de los detalles de su historia. As\u00ed que vamos a contarla como es, con sus propias palabras.<\/p>\n<p>Seja como for, temos conjuntos de todas as formas e cores e materiais e tamb\u00e9m a todos os pre\u00e7os. Al\u00e9m disso, a nossa Concha Batizado Caixa Verde \u00e9 feita c\u00e1, j\u00e1 que \u00e9 o que nos d\u00e1 o controlo sobre o prazo de produ\u00e7\u00e3o.<\/p>\n<p>Compre los productos que har\u00e1n de su fiesta de bautizo la mejor en la Tienda Online de Miminhos. Entre ellos, Invitaciones y Recuerdos y Conjuntos y Libros de Honor.<\/p>\n<ul>\n<li>Y adem\u00e1s, Carteles y Cajas de Sobres y Marcadores de Mesa y Men\u00fas y Cestas.<\/li>\n<\/ul>\n<ul>\n<li><strong>Concha de bautizo, Concha de bautizo, Concha de bautizo, Concha de bautizo<\/strong><\/li>\n<\/ul>\n<p>Pero tambi\u00e9n Baby Shower y Vestidos y Disfraces y Cake Toppers. Tambi\u00e9n tenemos un inflable y un tobog\u00e1n para que usted pueda contratar.<\/p>\n<p class=\"font_3\">As\u00ed que insp\u00edrese en nuestro trabajo y obtenga m\u00e1s ideas para <strong>bautismo<\/strong>, desde las m\u00e1s simples, hasta las m\u00e1s elegantes y formales, hasta las m\u00e1s divertidas.<\/p>\n<p class=\"font_2\">Assim, combine j\u00e1 o design da sua Concha Batizado Caixa Verde com o ambiente que quer apresentar aos seus convidados no dia.<\/p>\n<p class=\"font_3\">As\u00ed que eche un vistazo a continuaci\u00f3n a algunos de los tipos de cajas de bautizo y velas de bautizo creados en la tienda Miminhos.<\/p>\n<p><strong>V\u00e9ase tambi\u00e9n: <a href=\"https:\/\/miminhosritacatita.com\/es\/product-category\/batizados\/\">Art\u00edculos de bautismo<\/a><\/strong><\/p>\n<p><strong>Visite nuestro <a href=\"https:\/\/www.instagram.com\/miminhos.rita.catita\/\" target=\"_blank\" rel=\"noopener\">Instagram<\/a><\/strong><\/p>","protected":false},"excerpt":{"rendered":"<p>Concha Batizado Caixa Verde<\/p>\n<div id=\"id_5c950091cd3335e03125653\" class=\"text_exposed_root text_exposed\">\n<div>\n<div id=\"id_5db1bbeb6c0678b38325450\" class=\"text_exposed_root text_exposed\"><span class=\"text_exposed_show\"><span class=\"text_exposed_show\">Vela: 25\u20ac<br \/>\nImpress\u00e3o Personalizada na vela \u2013 7,50\u20ac<br \/>\nConcha 12,50\u20ac<br \/>\nToalha com estampagem 35\u20ac<br \/>\nPre\u00e7o da Caixa (2 pisos): 70\u20ac<br \/>\nImpress\u00e3o na caixa 7,50\u20ac<br \/>\nDimens\u00e3o da Caixa: 30x35cm com divis\u00f3rias<br \/>\n<\/span><\/span><\/div>\n<\/div>\n<\/div>\n<p>Si desea modificar los colores, ind\u00edquelo en las notas.<\/p>","protected":false},"featured_media":47801,"template":"","meta":[],"product_brand":[],"product_cat":[1165],"product_tag":[],"class_list":{"0":"post-38718","1":"product","2":"type-product","3":"status-publish","4":"has-post-thumbnail","6":"product_cat-conchas-de-batizado","8":"first","9":"instock","10":"taxable","11":"shipping-taxable","12":"purchasable","13":"product-type-simple"},"_links":{"self":[{"href":"https:\/\/miminhosritacatita.com\/es\/wp-json\/wp\/v2\/product\/38718","targetHints":{"allow":["GET"]}}],"collection":[{"href":"https:\/\/miminhosritacatita.com\/es\/wp-json\/wp\/v2\/product"}],"about":[{"href":"https:\/\/miminhosritacatita.com\/es\/wp-json\/wp\/v2\/types\/product"}],"wp:featuredmedia":[{"embeddable":true,"href":"https:\/\/miminhosritacatita.com\/es\/wp-json\/wp\/v2\/media\/47801"}],"wp:attachment":[{"href":"https:\/\/miminhosritacatita.com\/es\/wp-json\/wp\/v2\/media?parent=38718"}],"wp:term":[{"taxonomy":"product_brand","embeddable":true,"href":"https:\/\/miminhosritacatita.com\/es\/wp-json\/wp\/v2\/product_brand?post=38718"},{"taxonomy":"product_cat","embeddable":true,"href":"https:\/\/miminhosritacatita.com\/es\/wp-json\/wp\/v2\/product_cat?post=38718"},{"taxonomy":"product_tag","embeddable":true,"href":"https:\/\/miminhosritacatita.com\/es\/wp-json\/wp\/v2\/product_tag?post=38718"}],"curies":[{"name":"wp","href":"https:\/\/api.w.org\/{rel}","templated":true}]}}