{"id":38361,"date":"2023-04-13T17:00:51","date_gmt":"2023-04-13T17:00:51","guid":{"rendered":"https:\/\/miminhosritacatita.com\/?post_type=product&#038;p=38361"},"modified":"2026-05-14T11:05:38","modified_gmt":"2026-05-14T11:05:38","slug":"conjunto-batismo-medalha-coroa-m","status":"publish","type":"product","link":"https:\/\/miminhosritacatita.com\/es\/batizado\/conjuntos-de-batizado\/conjunto-batismo-medalha-coroa-m\/","title":{"rendered":"Conjunto Batismo Medalha Coroa-M"},"content":{"rendered":"<h1>Conjunto Batismo Medalha Coroa-M<\/h1>\n<p>Conjunto Batismo Medalha Coroa-M<\/p>\n<p>El bautizo es una de las etapas m\u00e1s importantes en el crecimiento de tu hijo y est\u00e1 a la vuelta de la esquina. Y estamos convencidos de que es un motivo de celebraci\u00f3n.<\/p>\n<p>Cada detalle cuenta, desde el nombre de tu hijo hasta la fecha de nacimiento o la lista de invitados. Empecemos a prepararnos para el bautizo m\u00e1s dulce de todos.<\/p>\n<p>Entendemos que el m\u00e9rito del bautizo es suyo, pero que la misi\u00f3n es nuestra. Por eso creamos un conjunto de bautizo \u00fanico y adaptado al gusto de cada cliente, cumpliendo siempre con la calidad, la perfecci\u00f3n y el buen gusto.<\/p>\n<p>Hechas con amor, nuestras cajas de bautizo se fabrican para cada cliente y pueden contener: una caja de bautizo, una vela de bautizo, una toalla de bautizo, un babero de bautizo, una concha de bautizo y un chupete de bautizo. Porque cuando nacen, cada beb\u00e9 tiene su propia historia.<\/p>\n<h2>Conjunto Batismo Medalha Coroa-M<\/h2>\n<p>Y en Miminhos, \u00a1ya sabemos que las velas son una buena excusa para contar tu historia!<\/p>\n<p>Hechas con amor, las Cajas de Bautizo est\u00e1n hechas para cada cliente, una idea que nace de los detalles de su historia. As\u00ed que vamos a contarla como es, con sus propias palabras.<\/p>\n<p>Seja como for, temos conjuntos de todas as formas e cores e materiais e tamb\u00e9m a todos os pre\u00e7os. Al\u00e9m disso, o nosso Conjunto Batismo Medalha Coroa-G \u00e9 feita c\u00e1, j\u00e1 que \u00e9 o que nos d\u00e1 o controlo sobre o prazo de produ\u00e7\u00e3o.<\/p>\n<p>Compre los productos que har\u00e1n de su fiesta de bautizo la mejor en la Tienda Online de Miminhos. Entre ellos, Invitaciones y Recuerdos y Conjuntos y Libros de Honor.<\/p>\n<ul>\n<li>\n<h3>Y adem\u00e1s, Carteles y Cajas de Sobres y Marcadores de Mesa y Men\u00fas y Cestas.<\/h3>\n<\/li>\n<\/ul>\n<p>Pero tambi\u00e9n Baby Shower y Vestidos y Disfraces y Cake Toppers. Tambi\u00e9n tenemos un inflable y un tobog\u00e1n para que usted pueda contratar.<\/p>\n<p class=\"font_3\">As\u00ed que insp\u00edrese en nuestro trabajo y obtenga m\u00e1s ideas para <strong>bautismo<\/strong>, desde las m\u00e1s simples, hasta las m\u00e1s elegantes y formales, hasta las m\u00e1s divertidas.<\/p>\n<p class=\"font_2\">Assim, combine j\u00e1 o design do seu Conjunto Batismo Medalha Coroa-M com o ambiente que quer apresentar aos seus convidados no dia.<\/p>\n<p class=\"font_3\">As\u00ed que eche un vistazo a continuaci\u00f3n a algunos de los tipos de cajas de bautizo y velas de bautizo creados en la tienda Miminhos.<\/p>\n<p><strong>Veja tb: <a href=\"https:\/\/miminhosritacatita.com\/es\/product-category\/batizados\/\">Art\u00edculos de bautismo<\/a><\/strong><\/p>\n<p><strong>Visita el nuestro <a href=\"https:\/\/www.instagram.com\/miminhos.rita.catita\/\" target=\"_blank\" rel=\"noopener\">Instagram<\/a><\/strong><\/p>","protected":false},"excerpt":{"rendered":"<p>Conjunto Batismo Medalha Coroa-G, personalizado e impresso ao seu gosto:<\/p>\n<div id=\"id_5c950091cd3335e03125653\" class=\"text_exposed_root text_exposed\">\n<div id=\"id_5db1bbeb6c0678b38325450\" class=\"text_exposed_root text_exposed\"><span class=\"text_exposed_show\">Corrente de Chucha &#8211; 10\u20ac<br \/>\nVela 30\u20ac<br \/>\nToalha com bordado personalizado e medalha 55\u20ac<br \/>\nConcha com medalha 17,50\u20ac<\/span><\/div>\n<div class=\"text_exposed_root text_exposed\"><span class=\"text_exposed_show\">Caixa com divis\u00f3rias 35x14cm &#8211; 77,50\u20ac<br \/>\n<\/span><\/div>\n<div>Decora\u00e7\u00e3o da caixa com medalha &#8211; 5\u20ac<\/div>\n<\/div>\n<p>Si desea modificar los colores, ind\u00edquelo en las notas.<\/p>","protected":false},"featured_media":79050,"template":"","meta":[],"product_brand":[],"product_cat":[1167],"product_tag":[],"class_list":{"0":"post-38361","1":"product","2":"type-product","3":"status-publish","4":"has-post-thumbnail","6":"product_cat-conjuntos-de-batizado","8":"first","9":"instock","10":"taxable","11":"shipping-taxable","12":"purchasable","13":"product-type-simple"},"_links":{"self":[{"href":"https:\/\/miminhosritacatita.com\/es\/wp-json\/wp\/v2\/product\/38361","targetHints":{"allow":["GET"]}}],"collection":[{"href":"https:\/\/miminhosritacatita.com\/es\/wp-json\/wp\/v2\/product"}],"about":[{"href":"https:\/\/miminhosritacatita.com\/es\/wp-json\/wp\/v2\/types\/product"}],"wp:featuredmedia":[{"embeddable":true,"href":"https:\/\/miminhosritacatita.com\/es\/wp-json\/wp\/v2\/media\/79050"}],"wp:attachment":[{"href":"https:\/\/miminhosritacatita.com\/es\/wp-json\/wp\/v2\/media?parent=38361"}],"wp:term":[{"taxonomy":"product_brand","embeddable":true,"href":"https:\/\/miminhosritacatita.com\/es\/wp-json\/wp\/v2\/product_brand?post=38361"},{"taxonomy":"product_cat","embeddable":true,"href":"https:\/\/miminhosritacatita.com\/es\/wp-json\/wp\/v2\/product_cat?post=38361"},{"taxonomy":"product_tag","embeddable":true,"href":"https:\/\/miminhosritacatita.com\/es\/wp-json\/wp\/v2\/product_tag?post=38361"}],"curies":[{"name":"wp","href":"https:\/\/api.w.org\/{rel}","templated":true}]}}