{"id":32989,"date":"2022-10-03T15:07:42","date_gmt":"2022-10-03T15:07:42","guid":{"rendered":"https:\/\/miminhosritacatita.com\/?post_type=product&#038;p=32989"},"modified":"2026-05-04T14:26:34","modified_gmt":"2026-05-04T14:26:34","slug":"caixa-aliancas-bodas-pata","status":"publish","type":"product","link":"https:\/\/miminhosritacatita.com\/es\/bodas\/bodas-de-prata\/porta-aliancas-bodas-prata\/caixa-aliancas-bodas-pata\/","title":{"rendered":"Caja de Alianzas Bodas de Plata"},"content":{"rendered":"<h1>Caja de Alianzas Bodas de Plata<\/h1>\n<p>Caixa Alian\u00e7as Bodas Pata<\/p>\n<p><b>As Bodas de Prata s\u00e3o<\/b> uma celebra\u00e7\u00e3o muito importante e est\u00e3o prestes a chegar. E estamos convencidos de que isso \u00e9 motivo para celebrar.<\/p>\n<p>Todos temos uma hist\u00f3ria. E, por isso, n\u00f3s suspeitamos de que os Porta Alian\u00e7as<strong> s\u00e3o<\/strong> um bom pretexto para (nos) contar a sua!<\/p>\n<p>Todos os detalhes contam, desde o namoro, \u00e0 data do casamento, at\u00e9 \u00e0 lista de convidados!\u00a0 Ent\u00e3o vamos j\u00e1 come\u00e7ar a preparar as Bodas de Prata mais doces de sempre.<\/p>\n<p>Entendemos que o m\u00e9rito pelas<b> Bodas de Plata<\/b> \u00e9 seu, mas que a miss\u00e3o \u00e9 nossa. E, por isso, criamos produtos \u00fanicos e adaptados ao gosto de cada cliente, cumprindo sempre com a qualidade e perfei\u00e7\u00e3o e bom gosto.<\/p>\n<h2>O Caixa Alian\u00e7as Bodas Pata<\/h2>\n<p>Pela altura em que casam, todos os casais j\u00e1 tem uma hist\u00f3ria. E, na Miminhos, j\u00e1 sabemos que os porta alian\u00e7as s\u00e3o um bom pretexto para contar a sua!<\/p>\n<p>Feitos com amor, os porta alian\u00e7as s\u00e3o feitos para cada cliente, ideia que resulta dos detalhes da sua hist\u00f3ria. Por isso, vamos j\u00e1 conta-la como ela \u00e9, pelas suas palavras.<\/p>\n<p>Assim, temos porta alian\u00e7as de todas as formas e cores e materiais e tamb\u00e9m a todos os pre\u00e7os. Al\u00e9m disso, os nossos porta alian\u00e7as s\u00e3o feitos c\u00e1, j\u00e1 que \u00e9 o que nos d\u00e1 o controlo sobre o prazo de produ\u00e7\u00e3o.<\/p>\n<p>Compre j\u00e1 na Loja Online da Miminhos os produtos que far\u00e3o da sua festa, a melhor. Dos quais, Convites de Bodas Prata, Lembran\u00e7as para Bodas de Prata, Topos de Bolo, Porta Alian\u00e7as e Livros de Honra.<\/p>\n<ul>\n<li>Y adem\u00e1s, Carteles y Cajas de Sobres y Marcadores de Mesa y Men\u00fas y Cestas.<\/li>\n<\/ul>\n<p class=\"font_3\">Por lo tanto, insp\u00edrate en nuestro trabajo y ten ya m\u00e1s ideas de Bodas, desde las m\u00e1s simples, hasta las m\u00e1s elegantes y m\u00e1s formales, hasta las m\u00e1s divertidas.<\/p>\n<p class=\"font_2\">Dessa forma, combine j\u00e1 o design do seu porta alian\u00e7as com o ambiente que quer apresentar aos seus convidados no dia.<\/p>\n<p class=\"font_3\">Portanto, veja j\u00e1, em baixo alguns produtos para as suas Caixa Alian\u00e7as Bodas Pata criados na loja da Miminhos. Aqui poder\u00e1 encontrar uma verdadeira variedade de produtos para bodas, que far\u00e3o o seu evento ainda mais especial.<\/p>\n<p><strong>Ver tambi\u00e9n <a href=\"https:\/\/miminhosritacatita.com\/es\/product-category\/bodas-de-oro\/regalos-de-bodas-de-oro\/\">Prendas p\/ Bodas de Ouro<\/a><\/strong><\/p>\n<p><strong>Visita el nuestro <a href=\"https:\/\/www.instagram.com\/miminhos.rita.catita\/\" target=\"_blank\" rel=\"noopener\">Instagram<\/a><\/strong><\/p>","protected":false},"excerpt":{"rendered":"<p>Caixa Alian\u00e7as Bodas Pata<\/p>\n<p>Material: madeira<\/p>\n<p>Medida: 11 x 8cm<\/p>\n<p>O pequeno detalhe que guarda um grande amor. Fa\u00e7a j\u00e1 a sua encomenda.<\/p>","protected":false},"featured_media":32960,"template":"","meta":[],"product_brand":[],"product_cat":[1139],"product_tag":[],"class_list":{"0":"post-32989","1":"product","2":"type-product","3":"status-publish","4":"has-post-thumbnail","6":"product_cat-porta-aliancas-bodas-prata","8":"first","9":"instock","10":"taxable","11":"shipping-taxable","12":"purchasable","13":"product-type-simple"},"_links":{"self":[{"href":"https:\/\/miminhosritacatita.com\/es\/wp-json\/wp\/v2\/product\/32989","targetHints":{"allow":["GET"]}}],"collection":[{"href":"https:\/\/miminhosritacatita.com\/es\/wp-json\/wp\/v2\/product"}],"about":[{"href":"https:\/\/miminhosritacatita.com\/es\/wp-json\/wp\/v2\/types\/product"}],"wp:featuredmedia":[{"embeddable":true,"href":"https:\/\/miminhosritacatita.com\/es\/wp-json\/wp\/v2\/media\/32960"}],"wp:attachment":[{"href":"https:\/\/miminhosritacatita.com\/es\/wp-json\/wp\/v2\/media?parent=32989"}],"wp:term":[{"taxonomy":"product_brand","embeddable":true,"href":"https:\/\/miminhosritacatita.com\/es\/wp-json\/wp\/v2\/product_brand?post=32989"},{"taxonomy":"product_cat","embeddable":true,"href":"https:\/\/miminhosritacatita.com\/es\/wp-json\/wp\/v2\/product_cat?post=32989"},{"taxonomy":"product_tag","embeddable":true,"href":"https:\/\/miminhosritacatita.com\/es\/wp-json\/wp\/v2\/product_tag?post=32989"}],"curies":[{"name":"wp","href":"https:\/\/api.w.org\/{rel}","templated":true}]}}