{"id":32659,"date":"2022-09-16T14:18:23","date_gmt":"2022-09-16T14:18:23","guid":{"rendered":"https:\/\/miminhosritacatita.com\/?post_type=product&#038;p=32659"},"modified":"2026-03-16T17:45:14","modified_gmt":"2026-03-16T17:45:14","slug":"prenda-aniversario-espumante-gold","status":"publish","type":"product","link":"https:\/\/miminhosritacatita.com\/es\/presentes-personalizados\/prendas-de-aniversario\/prenda-aniversario-espumante-gold\/","title":{"rendered":"Prenda Anivers\u00e1rio Espumante Gold"},"content":{"rendered":"<h1>Prenda Anivers\u00e1rio Espumante Gold<\/h1>\n<p>Prenda Anivers\u00e1rio Espumante Gold<\/p>\n<p>O anivers\u00e1rio \u00e9 sempre uma celebra\u00e7\u00e3o especial para a fam\u00edlia e amigos. E aos que acompanharam os nossos passos \u2013 primeiro curtos, depois mais longos \u2013, devemos uma recorda\u00e7\u00e3o especial. Portanto, a pensar nisso, a Miminhos Rita Catita desenvolveu presentes personalizados e prendas personalizadas de anivers\u00e1rio.<\/p>\n<p>Dispomos, nas nossas lojas, de v\u00e1rias <strong>prendas de anivers\u00e1rio<\/strong>, personalizadas e ajustadas \u00e0s necessidades de cada cliente, porque o seu anivers\u00e1rio \u00e9 \u00fanico e as ofertas devem ser tamb\u00e9m.<\/p>\n<p>Assim sendo, quais ser\u00e3o as suas <strong>Prendas personalizadas e presentes personalizados<\/strong>, para al\u00e9m dos momentos que, com certeza, n\u00e3o se v\u00e3o esquecer?<\/p>\n<h2>Prenda Anivers\u00e1rio Espumante Gold<\/h2>\n<p>Portanto, na Miminhos Rita Catita entendemos que o m\u00e9rito pela escolha \u00e9 seu, mas que o compromisso \u00e9 nosso. E, por isso, desenvolvemos presentes personalizados e ajustados \u00e0s necessidades de cada cliente.<\/p>\n<p>Para al\u00e9m disso, as nossas Prendas Personalizadas s\u00e3o produzidas internamente, o que nos d\u00e1 total controlo sobre os prazos de produ\u00e7\u00e3o.<\/p>\n<p>Encontre na Loja Online da Miminhos Rita Catita a resposta para todos os pormenores que tornar\u00e3o o seu anivers\u00e1rio \u00fanico: presentes personalizados, prendas personalizadas, prendas de anivers\u00e1rio, prendas para beb\u00e9s, prendas originais para adultos e crian\u00e7as, Chocolates personalizados com mensagens, os presentes mais originais que possa imaginar, como a Prenda Anivers\u00e1rio Espumante Gold.<\/p>\n<p>Portanto,<\/p>\n<ul>\n<li>Prendas personalizadas<\/li>\n<li>Regalos Personalizados<\/li>\n<li>Prenda para beb\u00e9s<\/li>\n<li>Presentes originais e criativos<\/li>\n<\/ul>\n<p>Portanto, feitos com amor, algumas prendas de anivers\u00e1rio j\u00e1 s\u00e3o feitas para cada cliente, ideia que resulta dos detalhes da sua hist\u00f3ria. Por isso, vamos j\u00e1 conta-la como ela \u00e9, pelas suas palavras.<\/p>\n<p>E ainda, temos tamb\u00e9m para este dia especial mais presentes diferentes e originais para oferecer ao melhor aniversariante, uma caixa com chocolates e uma bebida \/ ou outras prendas personalizadas.<\/p>\n<p>Encontre aqui a prenda de anivers\u00e1rio ideal para ofertar a quem ama, encomende j\u00e1.<\/p>\n<p><strong>Ver tambi\u00e9n<\/strong><a href=\"https:\/\/miminhosritacatita.com\/es\/product-category\/batizados\/\"> Artigos p\/ Batizado<\/a><\/p>\n<p><strong>S\u00edguenos en<a href=\"https:\/\/www.instagram.com\/miminhos.rita.catita\/\" target=\"_blank\" rel=\"noopener\"> Instagram<\/a><\/strong><\/p>","protected":false},"excerpt":{"rendered":"<p>Prenda Anivers\u00e1rio Espumante Gold<\/p>\n<p>Garrafa de Espumante 0,75L<\/p>\n<p>O Espumante Gold 23 Kilates \u00e9 um premiado espumante Austr\u00edaco produzido\u00a0 desde 1997 com as melhores uvas selecionadas da regi\u00e3o. Neste Espumante s\u00e3o adicionados genu\u00ednos flocos de ouro 23 Kilates comest\u00edveis que acrescentam um toque de brilho para qualquer ocasi\u00e3o.<\/p>\n<p>&nbsp;<\/p>","protected":false},"featured_media":25568,"template":"","meta":[],"product_brand":[],"product_cat":[1135],"product_tag":[],"class_list":{"0":"post-32659","1":"product","2":"type-product","3":"status-publish","4":"has-post-thumbnail","6":"product_cat-prendas-de-aniversario","8":"first","9":"instock","10":"taxable","11":"shipping-taxable","12":"purchasable","13":"product-type-simple"},"_links":{"self":[{"href":"https:\/\/miminhosritacatita.com\/es\/wp-json\/wp\/v2\/product\/32659","targetHints":{"allow":["GET"]}}],"collection":[{"href":"https:\/\/miminhosritacatita.com\/es\/wp-json\/wp\/v2\/product"}],"about":[{"href":"https:\/\/miminhosritacatita.com\/es\/wp-json\/wp\/v2\/types\/product"}],"wp:featuredmedia":[{"embeddable":true,"href":"https:\/\/miminhosritacatita.com\/es\/wp-json\/wp\/v2\/media\/25568"}],"wp:attachment":[{"href":"https:\/\/miminhosritacatita.com\/es\/wp-json\/wp\/v2\/media?parent=32659"}],"wp:term":[{"taxonomy":"product_brand","embeddable":true,"href":"https:\/\/miminhosritacatita.com\/es\/wp-json\/wp\/v2\/product_brand?post=32659"},{"taxonomy":"product_cat","embeddable":true,"href":"https:\/\/miminhosritacatita.com\/es\/wp-json\/wp\/v2\/product_cat?post=32659"},{"taxonomy":"product_tag","embeddable":true,"href":"https:\/\/miminhosritacatita.com\/es\/wp-json\/wp\/v2\/product_tag?post=32659"}],"curies":[{"name":"wp","href":"https:\/\/api.w.org\/{rel}","templated":true}]}}