{"id":27373,"date":"2022-02-25T15:52:58","date_gmt":"2022-02-25T15:52:58","guid":{"rendered":"https:\/\/miminhosritacatita.com\/?post_type=product&#038;p=27373"},"modified":"2024-12-31T09:16:27","modified_gmt":"2024-12-31T09:16:27","slug":"convite-bodas-ouro-lacre","status":"publish","type":"product","link":"https:\/\/miminhosritacatita.com\/es\/bodas\/bodas-de-ouro\/convites-bodas-de-ouro\/convite-bodas-ouro-lacre\/","title":{"rendered":"Convite Bodas Ouro Lacre"},"content":{"rendered":"<h1>Convite Bodas Ouro Lacre<\/h1>\n<p>Convite Bodas Ouro Lacre<\/p>\n<p>As Bodas de Ouro s\u00e3o uma celebra\u00e7\u00e3o muito importante e est\u00e3o prestes a chegar. E estamos convencidos de que isso \u00e9 motivo para celebrar.<\/p>\n<p>Todos temos uma hist\u00f3ria. E, por isso, n\u00f3s suspeitamos de que os <strong>Convite Bodas Ouro Lacre <\/strong>s\u00e3o um bom pretexto para (nos) contar a sua!<\/p>\n<p>Todos os detalhes contam, desde o namoro, \u00e0 data do casamento, at\u00e9 \u00e0 lista de convidados!\u00a0 Porque vamos j\u00e1 come\u00e7ar a preparar as Bodas de Ouro mais doces de sempre.<\/p>\n<p>Entendemos que o m\u00e9rito pelas <b>Bodas de Oro<\/b> \u00e9 seu, mas que a miss\u00e3o \u00e9 nossa. E, por isso, criamos produtos \u00fanicos e adaptados ao gosto de cada cliente, cumprindo sempre com a qualidade e perfei\u00e7\u00e3o e bom gosto.<\/p>\n<h2>O nosso Convite Bodas Ouro Lacre<\/h2>\n<p>Pela altura em que casam, todos os casais j\u00e1 tem uma hist\u00f3ria. E, na Miminhos, j\u00e1 sabemos que os Convites s\u00e3o um bom pretexto para contar a sua!<\/p>\n<p>Assim, temos convites de todas as formas e cores e materiais e tamb\u00e9m a todos os pre\u00e7os. Al\u00e9m disso, os nossos Convites s\u00e3o feitos c\u00e1, j\u00e1 que \u00e9 o que nos d\u00e1 o controlo sobre o prazo de produ\u00e7\u00e3o.<\/p>\n<p>Feitos com amor, os Convites de Bodas de Ouro s\u00e3o feitos para cada cliente, ideia que resulta dos detalhes da sua hist\u00f3ria. Por isso, vamos j\u00e1 conta-la como ela \u00e9, pelas suas palavras.<\/p>\n<p>Seja como for, compre j\u00e1 na Loja Online da Miminhos os produtos que far\u00e3o da sua festa<strong>, <\/strong>a melhor:<\/p>\n<ul>\n<li>Convite Bodas Ouro Brilhante<\/li>\n<li>Lembran\u00e7as de Bodas de Ouro<\/li>\n<li>Topos de Bolo de Bordas de Ouro<\/li>\n<li>Libros de Honor<\/li>\n<\/ul>\n<p>E ainda, Placards, Caixas de Envelopes, Marcadores de Mesa, Ementas e Cestas.<\/p>\n<p class=\"font_3\">Portanto, inspire-se no nosso trabalho e tenha j\u00e1 mais ideias de Bodas de Ouro, desde as mais simples, \u00e0s mais elegantes e mais formais, at\u00e9 aos mais divertidos.<\/p>\n<p class=\"font_2\">Assim, combine j\u00e1 o design do seu convite com o ambiente que quer apresentar aos seus convidados no dia.<\/p>\n<p class=\"font_3\">Por lo tanto, vea ya, abajo algunos tipos de <strong>invitaciones<\/strong> criados na loja da Miminhos.\u200b<\/p>\n<p><strong>Ver tambi\u00e9n <a href=\"https:\/\/miminhosritacatita.com\/es\/product-category\/bodas-de-ouro\/prendas-para-bodas-de-ouro\/\">Prendas p\/ Bodas de Ouro<\/a><\/strong><\/p>\n<p><strong>Visita el nuestro <a href=\"https:\/\/www.instagram.com\/miminhos.rita.catita\/\" target=\"_blank\" rel=\"noopener\">Instagram<\/a><\/strong><\/p>\n<p>&nbsp;<\/p>","protected":false},"excerpt":{"rendered":"<p>Convite Bodas Ouro Lacre<\/p>\n<p>Cor do envelope: Verde Matte Uasabi<\/p>\n<p>Papel Interior: Engenharia<\/p>\n<p>Dimens\u00e3o: 10x15cm<\/p>\n<p>\u00a1Una excelente idea para hacer tu d\u00eda a\u00fan m\u00e1s memorable y \u00fanico!<\/p>","protected":false},"featured_media":27375,"template":"","meta":[],"product_brand":[],"product_cat":[852],"product_tag":[],"class_list":{"0":"post-27373","1":"product","2":"type-product","3":"status-publish","4":"has-post-thumbnail","6":"product_cat-convites-bodas-de-ouro","8":"first","9":"instock","10":"taxable","11":"shipping-taxable","12":"purchasable","13":"product-type-simple"},"_links":{"self":[{"href":"https:\/\/miminhosritacatita.com\/es\/wp-json\/wp\/v2\/product\/27373","targetHints":{"allow":["GET"]}}],"collection":[{"href":"https:\/\/miminhosritacatita.com\/es\/wp-json\/wp\/v2\/product"}],"about":[{"href":"https:\/\/miminhosritacatita.com\/es\/wp-json\/wp\/v2\/types\/product"}],"wp:featuredmedia":[{"embeddable":true,"href":"https:\/\/miminhosritacatita.com\/es\/wp-json\/wp\/v2\/media\/27375"}],"wp:attachment":[{"href":"https:\/\/miminhosritacatita.com\/es\/wp-json\/wp\/v2\/media?parent=27373"}],"wp:term":[{"taxonomy":"product_brand","embeddable":true,"href":"https:\/\/miminhosritacatita.com\/es\/wp-json\/wp\/v2\/product_brand?post=27373"},{"taxonomy":"product_cat","embeddable":true,"href":"https:\/\/miminhosritacatita.com\/es\/wp-json\/wp\/v2\/product_cat?post=27373"},{"taxonomy":"product_tag","embeddable":true,"href":"https:\/\/miminhosritacatita.com\/es\/wp-json\/wp\/v2\/product_tag?post=27373"}],"curies":[{"name":"wp","href":"https:\/\/api.w.org\/{rel}","templated":true}]}}