{"id":25960,"date":"2022-01-26T10:28:41","date_gmt":"2022-01-26T10:28:41","guid":{"rendered":"https:\/\/miminhosritacatita.com\/?post_type=product&#038;p=25960"},"modified":"2025-02-04T11:47:37","modified_gmt":"2025-02-04T11:47:37","slug":"prenda-bebe-conjunto-pano","status":"publish","type":"product","link":"https:\/\/miminhosritacatita.com\/es\/presentes-personalizados\/prendas-para-bebe\/prenda-bebe-conjunto-pano\/","title":{"rendered":"Prenda Beb\u00e9 Conjunto Pano"},"content":{"rendered":"<h1>Prenda Beb\u00e9 Conjunto Pano<\/h1>\n<p>Prenda Beb\u00e9 Conjunto Pano<\/p>\n<p>Estamos sempre presentes nos momentos mais importantes da sua vida com as Prendas para Beb\u00e9s e presentes personalizados para os momentos especiais!<\/p>\n<p>O que mais gostamos nos\u00a0<strong>Regalos Personalizados\u00a0<\/strong>es de conectarlos a elementos personales \/ \u00fanicos de cada historia. \u00bfCu\u00e1l es la tuya?<\/p>\n<p>Sabemos que o m\u00e9rito pelas Prendas para Beb\u00e9s e presentes personalizados \u00e9 seu, mas que a miss\u00e3o \u00e9 nossa. E, por isso, criamos prendas \u00fanicas e ao seu gosto, cumprindo sempre com a qualidade e perfei\u00e7\u00e3o e bom gosto.<\/p>\n<h2>A Prenda Beb\u00e9 Conjunto Pano<\/h2>\n<p>Os nossos presentes para beb\u00e9s originais j\u00e1 s\u00e3o o resultado de uma combina\u00e7\u00e3o, pelo que trabalhamos para manter a mudan\u00e7a. Fazemos\u00a0<strong>Prendas para bebe 1 ano,<\/strong>\u00a0de acordo com o seu gosto.<\/p>\n<p>Para al\u00e9m disso, os presentes para beb\u00e9s s\u00e3o produzidos c\u00e1, o que nos d\u00e1 controlo sobre o prazo de produ\u00e7\u00e3o.<\/p>\n<p>Tem prendas para Beb\u00e9s para oferecer e n\u00e3o sabe o que escolher? Pois bem, aqui temos a sua prenda ideal.<\/p>\n<p>Uma vez que os nossos presentes personalizados para bebe s\u00e3o feitos c\u00e1, saiba que al\u00e9m do que temos online, pode tamb\u00e9m dizer-nos qual a sua ideia, e n\u00f3s fazemos.<\/p>\n<p>Assim, como sugest\u00f5es de prendas para beb\u00e9s como:<\/p>\n<ul>\n<li>Banco Mealheiro \/ Caixa com cart\u00f5es para fotografar o beb\u00e9. Caixa de Nascimento (para guardar as recorda\u00e7\u00f5es \/ como o cabelo \/ o umbigo \/ a pulseira da maternidade \/ dentes).<\/li>\n<\/ul>\n<p>Assim, tamb\u00e9m temos a Agenda da Gr\u00e1vida (desde a gravidez at\u00e9 ao primeiro aninho) \/ Almofadas personalizadas \/ Quadros de Nascimento.<\/p>\n<p>Encontre na Loja Online tudo o que procura para que a sua Prenda para Beb\u00e9s e presentes personalizados seja \u00fanica.<\/p>\n<p>Insp\u00edrate en nuestro trabajo y ten ya m\u00e1s ideas de\u00a0<strong>ofertas<\/strong>, desde las m\u00e1s simples, hasta las m\u00e1s elegantes y formales, hasta las m\u00e1s divertidas.<\/p>\n<p>Portanto, encomende j\u00e1 a Prenda Beb\u00e9 Conjunto Pano criadas na loja da Miminhos.\u200b<\/p>\n<p><strong>Ver tambi\u00e9n<\/strong><a href=\"https:\/\/miminhosritacatita.com\/es\/product-category\/batizados\/\"> Batizados<\/a><\/p>\n<p><strong>S\u00edguenos en<a href=\"https:\/\/www.instagram.com\/miminhos.rita.catita\/\" target=\"_blank\" rel=\"noopener\"> Instagram<\/a><\/strong><\/p>","protected":false},"excerpt":{"rendered":"<p>Prenda Beb\u00e9 Conjunto Pano<\/p>\n<p>Criamos prendas \u00fanicas e ao seu gosto, cumprindo sempre com a qualidade e perfei\u00e7\u00e3o e bom gosto.<\/p>\n<p>Indicar nas &#8220;Notas&#8221; as altera\u00e7\u00f5es a fazer e cor da estampagem.<\/p>\n<p>&nbsp;<\/p>","protected":false},"featured_media":25934,"template":"","meta":[],"product_brand":[],"product_cat":[1001],"product_tag":[],"class_list":{"0":"post-25960","1":"product","2":"type-product","3":"status-publish","4":"has-post-thumbnail","6":"product_cat-prendas-para-bebe","8":"first","9":"instock","10":"taxable","11":"shipping-taxable","12":"purchasable","13":"product-type-simple"},"_links":{"self":[{"href":"https:\/\/miminhosritacatita.com\/es\/wp-json\/wp\/v2\/product\/25960","targetHints":{"allow":["GET"]}}],"collection":[{"href":"https:\/\/miminhosritacatita.com\/es\/wp-json\/wp\/v2\/product"}],"about":[{"href":"https:\/\/miminhosritacatita.com\/es\/wp-json\/wp\/v2\/types\/product"}],"wp:featuredmedia":[{"embeddable":true,"href":"https:\/\/miminhosritacatita.com\/es\/wp-json\/wp\/v2\/media\/25934"}],"wp:attachment":[{"href":"https:\/\/miminhosritacatita.com\/es\/wp-json\/wp\/v2\/media?parent=25960"}],"wp:term":[{"taxonomy":"product_brand","embeddable":true,"href":"https:\/\/miminhosritacatita.com\/es\/wp-json\/wp\/v2\/product_brand?post=25960"},{"taxonomy":"product_cat","embeddable":true,"href":"https:\/\/miminhosritacatita.com\/es\/wp-json\/wp\/v2\/product_cat?post=25960"},{"taxonomy":"product_tag","embeddable":true,"href":"https:\/\/miminhosritacatita.com\/es\/wp-json\/wp\/v2\/product_tag?post=25960"}],"curies":[{"name":"wp","href":"https:\/\/api.w.org\/{rel}","templated":true}]}}