{"id":22368,"date":"2021-11-08T15:51:45","date_gmt":"2021-11-08T15:51:45","guid":{"rendered":"https:\/\/miminhosritacatita.com\/?post_type=product&#038;p=22368"},"modified":"2025-10-20T14:02:01","modified_gmt":"2025-10-20T14:02:01","slug":"conjunto-batizado-amoroso-linho","status":"publish","type":"product","link":"https:\/\/miminhosritacatita.com\/es\/batizado\/conjuntos-de-batizado\/conjunto-batizado-amoroso-linho\/","title":{"rendered":"Conjunto Batismo Amoroso Linho"},"content":{"rendered":"<h1>Conjunto Batizado Amoroso Linho<\/h1>\n<p>Conjunto Batizado Amoroso Linho<\/p>\n<p>El bautizo es una de las etapas m\u00e1s importantes en el crecimiento de tu hijo y est\u00e1 a la vuelta de la esquina. Y estamos convencidos de que es un motivo de celebraci\u00f3n.<\/p>\n<p>Cada detalle cuenta, desde el nombre de tu hijo hasta la fecha de nacimiento o la lista de invitados. Empecemos a prepararnos para el bautizo m\u00e1s dulce de todos.<\/p>\n<p>Entendemos que el m\u00e9rito del bautizo es suyo, pero que la misi\u00f3n es nuestra. Por eso creamos un conjunto de bautizo \u00fanico y adaptado al gusto de cada cliente, cumpliendo siempre con la calidad, la perfecci\u00f3n y el buen gusto.<\/p>\n<p>Hechas con amor, nuestras cajas de bautizo se fabrican para cada cliente y pueden contener: una caja de bautizo, una vela de bautizo, una toalla de bautizo, un babero de bautizo, una concha de bautizo y un chupete de bautizo. Porque cuando nacen, cada beb\u00e9 tiene su propia historia.<\/p>\n<h2>O nosso Conjunto Batizado Amoroso Linho<\/h2>\n<p>Y en Miminhos, \u00a1ya sabemos que las velas son una buena excusa para contar tu historia!<\/p>\n<p>Hechas con amor, las Cajas de Bautizo est\u00e1n hechas para cada cliente, una idea que nace de los detalles de su historia. As\u00ed que vamos a contarla como es, con sus propias palabras.<\/p>\n<p>Seja como for, temos conjuntos de todas as formas e cores e materiais e tamb\u00e9m a todos os pre\u00e7os. Al\u00e9m disso, o nosso Conjunto Batizado Personalizado Linho \u00e9 feito c\u00e1, j\u00e1 que \u00e9 o que nos d\u00e1 o controlo sobre o prazo de produ\u00e7\u00e3o.<\/p>\n<p>Compre los productos que har\u00e1n de su fiesta de bautizo la mejor en la Tienda Online de Miminhos. Entre ellos, Invitaciones y Recuerdos y Conjuntos y Libros de Honor.<\/p>\n<ul>\n<li>\n<h3>Y adem\u00e1s, Carteles y Cajas de Sobres y Marcadores de Mesa y Men\u00fas y Cestas.<\/h3>\n<\/li>\n<\/ul>\n<p>Pero tambi\u00e9n Baby Shower y Vestidos y Disfraces y Cake Toppers. Tambi\u00e9n tenemos un inflable y un tobog\u00e1n para que usted pueda contratar.<\/p>\n<p class=\"font_3\">As\u00ed que insp\u00edrese en nuestro trabajo y obtenga m\u00e1s ideas para <strong>bautismo<\/strong>, desde las m\u00e1s simples, hasta las m\u00e1s elegantes y formales, hasta las m\u00e1s divertidas.<\/p>\n<p class=\"font_2\">Assim, combine j\u00e1 o design do seu Conjunto Batizado Personalizado Linho com o ambiente que quer apresentar aos seus convidados no dia.<\/p>\n<p class=\"font_3\">As\u00ed que eche un vistazo a continuaci\u00f3n a algunos de los tipos de cajas de bautizo y velas de bautizo creados en la tienda Miminhos.<\/p>\n<p><strong>Veja tb: <a href=\"https:\/\/miminhosritacatita.com\/es\/product-category\/batizados\/\">Art\u00edculos de bautismo<\/a><\/strong><\/p>\n<p><strong>Visita el nuestro <a href=\"https:\/\/www.instagram.com\/miminhos.rita.catita\/\" target=\"_blank\" rel=\"noopener\">Instagram<\/a><\/strong><\/p>\n<p>&nbsp;<\/p>","protected":false},"excerpt":{"rendered":"<p>Conjunto Batizado Amoroso Linho<\/p>\n<div id=\"id_5c950091cd3335e03125653\" class=\"text_exposed_root text_exposed\">\n<div>\n<div>Caixa: 67,50\u20ac<br \/>\nImpress\u00e3o na tampa: 7,50\u20ac<span class=\"text_exposed_show\"><span class=\"text_exposed_show\"><br \/>\nVela 25\u20ac<br \/>\nConcha 17,50<br \/>\n<\/span><\/span><\/div>\n<div>Toalha estampada: 35\u20ac<\/div>\n<div>Sinete Personalizado acresce 60\u20ac, podemos usar sinetes n\u00e3o personalizados com formato de folha ou \u00e1rvore da vida sem acr\u00e9scimo de valor.<\/div>\n<div>Caixa: <span style=\"font-family: Calibri;\">34x25x6cm<\/span> com divis\u00f3rias.<\/div>\n<div><\/div>\n<div>Si desea modificar los colores, ind\u00edquelo en las notas.<\/div>\n<\/div>\n<\/div>","protected":false},"featured_media":30491,"template":"","meta":[],"product_brand":[],"product_cat":[1167],"product_tag":[],"class_list":{"0":"post-22368","1":"product","2":"type-product","3":"status-publish","4":"has-post-thumbnail","6":"product_cat-conjuntos-de-batizado","8":"first","9":"instock","10":"taxable","11":"shipping-taxable","12":"purchasable","13":"product-type-simple"},"_links":{"self":[{"href":"https:\/\/miminhosritacatita.com\/es\/wp-json\/wp\/v2\/product\/22368","targetHints":{"allow":["GET"]}}],"collection":[{"href":"https:\/\/miminhosritacatita.com\/es\/wp-json\/wp\/v2\/product"}],"about":[{"href":"https:\/\/miminhosritacatita.com\/es\/wp-json\/wp\/v2\/types\/product"}],"wp:featuredmedia":[{"embeddable":true,"href":"https:\/\/miminhosritacatita.com\/es\/wp-json\/wp\/v2\/media\/30491"}],"wp:attachment":[{"href":"https:\/\/miminhosritacatita.com\/es\/wp-json\/wp\/v2\/media?parent=22368"}],"wp:term":[{"taxonomy":"product_brand","embeddable":true,"href":"https:\/\/miminhosritacatita.com\/es\/wp-json\/wp\/v2\/product_brand?post=22368"},{"taxonomy":"product_cat","embeddable":true,"href":"https:\/\/miminhosritacatita.com\/es\/wp-json\/wp\/v2\/product_cat?post=22368"},{"taxonomy":"product_tag","embeddable":true,"href":"https:\/\/miminhosritacatita.com\/es\/wp-json\/wp\/v2\/product_tag?post=22368"}],"curies":[{"name":"wp","href":"https:\/\/api.w.org\/{rel}","templated":true}]}}