{"id":21232,"date":"2021-08-09T11:57:21","date_gmt":"2021-08-09T11:57:21","guid":{"rendered":"https:\/\/miminhosritacatita.com\/?post_type=product&#038;p=21232"},"modified":"2026-01-05T17:38:25","modified_gmt":"2026-01-05T17:38:25","slug":"lembranca-casamento-iman-elegante","status":"publish","type":"product","link":"https:\/\/miminhosritacatita.com\/es\/casamento\/lembrancas-de-casamento\/lembranca-casamento-iman-elegante\/","title":{"rendered":"Lembran\u00e7a Casamento \u00cdman Elegante"},"content":{"rendered":"<h1>Lembran\u00e7a Casamento \u00cdman Elegante<\/h1>\n<p>Lembran\u00e7a Casamento \u00cdman Elegante<\/p>\n<p>Dicen que el secreto est\u00e1 en los detalles... \u00a1Y nosotros lo creemos! En nuestra tienda, los recuerdos de boda son uno de nuestros detalles favoritos.<\/p>\n<p>Dos robes \u00e0s ligas\u2026 Como ser\u00e3o as vossas Lembran\u00e7as de Casamento? Pense!, porque \u00e9 aqui que o estilo pessoal vai brilhar! A Lembran\u00e7a Casamento Caixa Especial \u00e9 a solu\u00e7\u00e3o ideal!<\/p>\n<p>Hechos con amor, nuestros Recuerdos de Boda est\u00e1n hechos para cada cliente, una idea que nace de los detalles de su historia. As\u00ed que vamos a contarlo como es, con sus propias palabras.<\/p>\n<p>En nuestra tienda, disponemos de una amplia gama de Regalos de Boda para diferentes precios y gustos, manteniendo siempre la promesa de calidad.<\/p>\n<h2>Lembran\u00e7a Casamento \u00cdman Elegante<\/h2>\n<p>Creemos que el m\u00e9rito de <b>Boda<\/b> es suya, pero la misi\u00f3n es nuestra. Por eso creamos regalos de boda al gusto de cada cliente, siempre con calidad, perfecci\u00f3n y buen gusto.<\/p>\n<p>As\u00ed que encuentra la respuesta a todos los detalles que har\u00e1n que tu celebraci\u00f3n sea \u00fanica, como este recuerdo de boda, en la Tienda Online.<\/p>\n<p>Tambi\u00e9n alquilamos coches para transportar a los novios. Para saber el precio, p\u00f3ngase en contacto con nosotros y h\u00e1ganos saber la fecha del evento \/ la direcci\u00f3n de recogida \/ la direcci\u00f3n de la iglesia \/ y el lugar de la boda.<\/p>\n<h3><strong>Recuerdos de boda, Recuerdos de boda para invitados, Recuerdos de boda sencillos, Recuerdos de boda originales, Recuerdos de boda para hombres.<\/strong><\/h3>\n<p>Seja como for, encontre aqui a resposta para todos os detalhes que far\u00e3o o seu Casamento \u00fanico com os nossos brindes de casamento. Portanto dos quais Lembran\u00e7a Casamento \u00cdman Elegante \/ Convites \/ Porta Alian\u00e7as \/ Livros de Honra \/ Lembran\u00e7as Abre C\u00e1psulas \u00e2ncora.<\/p>\n<ul>\n<li>Pero tambi\u00e9n Cestas de Recuerdos \/ y Cabinas de Fotos \/ y Colgadores. Tambi\u00e9n flautas, cubiertos, globos, bengalas y platos \u201cHere Comes the Bride\u201d.<\/li>\n<\/ul>\n<p>Tambi\u00e9n tenemos Ramos de Novia Artificiales \/ y Ramos de Soltera \/ y Cajas de Sobres. Tambi\u00e9n tenemos Regalos para Padres y Padrinos \/ y Servilleteros \/ y Men\u00fas.<\/p>\n<p>Ver tambi\u00e9n <a href=\"https:\/\/miminhosritacatita.com\/es\/product\/agenda-da-noiva\/\">Agenda de la Novia<\/a><\/p>\n<p>S\u00edguenos en <a href=\"https:\/\/www.instagram.com\/miminhos.rita.catita\/\" target=\"_blank\" rel=\"noopener\">Instagram<\/a><\/p>","protected":false},"excerpt":{"rendered":"<p>Lembran\u00e7a Casamento \u00cdman Elegante em acr\u00edlico com caixa<\/p>\n<p>Dimens\u00e3o da Caixa: 8,2&#215;7,4cm<br \/>\nDimens\u00e3o do Acr\u00edlico: 7&#215;5,5cm<\/p>\n<div><\/div>\n<div>Portanto, uma Lembran\u00e7a com utilidade e originalidade que tornar\u00e1 o seu casamento \u00fanico!<\/div>","protected":false},"featured_media":39617,"template":"","meta":[],"product_brand":[],"product_cat":[479],"product_tag":[],"class_list":{"0":"post-21232","1":"product","2":"type-product","3":"status-publish","4":"has-post-thumbnail","6":"product_cat-lembrancas-de-casamento","8":"first","9":"instock","10":"taxable","11":"shipping-taxable","12":"purchasable","13":"product-type-simple"},"_links":{"self":[{"href":"https:\/\/miminhosritacatita.com\/es\/wp-json\/wp\/v2\/product\/21232","targetHints":{"allow":["GET"]}}],"collection":[{"href":"https:\/\/miminhosritacatita.com\/es\/wp-json\/wp\/v2\/product"}],"about":[{"href":"https:\/\/miminhosritacatita.com\/es\/wp-json\/wp\/v2\/types\/product"}],"wp:featuredmedia":[{"embeddable":true,"href":"https:\/\/miminhosritacatita.com\/es\/wp-json\/wp\/v2\/media\/39617"}],"wp:attachment":[{"href":"https:\/\/miminhosritacatita.com\/es\/wp-json\/wp\/v2\/media?parent=21232"}],"wp:term":[{"taxonomy":"product_brand","embeddable":true,"href":"https:\/\/miminhosritacatita.com\/es\/wp-json\/wp\/v2\/product_brand?post=21232"},{"taxonomy":"product_cat","embeddable":true,"href":"https:\/\/miminhosritacatita.com\/es\/wp-json\/wp\/v2\/product_cat?post=21232"},{"taxonomy":"product_tag","embeddable":true,"href":"https:\/\/miminhosritacatita.com\/es\/wp-json\/wp\/v2\/product_tag?post=21232"}],"curies":[{"name":"wp","href":"https:\/\/api.w.org\/{rel}","templated":true}]}}