{"id":19000,"date":"2021-04-12T15:56:53","date_gmt":"2021-04-12T15:56:53","guid":{"rendered":"https:\/\/miminhosritacatita.com\/?post_type=product&#038;p=19000"},"modified":"2025-01-31T17:24:35","modified_gmt":"2025-01-31T17:24:35","slug":"presente-especial-mae-adora","status":"publish","type":"product","link":"https:\/\/miminhosritacatita.com\/es\/presentes-personalizados\/prendas-dia-da-mae\/presente-especial-mae-adora\/","title":{"rendered":"Presente Especial M\u00e3e Adora"},"content":{"rendered":"<h1>Presente Especial M\u00e3e Adora<\/h1>\n<p>Presente Especial M\u00e3e Adora<\/p>\n<p>Dicen que el secreto est\u00e1 en los detalles... \u00a1Y nosotros lo creemos! En nuestra tienda, los regalos para el D\u00eda de la Madre son algunos de nuestros detalles favoritos.<\/p>\n<p>As\u00ed que, para el D\u00eda de la Madre... \u00bfqu\u00e9 regalo elegir\u00e1s? Piensa! porque aqu\u00ed es donde brillar\u00e1 el estilo personal!<\/p>\n<p>Por eso, hechos con amor, nuestros productos est\u00e1n hechos para cada cliente, una idea que nace de los detalles de su historia. As\u00ed que vamos a contarlo como es, con sus propias palabras.<\/p>\n<p>No entanto, temos, na nossa loja, v\u00e1rios Presentes para a M\u00e3e, para v\u00e1rios pre\u00e7os e gostos, mantendo sempre a promessa de qualidade.<\/p>\n<h2>O Presente Especial M\u00e3e Adora<\/h2>\n<p>El m\u00e9rito del regalo es suyo, pero la misi\u00f3n es nuestra. Por eso creamos productos al gusto de cada cliente, ofreciendo siempre calidad, perfecci\u00f3n y buen gusto.<\/p>\n<p>As\u00ed que encuentra la respuesta a todos los detalles que har\u00e1n que tu fiesta sea \u00fanica en la Tienda Online.<\/p>\n<p>As\u00ed que encuentre aqu\u00ed y ahora la respuesta a todos los detalles que har\u00e1n que este d\u00eda sea \u00fanico.<\/p>\n<ul>\n<li>Dos quais, as molduras com a vossa foto e uma mensagem especial \/ o Martelo com mensagem \/ ou os Chinelos de Quarto \/ ou bebidas com r\u00f3tulos e copos personalizados \/ ou a moldura mealheiro para os sonhos da Mam\u00e3.<\/li>\n<\/ul>\n<p>Adem\u00e1s, para este d\u00eda tan especial tambi\u00e9n tenemos regalos m\u00e1s diferentes y originales para regalar a la Mejor Mam\u00e1, una Caja de Bombones a su gusto \/ o una caja con bombones y una bebida \/ o Bombones con mensaje.<\/p>\n<p>Encuentra aqu\u00ed el regalo ideal para la mejor madre del mundo, haz tu pedido ahora.<\/p>\n<p>Ver tambi\u00e9n <a href=\"https:\/\/miminhosritacatita.com\/es\/product\/agenda-da-noiva\/\">Agenda de la Novia<\/a><\/p>\n<p><strong>S\u00edguenos en<a href=\"https:\/\/www.instagram.com\/miminhos.rita.catita\/\" target=\"_blank\" rel=\"noopener\"> Instagram<\/a><\/strong><\/p>\n<p>&nbsp;<\/p>","protected":false},"excerpt":{"rendered":"<p>Presente Especial M\u00e3e Adora (Coca-cola e Copo com grava\u00e7\u00e3o) O efeito do lim\u00e3o \u00e9 apenas sugest\u00e3o de apresenta\u00e7\u00e3o<\/p>\n<p>Para altera\u00e7\u00f5es, indique nas notas depois de finalizar a sua encomenda.<\/p>\n<p>O Dia da M\u00e3e est\u00e1 a chegar, \u00e9 no primeiro Domingo de Maio<\/p>","protected":false},"featured_media":28862,"template":"","meta":[],"product_brand":[],"product_cat":[1076],"product_tag":[],"class_list":{"0":"post-19000","1":"product","2":"type-product","3":"status-publish","4":"has-post-thumbnail","6":"product_cat-prendas-dia-da-mae","8":"first","9":"instock","10":"taxable","11":"shipping-taxable","12":"purchasable","13":"product-type-simple"},"_links":{"self":[{"href":"https:\/\/miminhosritacatita.com\/es\/wp-json\/wp\/v2\/product\/19000","targetHints":{"allow":["GET"]}}],"collection":[{"href":"https:\/\/miminhosritacatita.com\/es\/wp-json\/wp\/v2\/product"}],"about":[{"href":"https:\/\/miminhosritacatita.com\/es\/wp-json\/wp\/v2\/types\/product"}],"wp:featuredmedia":[{"embeddable":true,"href":"https:\/\/miminhosritacatita.com\/es\/wp-json\/wp\/v2\/media\/28862"}],"wp:attachment":[{"href":"https:\/\/miminhosritacatita.com\/es\/wp-json\/wp\/v2\/media?parent=19000"}],"wp:term":[{"taxonomy":"product_brand","embeddable":true,"href":"https:\/\/miminhosritacatita.com\/es\/wp-json\/wp\/v2\/product_brand?post=19000"},{"taxonomy":"product_cat","embeddable":true,"href":"https:\/\/miminhosritacatita.com\/es\/wp-json\/wp\/v2\/product_cat?post=19000"},{"taxonomy":"product_tag","embeddable":true,"href":"https:\/\/miminhosritacatita.com\/es\/wp-json\/wp\/v2\/product_tag?post=19000"}],"curies":[{"name":"wp","href":"https:\/\/api.w.org\/{rel}","templated":true}]}}