{"id":18995,"date":"2021-04-12T15:41:25","date_gmt":"2021-04-12T15:41:25","guid":{"rendered":"https:\/\/miminhosritacatita.com\/?post_type=product&#038;p=18995"},"modified":"2025-09-23T14:32:47","modified_gmt":"2025-09-23T14:32:47","slug":"prenda-bebida-original-mama","status":"publish","type":"product","link":"https:\/\/miminhosritacatita.com\/es\/presentes-personalizados\/prendas-dia-da-mae\/prenda-bebida-original-mama\/","title":{"rendered":"Prenda Bebida Original Mam\u00e3"},"content":{"rendered":"<h2>Prenda Bebida Original Mam\u00e3<\/h2>\n<p>Prenda Bebida Original Mam\u00e3<\/p>\n<p>Dicen que el secreto est\u00e1 en los detalles... \u00a1Y nosotros lo creemos! En nuestra tienda, los regalos para el D\u00eda de la Madre son algunos de nuestros detalles favoritos.<\/p>\n<p>As\u00ed que, para el D\u00eda de la Madre... \u00bfqu\u00e9 regalo elegir\u00e1s? Piensa! porque aqu\u00ed es donde brillar\u00e1 el estilo personal!<\/p>\n<h4>O Prenda Bebida Original Mam\u00e3 \u00e9 Top!<\/h4>\n<p>Por eso, hechos con amor, nuestros productos est\u00e1n hechos para cada cliente, una idea que nace de los detalles de su historia. As\u00ed que vamos a contarlo como es, con sus propias palabras.<\/p>\n<p>No entanto, temos, na nossa loja, a prenda original mam\u00e3, para v\u00e1rios pre\u00e7os e gostos, mantendo sempre a promessa de qualidade.<\/p>\n<p>El m\u00e9rito del regalo es suyo, pero la misi\u00f3n es nuestra. Por eso creamos productos al gusto de cada cliente, ofreciendo siempre calidad, perfecci\u00f3n y buen gusto.<\/p>\n<p>As\u00ed que encuentre aqu\u00ed y ahora la respuesta a todos los detalles que har\u00e1n que este d\u00eda sea \u00fanico.<\/p>\n<ul>\n<li>Entre ellos, los marcos de fotos con tu foto y un mensaje especial \/ el Martillo con mensaje \/ o las Zapatillas de dormitorio \/ o el Regalo original para mam\u00e1 \/ o el marco hucha para los sue\u00f1os de mam\u00e1.<\/li>\n<\/ul>\n<p>As\u00ed que encuentra la respuesta a todos los detalles que har\u00e1n que tu fiesta sea \u00fanica en la Tienda Online.<\/p>\n<p>Adem\u00e1s, para este d\u00eda tan especial tambi\u00e9n tenemos regalos m\u00e1s diferentes y originales para regalar a la Mejor Mam\u00e1, una Caja de Bombones a su gusto \/ o una caja con bombones y una bebida \/ o Bombones con mensaje.<\/p>\n<p>Encuentra aqu\u00ed el regalo ideal para la mejor madre del mundo, haz tu pedido ahora.<\/p>\n<p>Ver tambi\u00e9n <a href=\"https:\/\/miminhosritacatita.com\/es\/product\/agenda-da-noiva\/\">Agenda de la Novia<\/a><\/p>\n<p><strong>S\u00edguenos en<a href=\"https:\/\/www.instagram.com\/miminhos.rita.catita\/\" target=\"_blank\" rel=\"noopener\"> Instagram<\/a><\/strong><\/p>\n<p>&nbsp;<\/p>","protected":false},"excerpt":{"rendered":"<p>Prenda Bebida Original Mam\u00e3 (copo com grava\u00e7\u00e3o, abre c\u00e1psulas com grava\u00e7\u00e3o e Cerveja)<\/p>\n<p>Para altera\u00e7\u00f5es, indique nas notas depois de finalizar a sua encomenda.<\/p>\n<p>O Dia da M\u00e3e est\u00e1 a chegar, \u00e9 no primeiro Domingo de Maio<\/p>","protected":false},"featured_media":28872,"template":"","meta":[],"product_brand":[],"product_cat":[1076],"product_tag":[1111,1064,1117],"class_list":{"0":"post-18995","1":"product","2":"type-product","3":"status-publish","4":"has-post-thumbnail","6":"product_cat-prendas-dia-da-mae","7":"product_tag-nao-feed","8":"product_tag-naofeed","9":"product_tag-naofeedgoogle","11":"first","12":"instock","13":"taxable","14":"shipping-taxable","15":"purchasable","16":"product-type-simple"},"_links":{"self":[{"href":"https:\/\/miminhosritacatita.com\/es\/wp-json\/wp\/v2\/product\/18995","targetHints":{"allow":["GET"]}}],"collection":[{"href":"https:\/\/miminhosritacatita.com\/es\/wp-json\/wp\/v2\/product"}],"about":[{"href":"https:\/\/miminhosritacatita.com\/es\/wp-json\/wp\/v2\/types\/product"}],"wp:featuredmedia":[{"embeddable":true,"href":"https:\/\/miminhosritacatita.com\/es\/wp-json\/wp\/v2\/media\/28872"}],"wp:attachment":[{"href":"https:\/\/miminhosritacatita.com\/es\/wp-json\/wp\/v2\/media?parent=18995"}],"wp:term":[{"taxonomy":"product_brand","embeddable":true,"href":"https:\/\/miminhosritacatita.com\/es\/wp-json\/wp\/v2\/product_brand?post=18995"},{"taxonomy":"product_cat","embeddable":true,"href":"https:\/\/miminhosritacatita.com\/es\/wp-json\/wp\/v2\/product_cat?post=18995"},{"taxonomy":"product_tag","embeddable":true,"href":"https:\/\/miminhosritacatita.com\/es\/wp-json\/wp\/v2\/product_tag?post=18995"}],"curies":[{"name":"wp","href":"https:\/\/api.w.org\/{rel}","templated":true}]}}